{"id":9276,"date":"2025-06-04T13:08:04","date_gmt":"2025-06-04T16:08:04","guid":{"rendered":"https:\/\/www.sosunc.org.ar\/web\/?page_id=9276"},"modified":"2025-06-04T14:13:22","modified_gmt":"2025-06-04T17:13:22","slug":"protesis-y-materiales-ortopedicos","status":"publish","type":"page","link":"https:\/\/www.sosunc.org.ar\/web\/?page_id=9276","title":{"rendered":"Pr\u00f3tesis y materiales ortop\u00e9dicos"},"content":{"rendered":"\n<p class=\"has-white-color has-text-color has-link-color wp-elements-7e4ac651328708ea719ac0894fa30934\">.<\/p>\n\n\n\n<h2 class=\"wp-block-heading has-text-color has-link-color wp-elements-d344cda819a5d4d6a71cfd4df55b3b6e\" style=\"color:#01114c\"><strong>Pr\u00f3tesis y material ortop\u00e9dico<\/strong><\/h2>\n\n\n\n<p class=\"has-white-color has-text-color has-link-color wp-elements-7e4ac651328708ea719ac0894fa30934\">.<\/p>\n\n\n\n<p>Estimado afiliado\/a:<\/p>\n\n\n\n<p>Para solicitar la cobertura de pr\u00f3tesis y materiales ortop\u00e9dicos, tiene que presentar la siguiente documentaci\u00f3n:<\/p>\n\n\n\n<ul class=\"wp-block-list\">\n<li>Pedido de Internaci\u00f3n<\/li>\n<\/ul>\n\n\n\n<p><\/p>\n\n\n\n<ul class=\"wp-block-list\">\n<li>Pedido de Cirug\u00eda (con los c\u00f3digos)<\/li>\n<\/ul>\n\n\n\n<p><\/p>\n\n\n\n<ul class=\"wp-block-list\">\n<li>Pedido de Materiales<\/li>\n<\/ul>\n\n\n\n<p><\/p>\n\n\n\n<ul class=\"wp-block-list\">\n<li>Resumen de Historia Cl\u00ednica<\/li>\n<\/ul>\n\n\n\n<p><\/p>\n\n\n\n<ul class=\"wp-block-list\">\n<li>Estudios Previos<\/li>\n<\/ul>\n\n\n\n<p>La solicitud se presenta en su delegaci\u00f3n de SOSUNC m\u00e1s cercana. Compartimos los contactos para cada localidad: <a href=\"https:\/\/www.sosunc.org.ar\/web\/?page_id=627\" target=\"_blank\" rel=\"noreferrer noopener\">VER CONTACTOS<\/a><\/p>\n\n\n\n<p class=\"has-white-color has-text-color has-link-color wp-elements-7e4ac651328708ea719ac0894fa30934\">.<\/p>\n\n\n\n<h4 class=\"wp-block-heading has-text-color has-link-color wp-elements-e17ead65e6f3b56aceb1ba1c7d41fc26\" style=\"color:#01114c\">IMPORTANTE:<\/h4>\n\n\n\n<ul class=\"wp-block-list\">\n<li>Si un afiliado\/a decide la compra de la pr\u00f3tesis a trav\u00e9s de un proveedor distinto al autorizado o por un material m\u00e1s costoso no autorizado, nuestra obra social otorga la cobertura al valor SOSUNC. En ese caso, se informa al afiliado\/a la diferencia para abonar o puede elegir una cobertura a valor SOSUNC por reintegro.<\/li>\n<\/ul>\n\n\n\n<p><\/p>\n\n\n\n<ul class=\"wp-block-list\">\n<li>La cobertura estipulada por la legislaci\u00f3n nacional vigente no incluye materiales descartables o accesorios no m\u00e9dicos.<\/li>\n<\/ul>\n\n\n\n<p><\/p>\n\n\n\n<ul class=\"wp-block-list\">\n<li>&nbsp;Siempre se cubre el material de fabricaci\u00f3n nacional.<\/li>\n<\/ul>\n\n\n\n<p><\/p>\n\n\n\n<ul class=\"wp-block-list\">\n<li>En resguardo de la obra social de todos los trabajadores de la UNCo, SOSUNC no realiza excepciones de cobertura por valores que no est\u00e9n fundamentados con criterio m\u00e9dico.&nbsp;<\/li>\n<\/ul>\n","protected":false},"excerpt":{"rendered":"<p>. Pr\u00f3tesis y material ortop\u00e9dico . Estimado afiliado\/a: Para solicitar la cobertura de pr\u00f3tesis y materiales ortop\u00e9dicos, tiene que presentar la siguiente documentaci\u00f3n: La solicitud se presenta en su delegaci\u00f3n de SOSUNC m\u00e1s cercana. Compartimos los contactos para cada localidad: VER CONTACTOS . IMPORTANTE:<\/p>\n","protected":false},"author":3,"featured_media":9280,"parent":0,"menu_order":0,"comment_status":"closed","ping_status":"closed","template":"","meta":{"_coblocks_attr":"","_coblocks_dimensions":"","_coblocks_responsive_height":"","_coblocks_accordion_ie_support":"","footnotes":""},"class_list":["post-9276","page","type-page","status-publish","has-post-thumbnail","hentry"],"yoast_head":"<!-- This site is optimized with the Yoast SEO plugin v26.5 - https:\/\/yoast.com\/wordpress\/plugins\/seo\/ -->\n<title>Pr\u00f3tesis y materiales ortop\u00e9dicos - SOSUNC<\/title>\n<meta name=\"robots\" content=\"index, follow, max-snippet:-1, max-image-preview:large, max-video-preview:-1\" \/>\n<link rel=\"canonical\" href=\"https:\/\/www.sosunc.org.ar\/web\/?page_id=9276\" \/>\n<meta property=\"og:locale\" content=\"es_ES\" \/>\n<meta property=\"og:type\" content=\"article\" \/>\n<meta property=\"og:title\" content=\"Pr\u00f3tesis y materiales ortop\u00e9dicos - SOSUNC\" \/>\n<meta property=\"og:description\" content=\". Pr\u00f3tesis y material ortop\u00e9dico . Estimado afiliado\/a: Para solicitar la cobertura de pr\u00f3tesis y materiales ortop\u00e9dicos, tiene que presentar la siguiente documentaci\u00f3n: La solicitud se presenta en su delegaci\u00f3n de SOSUNC m\u00e1s cercana. Compartimos los contactos para cada localidad: VER CONTACTOS . IMPORTANTE:\" \/>\n<meta property=\"og:url\" content=\"https:\/\/www.sosunc.org.ar\/web\/?page_id=9276\" \/>\n<meta property=\"og:site_name\" content=\"SOSUNC\" \/>\n<meta property=\"article:publisher\" content=\"https:\/\/www.facebook.com\/sosunc.unco\" \/>\n<meta property=\"article:modified_time\" content=\"2025-06-04T17:13:22+00:00\" \/>\n<meta property=\"og:image\" content=\"http:\/\/192.9.200.18\/wordpress\/wp-content\/uploads\/2025\/06\/AFIL-protesis-banner.png\" \/>\n\t<meta property=\"og:image:width\" content=\"2508\" \/>\n\t<meta property=\"og:image:height\" content=\"757\" \/>\n\t<meta property=\"og:image:type\" content=\"image\/png\" \/>\n<meta name=\"twitter:card\" content=\"summary_large_image\" \/>\n<meta name=\"twitter:label1\" content=\"Tiempo de lectura\" \/>\n\t<meta name=\"twitter:data1\" content=\"1 minuto\" \/>\n<script type=\"application\/ld+json\" class=\"yoast-schema-graph\">{\"@context\":\"https:\/\/schema.org\",\"@graph\":[{\"@type\":\"WebPage\",\"@id\":\"https:\/\/www.sosunc.org.ar\/web\/?page_id=9276\",\"url\":\"https:\/\/www.sosunc.org.ar\/web\/?page_id=9276\",\"name\":\"Pr\u00f3tesis y materiales ortop\u00e9dicos - SOSUNC\",\"isPartOf\":{\"@id\":\"https:\/\/www.sosunc.org.ar\/web\/#website\"},\"primaryImageOfPage\":{\"@id\":\"https:\/\/www.sosunc.org.ar\/web\/?page_id=9276#primaryimage\"},\"image\":{\"@id\":\"https:\/\/www.sosunc.org.ar\/web\/?page_id=9276#primaryimage\"},\"thumbnailUrl\":\"https:\/\/192.9.200.18\/wordpress\/wp-content\/uploads\/2025\/06\/AFIL-protesis-banner.png\",\"datePublished\":\"2025-06-04T16:08:04+00:00\",\"dateModified\":\"2025-06-04T17:13:22+00:00\",\"breadcrumb\":{\"@id\":\"https:\/\/www.sosunc.org.ar\/web\/?page_id=9276#breadcrumb\"},\"inLanguage\":\"es-AR\",\"potentialAction\":[{\"@type\":\"ReadAction\",\"target\":[\"https:\/\/www.sosunc.org.ar\/web\/?page_id=9276\"]}]},{\"@type\":\"ImageObject\",\"inLanguage\":\"es-AR\",\"@id\":\"https:\/\/www.sosunc.org.ar\/web\/?page_id=9276#primaryimage\",\"url\":\"https:\/\/192.9.200.18\/wordpress\/wp-content\/uploads\/2025\/06\/AFIL-protesis-banner.png\",\"contentUrl\":\"https:\/\/192.9.200.18\/wordpress\/wp-content\/uploads\/2025\/06\/AFIL-protesis-banner.png\",\"width\":2508,\"height\":757},{\"@type\":\"BreadcrumbList\",\"@id\":\"https:\/\/www.sosunc.org.ar\/web\/?page_id=9276#breadcrumb\",\"itemListElement\":[{\"@type\":\"ListItem\",\"position\":1,\"name\":\"Inicio\",\"item\":\"https:\/\/www.sosunc.org.ar\/web\/\"},{\"@type\":\"ListItem\",\"position\":2,\"name\":\"Pr\u00f3tesis y materiales ortop\u00e9dicos\"}]},{\"@type\":\"WebSite\",\"@id\":\"https:\/\/www.sosunc.org.ar\/web\/#website\",\"url\":\"https:\/\/www.sosunc.org.ar\/web\/\",\"name\":\"SOSUNC\",\"description\":\"Servicio de Obra Social de la Universidad Nacional del Comahue\",\"publisher\":{\"@id\":\"https:\/\/www.sosunc.org.ar\/web\/#organization\"},\"potentialAction\":[{\"@type\":\"SearchAction\",\"target\":{\"@type\":\"EntryPoint\",\"urlTemplate\":\"https:\/\/www.sosunc.org.ar\/web\/?s={search_term_string}\"},\"query-input\":{\"@type\":\"PropertyValueSpecification\",\"valueRequired\":true,\"valueName\":\"search_term_string\"}}],\"inLanguage\":\"es-AR\"},{\"@type\":\"Organization\",\"@id\":\"https:\/\/www.sosunc.org.ar\/web\/#organization\",\"name\":\"Servicio de Obra Social Universidad Nacional del Comahue\",\"url\":\"https:\/\/www.sosunc.org.ar\/web\/\",\"logo\":{\"@type\":\"ImageObject\",\"inLanguage\":\"es-AR\",\"@id\":\"https:\/\/www.sosunc.org.ar\/web\/#\/schema\/logo\/image\/\",\"url\":\"https:\/\/192.9.200.18\/wordpress\/wp-content\/uploads\/2022\/06\/logososunc.png\",\"contentUrl\":\"https:\/\/192.9.200.18\/wordpress\/wp-content\/uploads\/2022\/06\/logososunc.png\",\"width\":333,\"height\":333,\"caption\":\"Servicio de Obra Social Universidad Nacional del Comahue\"},\"image\":{\"@id\":\"https:\/\/www.sosunc.org.ar\/web\/#\/schema\/logo\/image\/\"},\"sameAs\":[\"https:\/\/www.facebook.com\/sosunc.unco\"]}]}<\/script>\n<!-- \/ Yoast SEO plugin. -->","yoast_head_json":{"title":"Pr\u00f3tesis y materiales ortop\u00e9dicos - SOSUNC","robots":{"index":"index","follow":"follow","max-snippet":"max-snippet:-1","max-image-preview":"max-image-preview:large","max-video-preview":"max-video-preview:-1"},"canonical":"https:\/\/www.sosunc.org.ar\/web\/?page_id=9276","og_locale":"es_ES","og_type":"article","og_title":"Pr\u00f3tesis y materiales ortop\u00e9dicos - SOSUNC","og_description":". Pr\u00f3tesis y material ortop\u00e9dico . Estimado afiliado\/a: Para solicitar la cobertura de pr\u00f3tesis y materiales ortop\u00e9dicos, tiene que presentar la siguiente documentaci\u00f3n: La solicitud se presenta en su delegaci\u00f3n de SOSUNC m\u00e1s cercana. Compartimos los contactos para cada localidad: VER CONTACTOS . IMPORTANTE:","og_url":"https:\/\/www.sosunc.org.ar\/web\/?page_id=9276","og_site_name":"SOSUNC","article_publisher":"https:\/\/www.facebook.com\/sosunc.unco","article_modified_time":"2025-06-04T17:13:22+00:00","og_image":[{"width":2508,"height":757,"url":"http:\/\/192.9.200.18\/wordpress\/wp-content\/uploads\/2025\/06\/AFIL-protesis-banner.png","type":"image\/png"}],"twitter_card":"summary_large_image","twitter_misc":{"Tiempo de lectura":"1 minuto"},"schema":{"@context":"https:\/\/schema.org","@graph":[{"@type":"WebPage","@id":"https:\/\/www.sosunc.org.ar\/web\/?page_id=9276","url":"https:\/\/www.sosunc.org.ar\/web\/?page_id=9276","name":"Pr\u00f3tesis y materiales ortop\u00e9dicos - SOSUNC","isPartOf":{"@id":"https:\/\/www.sosunc.org.ar\/web\/#website"},"primaryImageOfPage":{"@id":"https:\/\/www.sosunc.org.ar\/web\/?page_id=9276#primaryimage"},"image":{"@id":"https:\/\/www.sosunc.org.ar\/web\/?page_id=9276#primaryimage"},"thumbnailUrl":"https:\/\/192.9.200.18\/wordpress\/wp-content\/uploads\/2025\/06\/AFIL-protesis-banner.png","datePublished":"2025-06-04T16:08:04+00:00","dateModified":"2025-06-04T17:13:22+00:00","breadcrumb":{"@id":"https:\/\/www.sosunc.org.ar\/web\/?page_id=9276#breadcrumb"},"inLanguage":"es-AR","potentialAction":[{"@type":"ReadAction","target":["https:\/\/www.sosunc.org.ar\/web\/?page_id=9276"]}]},{"@type":"ImageObject","inLanguage":"es-AR","@id":"https:\/\/www.sosunc.org.ar\/web\/?page_id=9276#primaryimage","url":"https:\/\/192.9.200.18\/wordpress\/wp-content\/uploads\/2025\/06\/AFIL-protesis-banner.png","contentUrl":"https:\/\/192.9.200.18\/wordpress\/wp-content\/uploads\/2025\/06\/AFIL-protesis-banner.png","width":2508,"height":757},{"@type":"BreadcrumbList","@id":"https:\/\/www.sosunc.org.ar\/web\/?page_id=9276#breadcrumb","itemListElement":[{"@type":"ListItem","position":1,"name":"Inicio","item":"https:\/\/www.sosunc.org.ar\/web\/"},{"@type":"ListItem","position":2,"name":"Pr\u00f3tesis y materiales ortop\u00e9dicos"}]},{"@type":"WebSite","@id":"https:\/\/www.sosunc.org.ar\/web\/#website","url":"https:\/\/www.sosunc.org.ar\/web\/","name":"SOSUNC","description":"Servicio de Obra Social de la Universidad Nacional del Comahue","publisher":{"@id":"https:\/\/www.sosunc.org.ar\/web\/#organization"},"potentialAction":[{"@type":"SearchAction","target":{"@type":"EntryPoint","urlTemplate":"https:\/\/www.sosunc.org.ar\/web\/?s={search_term_string}"},"query-input":{"@type":"PropertyValueSpecification","valueRequired":true,"valueName":"search_term_string"}}],"inLanguage":"es-AR"},{"@type":"Organization","@id":"https:\/\/www.sosunc.org.ar\/web\/#organization","name":"Servicio de Obra Social Universidad Nacional del Comahue","url":"https:\/\/www.sosunc.org.ar\/web\/","logo":{"@type":"ImageObject","inLanguage":"es-AR","@id":"https:\/\/www.sosunc.org.ar\/web\/#\/schema\/logo\/image\/","url":"https:\/\/192.9.200.18\/wordpress\/wp-content\/uploads\/2022\/06\/logososunc.png","contentUrl":"https:\/\/192.9.200.18\/wordpress\/wp-content\/uploads\/2022\/06\/logososunc.png","width":333,"height":333,"caption":"Servicio de Obra Social Universidad Nacional del Comahue"},"image":{"@id":"https:\/\/www.sosunc.org.ar\/web\/#\/schema\/logo\/image\/"},"sameAs":["https:\/\/www.facebook.com\/sosunc.unco"]}]}},"_links":{"self":[{"href":"https:\/\/www.sosunc.org.ar\/web\/index.php?rest_route=\/wp\/v2\/pages\/9276","targetHints":{"allow":["GET"]}}],"collection":[{"href":"https:\/\/www.sosunc.org.ar\/web\/index.php?rest_route=\/wp\/v2\/pages"}],"about":[{"href":"https:\/\/www.sosunc.org.ar\/web\/index.php?rest_route=\/wp\/v2\/types\/page"}],"author":[{"embeddable":true,"href":"https:\/\/www.sosunc.org.ar\/web\/index.php?rest_route=\/wp\/v2\/users\/3"}],"replies":[{"embeddable":true,"href":"https:\/\/www.sosunc.org.ar\/web\/index.php?rest_route=%2Fwp%2Fv2%2Fcomments&post=9276"}],"version-history":[{"count":5,"href":"https:\/\/www.sosunc.org.ar\/web\/index.php?rest_route=\/wp\/v2\/pages\/9276\/revisions"}],"predecessor-version":[{"id":9284,"href":"https:\/\/www.sosunc.org.ar\/web\/index.php?rest_route=\/wp\/v2\/pages\/9276\/revisions\/9284"}],"wp:featuredmedia":[{"embeddable":true,"href":"https:\/\/www.sosunc.org.ar\/web\/index.php?rest_route=\/wp\/v2\/media\/9280"}],"wp:attachment":[{"href":"https:\/\/www.sosunc.org.ar\/web\/index.php?rest_route=%2Fwp%2Fv2%2Fmedia&parent=9276"}],"curies":[{"name":"wp","href":"https:\/\/api.w.org\/{rel}","templated":true}]}}