{"id":901,"date":"2020-07-07T09:14:07","date_gmt":"2020-07-07T12:14:07","guid":{"rendered":"http:\/\/170.210.80.98:8385\/wordpress\/?page_id=901"},"modified":"2024-11-04T11:52:47","modified_gmt":"2024-11-04T14:52:47","slug":"montanas-y-lagos","status":"publish","type":"page","link":"https:\/\/www.sosunc.org.ar\/web\/?page_id=901","title":{"rendered":"Monta\u00f1as y lagos"},"content":{"rendered":"\n<h1 class=\"wp-block-heading\">Monta\u00f1as y lagos<\/h1>\n\n\n<style>.wp-show-posts-columns#wpsp-1357 {margin-left: -2em; }.wp-show-posts-columns#wpsp-1357 .wp-show-posts-inner {margin: 0 0 2em 2em; }<\/style><section id=\"wpsp-1357\" class=\" wp-show-posts-columns wp-show-posts\" style=\"\"><article class=\" wp-show-posts-single post-1609 post type-post status-publish format-standard has-post-thumbnail hentry category-montanas-y-lagos category-destinos-neuquen wpsp-col-6\" itemtype=\"http:\/\/schema.org\/CreativeWork\" itemscope><div class=\"wp-show-posts-inner\" style=\"\">\t\t<div class=\"wp-show-posts-image  wpsp-image-center \">\n\t\t\t<a href=\"https:\/\/www.sosunc.org.ar\/web\/?p=1609\"  title=\"Chos Malal, Neuqu\u00e9n. Hotel Boutique \u201cTerra Malal\u201d.\"><img loading=\"lazy\" decoding=\"async\" width=\"960\" height=\"636\" src=\"https:\/\/192.9.200.18\/wordpress\/wp-content\/uploads\/2021\/04\/Foto-Terra-Malal.jpg\" class=\"attachment-full size-full wp-post-image\" alt=\"\" itemprop=\"image\" \/><\/a>\t\t<\/div>\n\t\t\t\t\t\t\t\t<header class=\"wp-show-posts-entry-header\">\n\t\t\t\t\t\t\t<h2 class=\"wp-show-posts-entry-title\" itemprop=\"headline\"><a href=\"https:\/\/www.sosunc.org.ar\/web\/?p=1609\" rel=\"bookmark\">Chos Malal, Neuqu\u00e9n. Hotel Boutique \u201cTerra Malal\u201d.<\/a><\/h2><div class=\"wp-show-posts-entry-meta wp-show-posts-entry-meta-below-title post-meta-inline\"><span class=\"wp-show-posts-posted-on wp-show-posts-meta\">\n\t\t\t\t\t<a href=\"https:\/\/www.sosunc.org.ar\/web\/?p=1609\" title=\"11:59 am\" rel=\"bookmark\"><time class=\"wp-show-posts-entry-date published\" datetime=\"2021-04-16T11:59:23-03:00\" itemprop=\"datePublished\">16 abril, 2021<\/time><time class=\"wp-show-posts-updated\" datetime=\"2024-11-04T12:00:56-03:00\" itemprop=\"dateModified\">4 noviembre, 2024<\/time><\/a>\n\t\t\t\t<\/span><\/div>\t\t\t\t\t\t<\/header><!-- .entry-header -->\n\t\t\t\t\t<\/div><!-- wp-show-posts-inner --><\/article><article class=\" wp-show-posts-single post-1570 post type-post status-publish format-standard has-post-thumbnail hentry category-montanas-y-lagos wpsp-col-6\" itemtype=\"http:\/\/schema.org\/CreativeWork\" itemscope><div class=\"wp-show-posts-inner\" style=\"\">\t\t<div class=\"wp-show-posts-image  wpsp-image-center \">\n\t\t\t<a href=\"https:\/\/www.sosunc.org.ar\/web\/?p=1570\"  title=\"Huinganco, Neuqu\u00e9n. Caba\u00f1as La Lila\"><img loading=\"lazy\" decoding=\"async\" width=\"1030\" height=\"546\" src=\"https:\/\/192.9.200.18\/wordpress\/wp-content\/uploads\/2021\/03\/Huinganco-Cabanas-La-Lila.jpg\" class=\"attachment-full size-full wp-post-image\" alt=\"\" itemprop=\"image\" srcset=\"http:\/\/192.9.200.18\/wordpress\/wp-content\/uploads\/2021\/03\/Huinganco-Cabanas-La-Lila.jpg 1030w, http:\/\/192.9.200.18\/wordpress\/wp-content\/uploads\/2021\/03\/Huinganco-Cabanas-La-Lila-300x159.jpg 300w, http:\/\/192.9.200.18\/wordpress\/wp-content\/uploads\/2021\/03\/Huinganco-Cabanas-La-Lila-1024x543.jpg 1024w, http:\/\/192.9.200.18\/wordpress\/wp-content\/uploads\/2021\/03\/Huinganco-Cabanas-La-Lila-768x407.jpg 768w\" sizes=\"auto, (max-width: 1030px) 100vw, 1030px\" \/><\/a>\t\t<\/div>\n\t\t\t\t\t\t\t\t<header class=\"wp-show-posts-entry-header\">\n\t\t\t\t\t\t\t<h2 class=\"wp-show-posts-entry-title\" itemprop=\"headline\"><a href=\"https:\/\/www.sosunc.org.ar\/web\/?p=1570\" rel=\"bookmark\">Huinganco, Neuqu\u00e9n. Caba\u00f1as La Lila<\/a><\/h2><div class=\"wp-show-posts-entry-meta wp-show-posts-entry-meta-below-title post-meta-inline\"><span class=\"wp-show-posts-posted-on wp-show-posts-meta\">\n\t\t\t\t\t<a href=\"https:\/\/www.sosunc.org.ar\/web\/?p=1570\" title=\"9:15 am\" rel=\"bookmark\"><time class=\"wp-show-posts-entry-date published\" datetime=\"2021-03-25T09:15:45-03:00\" itemprop=\"datePublished\">25 marzo, 2021<\/time><time class=\"wp-show-posts-updated\" datetime=\"2024-11-04T11:11:27-03:00\" itemprop=\"dateModified\">4 noviembre, 2024<\/time><\/a>\n\t\t\t\t<\/span><\/div>\t\t\t\t\t\t<\/header><!-- .entry-header -->\n\t\t\t\t\t<\/div><!-- wp-show-posts-inner --><\/article><article class=\" wp-show-posts-single post-729 post type-post status-publish format-standard has-post-thumbnail hentry category-montanas-y-lagos wpsp-col-6\" itemtype=\"http:\/\/schema.org\/CreativeWork\" itemscope><div class=\"wp-show-posts-inner\" style=\"\">\t\t<div class=\"wp-show-posts-image  wpsp-image-center \">\n\t\t\t<a href=\"https:\/\/www.sosunc.org.ar\/web\/?p=729\"  title=\"Lago Puelo, Chubut. Caba\u00f1as Peuma hue\"><img loading=\"lazy\" decoding=\"async\" width=\"801\" height=\"521\" src=\"https:\/\/192.9.200.18\/wordpress\/wp-content\/uploads\/2020\/07\/Captura-de-pantalla-de-2019-10-28-13-03-14.png\" class=\"attachment-full size-full wp-post-image\" alt=\"\" itemprop=\"image\" \/><\/a>\t\t<\/div>\n\t\t\t\t\t\t\t\t<header class=\"wp-show-posts-entry-header\">\n\t\t\t\t\t\t\t<h2 class=\"wp-show-posts-entry-title\" itemprop=\"headline\"><a href=\"https:\/\/www.sosunc.org.ar\/web\/?p=729\" rel=\"bookmark\">Lago Puelo, Chubut. Caba\u00f1as Peuma hue<\/a><\/h2><div class=\"wp-show-posts-entry-meta wp-show-posts-entry-meta-below-title post-meta-inline\"><span class=\"wp-show-posts-posted-on wp-show-posts-meta\">\n\t\t\t\t\t<a href=\"https:\/\/www.sosunc.org.ar\/web\/?p=729\" title=\"5:59 pm\" rel=\"bookmark\"><time class=\"wp-show-posts-entry-date published\" datetime=\"2020-07-04T17:59:35-03:00\" itemprop=\"datePublished\">4 julio, 2020<\/time><time class=\"wp-show-posts-updated\" datetime=\"2025-11-04T07:57:00-03:00\" itemprop=\"dateModified\">4 noviembre, 2025<\/time><\/a>\n\t\t\t\t<\/span><\/div>\t\t\t\t\t\t<\/header><!-- .entry-header -->\n\t\t\t\t\t<\/div><!-- wp-show-posts-inner --><\/article><article class=\" wp-show-posts-single post-723 post type-post status-publish format-standard has-post-thumbnail hentry category-montanas-y-lagos category-destinos-rio-negra wpsp-col-6\" itemtype=\"http:\/\/schema.org\/CreativeWork\" itemscope><div class=\"wp-show-posts-inner\" style=\"\">\t\t<div class=\"wp-show-posts-image  wpsp-image-center \">\n\t\t\t<a href=\"https:\/\/www.sosunc.org.ar\/web\/?p=723\"  title=\"Bariloche, R\u00edo Negro. Los Casta\u00f1os Bungalows\"><img loading=\"lazy\" decoding=\"async\" width=\"824\" height=\"495\" src=\"https:\/\/192.9.200.18\/wordpress\/wp-content\/uploads\/2020\/07\/foto_50.jpg\" class=\"attachment-full size-full wp-post-image\" alt=\"\" itemprop=\"image\" \/><\/a>\t\t<\/div>\n\t\t\t\t\t\t\t\t<header class=\"wp-show-posts-entry-header\">\n\t\t\t\t\t\t\t<h2 class=\"wp-show-posts-entry-title\" itemprop=\"headline\"><a href=\"https:\/\/www.sosunc.org.ar\/web\/?p=723\" rel=\"bookmark\">Bariloche, R\u00edo Negro. Los Casta\u00f1os Bungalows<\/a><\/h2><div class=\"wp-show-posts-entry-meta wp-show-posts-entry-meta-below-title post-meta-inline\"><span class=\"wp-show-posts-posted-on wp-show-posts-meta\">\n\t\t\t\t\t<a href=\"https:\/\/www.sosunc.org.ar\/web\/?p=723\" title=\"5:45 pm\" rel=\"bookmark\"><time class=\"wp-show-posts-entry-date published\" datetime=\"2020-07-04T17:45:22-03:00\" itemprop=\"datePublished\">4 julio, 2020<\/time><time class=\"wp-show-posts-updated\" datetime=\"2024-11-04T11:19:52-03:00\" itemprop=\"dateModified\">4 noviembre, 2024<\/time><\/a>\n\t\t\t\t<\/span><\/div>\t\t\t\t\t\t<\/header><!-- .entry-header -->\n\t\t\t\t\t<\/div><!-- wp-show-posts-inner --><\/article><article class=\" wp-show-posts-single post-712 post type-post status-publish format-standard has-post-thumbnail hentry category-montanas-y-lagos category-destinos-neuquen wpsp-col-6\" itemtype=\"http:\/\/schema.org\/CreativeWork\" itemscope><div class=\"wp-show-posts-inner\" style=\"\">\t\t<div class=\"wp-show-posts-image  wpsp-image-center \">\n\t\t\t<a href=\"https:\/\/www.sosunc.org.ar\/web\/?p=712\"  title=\"San Mart\u00edn de los Andes, Neuqu\u00e9n.\"><img loading=\"lazy\" decoding=\"async\" width=\"1330\" height=\"960\" src=\"https:\/\/192.9.200.18\/wordpress\/wp-content\/uploads\/2020\/07\/23.jpg\" class=\"attachment-full size-full wp-post-image\" alt=\"\" itemprop=\"image\" \/><\/a>\t\t<\/div>\n\t\t\t\t\t\t\t\t<header class=\"wp-show-posts-entry-header\">\n\t\t\t\t\t\t\t<h2 class=\"wp-show-posts-entry-title\" itemprop=\"headline\"><a href=\"https:\/\/www.sosunc.org.ar\/web\/?p=712\" rel=\"bookmark\">San Mart\u00edn de los Andes, Neuqu\u00e9n.<\/a><\/h2><div class=\"wp-show-posts-entry-meta wp-show-posts-entry-meta-below-title post-meta-inline\"><span class=\"wp-show-posts-posted-on wp-show-posts-meta\">\n\t\t\t\t\t<a href=\"https:\/\/www.sosunc.org.ar\/web\/?p=712\" title=\"5:16 pm\" rel=\"bookmark\"><time class=\"wp-show-posts-entry-date published\" datetime=\"2020-07-04T17:16:38-03:00\" itemprop=\"datePublished\">4 julio, 2020<\/time><time class=\"wp-show-posts-updated\" datetime=\"2024-11-04T11:31:22-03:00\" itemprop=\"dateModified\">4 noviembre, 2024<\/time><\/a>\n\t\t\t\t<\/span><\/div>\t\t\t\t\t\t<\/header><!-- .entry-header -->\n\t\t\t\t\t<\/div><!-- wp-show-posts-inner --><\/article><article class=\" wp-show-posts-single post-703 post type-post status-publish format-standard has-post-thumbnail hentry category-montanas-y-lagos category-destinos-neuquen wpsp-col-6\" itemtype=\"http:\/\/schema.org\/CreativeWork\" itemscope><div class=\"wp-show-posts-inner\" style=\"\">\t\t<div class=\"wp-show-posts-image  wpsp-image-center \">\n\t\t\t<a href=\"https:\/\/www.sosunc.org.ar\/web\/?p=703\"  title=\"Villa la Angostura, Neuqu\u00e9n. Melewe, Caba\u00f1as y Apart hotel\"><img loading=\"lazy\" decoding=\"async\" width=\"1000\" height=\"640\" src=\"https:\/\/192.9.200.18\/wordpress\/wp-content\/uploads\/2020\/07\/Villa-La-Angostura-Melewe-Apart-1.jpg\" class=\"attachment-full size-full wp-post-image\" alt=\"\" itemprop=\"image\" srcset=\"http:\/\/192.9.200.18\/wordpress\/wp-content\/uploads\/2020\/07\/Villa-La-Angostura-Melewe-Apart-1.jpg 1000w, http:\/\/192.9.200.18\/wordpress\/wp-content\/uploads\/2020\/07\/Villa-La-Angostura-Melewe-Apart-1-300x192.jpg 300w, http:\/\/192.9.200.18\/wordpress\/wp-content\/uploads\/2020\/07\/Villa-La-Angostura-Melewe-Apart-1-768x492.jpg 768w\" sizes=\"auto, (max-width: 1000px) 100vw, 1000px\" \/><\/a>\t\t<\/div>\n\t\t\t\t\t\t\t\t<header class=\"wp-show-posts-entry-header\">\n\t\t\t\t\t\t\t<h2 class=\"wp-show-posts-entry-title\" itemprop=\"headline\"><a href=\"https:\/\/www.sosunc.org.ar\/web\/?p=703\" rel=\"bookmark\">Villa la Angostura, Neuqu\u00e9n. Melewe, Caba\u00f1as y Apart hotel<\/a><\/h2><div class=\"wp-show-posts-entry-meta wp-show-posts-entry-meta-below-title post-meta-inline\"><span class=\"wp-show-posts-posted-on wp-show-posts-meta\">\n\t\t\t\t\t<a href=\"https:\/\/www.sosunc.org.ar\/web\/?p=703\" title=\"4:32 pm\" rel=\"bookmark\"><time class=\"wp-show-posts-entry-date published\" datetime=\"2020-07-04T16:32:57-03:00\" itemprop=\"datePublished\">4 julio, 2020<\/time><time class=\"wp-show-posts-updated\" datetime=\"2024-11-04T12:05:44-03:00\" itemprop=\"dateModified\">4 noviembre, 2024<\/time><\/a>\n\t\t\t\t<\/span><\/div>\t\t\t\t\t\t<\/header><!-- .entry-header -->\n\t\t\t\t\t<\/div><!-- wp-show-posts-inner --><\/article><article class=\" wp-show-posts-single post-700 post type-post status-publish format-standard has-post-thumbnail hentry category-montanas-y-lagos category-destinos-neuquen wpsp-col-6\" itemtype=\"http:\/\/schema.org\/CreativeWork\" itemscope><div class=\"wp-show-posts-inner\" style=\"\">\t\t<div class=\"wp-show-posts-image  wpsp-image-center \">\n\t\t\t<a href=\"https:\/\/www.sosunc.org.ar\/web\/?p=700\"  title=\"Villa La Angostura,  Neuqu\u00e9n. Rosales Alojamiento\"><img loading=\"lazy\" decoding=\"async\" width=\"1040\" height=\"520\" src=\"https:\/\/192.9.200.18\/wordpress\/wp-content\/uploads\/2020\/07\/Rosales-Alojamiento-photos-Exterior-ROSALES-Alojamiento-1.jpeg\" class=\"attachment-full size-full wp-post-image\" alt=\"\" itemprop=\"image\" \/><\/a>\t\t<\/div>\n\t\t\t\t\t\t\t\t<header class=\"wp-show-posts-entry-header\">\n\t\t\t\t\t\t\t<h2 class=\"wp-show-posts-entry-title\" itemprop=\"headline\"><a href=\"https:\/\/www.sosunc.org.ar\/web\/?p=700\" rel=\"bookmark\">Villa La Angostura,  Neuqu\u00e9n. Rosales Alojamiento<\/a><\/h2><div class=\"wp-show-posts-entry-meta wp-show-posts-entry-meta-below-title post-meta-inline\"><span class=\"wp-show-posts-posted-on wp-show-posts-meta\">\n\t\t\t\t\t<a href=\"https:\/\/www.sosunc.org.ar\/web\/?p=700\" title=\"3:49 pm\" rel=\"bookmark\"><time class=\"wp-show-posts-entry-date published\" datetime=\"2020-07-04T15:49:00-03:00\" itemprop=\"datePublished\">4 julio, 2020<\/time><time class=\"wp-show-posts-updated\" datetime=\"2024-11-04T12:05:55-03:00\" itemprop=\"dateModified\">4 noviembre, 2024<\/time><\/a>\n\t\t\t\t<\/span><\/div>\t\t\t\t\t\t<\/header><!-- .entry-header -->\n\t\t\t\t\t<\/div><!-- wp-show-posts-inner --><\/article><article class=\" wp-show-posts-single post-676 post type-post status-publish format-standard has-post-thumbnail hentry category-montanas-y-lagos category-destinos-neuquen wpsp-col-6\" itemtype=\"http:\/\/schema.org\/CreativeWork\" itemscope><div class=\"wp-show-posts-inner\" style=\"\">\t\t<div class=\"wp-show-posts-image  wpsp-image-center \">\n\t\t\t<a href=\"https:\/\/www.sosunc.org.ar\/web\/?p=676\"  title=\"Villa Pehuenia, Neuqu\u00e9n. Caba\u00f1as Moquehue\"><img loading=\"lazy\" decoding=\"async\" width=\"1024\" height=\"768\" src=\"https:\/\/192.9.200.18\/wordpress\/wp-content\/uploads\/2020\/07\/157904913.jpg\" class=\"attachment-full size-full wp-post-image\" alt=\"\" itemprop=\"image\" \/><\/a>\t\t<\/div>\n\t\t\t\t\t\t\t\t<header class=\"wp-show-posts-entry-header\">\n\t\t\t\t\t\t\t<h2 class=\"wp-show-posts-entry-title\" itemprop=\"headline\"><a href=\"https:\/\/www.sosunc.org.ar\/web\/?p=676\" rel=\"bookmark\">Villa Pehuenia, Neuqu\u00e9n. Caba\u00f1as Moquehue<\/a><\/h2><div class=\"wp-show-posts-entry-meta wp-show-posts-entry-meta-below-title post-meta-inline\"><span class=\"wp-show-posts-posted-on wp-show-posts-meta\">\n\t\t\t\t\t<a href=\"https:\/\/www.sosunc.org.ar\/web\/?p=676\" title=\"3:37 pm\" rel=\"bookmark\"><time class=\"wp-show-posts-entry-date published\" datetime=\"2020-07-04T15:37:48-03:00\" itemprop=\"datePublished\">4 julio, 2020<\/time><time class=\"wp-show-posts-updated\" datetime=\"2024-11-04T12:06:08-03:00\" itemprop=\"dateModified\">4 noviembre, 2024<\/time><\/a>\n\t\t\t\t<\/span><\/div>\t\t\t\t\t\t<\/header><!-- .entry-header -->\n\t\t\t\t\t<\/div><!-- wp-show-posts-inner --><\/article><article class=\" wp-show-posts-single post-660 post type-post status-publish format-standard has-post-thumbnail hentry category-montanas-y-lagos category-destinos-neuquen wpsp-col-6\" itemtype=\"http:\/\/schema.org\/CreativeWork\" itemscope><div class=\"wp-show-posts-inner\" style=\"\">\t\t<div class=\"wp-show-posts-image  wpsp-image-center \">\n\t\t\t<a href=\"https:\/\/www.sosunc.org.ar\/web\/?p=660\"  title=\"Caviahue, Neuqu\u00e9n. Melewe Apart Hotel.\"><img loading=\"lazy\" decoding=\"async\" width=\"1330\" height=\"960\" src=\"https:\/\/192.9.200.18\/wordpress\/wp-content\/uploads\/2020\/07\/002_min.jpg\" class=\"attachment-full size-full wp-post-image\" alt=\"\" itemprop=\"image\" \/><\/a>\t\t<\/div>\n\t\t\t\t\t\t\t\t<header class=\"wp-show-posts-entry-header\">\n\t\t\t\t\t\t\t<h2 class=\"wp-show-posts-entry-title\" itemprop=\"headline\"><a href=\"https:\/\/www.sosunc.org.ar\/web\/?p=660\" rel=\"bookmark\">Caviahue, Neuqu\u00e9n. Melewe Apart Hotel.<\/a><\/h2><div class=\"wp-show-posts-entry-meta wp-show-posts-entry-meta-below-title post-meta-inline\"><span class=\"wp-show-posts-posted-on wp-show-posts-meta\">\n\t\t\t\t\t<a href=\"https:\/\/www.sosunc.org.ar\/web\/?p=660\" title=\"3:08 pm\" rel=\"bookmark\"><time class=\"wp-show-posts-entry-date published\" datetime=\"2020-07-04T15:08:03-03:00\" itemprop=\"datePublished\">4 julio, 2020<\/time><time class=\"wp-show-posts-updated\" datetime=\"2024-11-04T13:06:18-03:00\" itemprop=\"dateModified\">4 noviembre, 2024<\/time><\/a>\n\t\t\t\t<\/span><\/div>\t\t\t\t\t\t<\/header><!-- .entry-header -->\n\t\t\t\t\t<\/div><!-- wp-show-posts-inner --><\/article><article class=\" wp-show-posts-single post-594 post type-post status-publish format-standard has-post-thumbnail hentry category-montanas-y-lagos category-destinos-neuquen wpsp-col-6\" itemtype=\"http:\/\/schema.org\/CreativeWork\" itemscope><div class=\"wp-show-posts-inner\" style=\"\">\t\t<div class=\"wp-show-posts-image  wpsp-image-center \">\n\t\t\t<a href=\"https:\/\/www.sosunc.org.ar\/web\/?p=594\"  title=\"Copahue, Neuqu\u00e9n. Complejo  Do\u00f1a Mar\u00eda\"><img loading=\"lazy\" decoding=\"async\" width=\"1080\" height=\"864\" src=\"https:\/\/192.9.200.18\/wordpress\/wp-content\/uploads\/2020\/07\/Copahue-Dona-Maria-portada.jpg\" class=\"attachment-full size-full wp-post-image\" alt=\"\" itemprop=\"image\" srcset=\"http:\/\/192.9.200.18\/wordpress\/wp-content\/uploads\/2020\/07\/Copahue-Dona-Maria-portada.jpg 1080w, http:\/\/192.9.200.18\/wordpress\/wp-content\/uploads\/2020\/07\/Copahue-Dona-Maria-portada-300x240.jpg 300w, http:\/\/192.9.200.18\/wordpress\/wp-content\/uploads\/2020\/07\/Copahue-Dona-Maria-portada-1024x819.jpg 1024w, http:\/\/192.9.200.18\/wordpress\/wp-content\/uploads\/2020\/07\/Copahue-Dona-Maria-portada-768x614.jpg 768w\" sizes=\"auto, (max-width: 1080px) 100vw, 1080px\" \/><\/a>\t\t<\/div>\n\t\t\t\t\t\t\t\t<header class=\"wp-show-posts-entry-header\">\n\t\t\t\t\t\t\t<h2 class=\"wp-show-posts-entry-title\" itemprop=\"headline\"><a href=\"https:\/\/www.sosunc.org.ar\/web\/?p=594\" rel=\"bookmark\">Copahue, Neuqu\u00e9n. Complejo  Do\u00f1a Mar\u00eda<\/a><\/h2><div class=\"wp-show-posts-entry-meta wp-show-posts-entry-meta-below-title post-meta-inline\"><span class=\"wp-show-posts-posted-on wp-show-posts-meta\">\n\t\t\t\t\t<a href=\"https:\/\/www.sosunc.org.ar\/web\/?p=594\" title=\"2:28 pm\" rel=\"bookmark\"><time class=\"wp-show-posts-entry-date published\" datetime=\"2020-07-04T14:28:42-03:00\" itemprop=\"datePublished\">4 julio, 2020<\/time><time class=\"wp-show-posts-updated\" datetime=\"2024-11-04T13:15:42-03:00\" itemprop=\"dateModified\">4 noviembre, 2024<\/time><\/a>\n\t\t\t\t<\/span><\/div>\t\t\t\t\t\t<\/header><!-- .entry-header -->\n\t\t\t\t\t<\/div><!-- wp-show-posts-inner --><\/article><div class=\"wpsp-clear\"><\/div><\/section><!-- .wp-show-posts -->\n","protected":false},"excerpt":{"rendered":"<p>Monta\u00f1as y lagos<\/p>\n","protected":false},"author":1,"featured_media":0,"parent":0,"menu_order":0,"comment_status":"closed","ping_status":"closed","template":"","meta":{"_coblocks_attr":"","_coblocks_dimensions":"","_coblocks_responsive_height":"","_coblocks_accordion_ie_support":"","footnotes":""},"class_list":["post-901","page","type-page","status-publish","hentry"],"yoast_head":"<!-- This site is optimized with the Yoast SEO plugin v26.5 - https:\/\/yoast.com\/wordpress\/plugins\/seo\/ -->\n<title>Monta\u00f1as y lagos - SOSUNC<\/title>\n<meta name=\"robots\" content=\"index, follow, max-snippet:-1, max-image-preview:large, max-video-preview:-1\" \/>\n<link rel=\"canonical\" href=\"https:\/\/www.sosunc.org.ar\/web\/?page_id=901\" \/>\n<meta property=\"og:locale\" content=\"es_ES\" \/>\n<meta property=\"og:type\" content=\"article\" \/>\n<meta property=\"og:title\" content=\"Monta\u00f1as y lagos - SOSUNC\" \/>\n<meta property=\"og:description\" content=\"Monta\u00f1as y lagos\" \/>\n<meta property=\"og:url\" content=\"https:\/\/www.sosunc.org.ar\/web\/?page_id=901\" \/>\n<meta property=\"og:site_name\" content=\"SOSUNC\" \/>\n<meta property=\"article:publisher\" content=\"https:\/\/www.facebook.com\/sosunc.unco\" \/>\n<meta property=\"article:modified_time\" content=\"2024-11-04T14:52:47+00:00\" \/>\n<meta property=\"og:image\" content=\"https:\/\/192.9.200.18\/wordpress\/wp-content\/uploads\/2022\/06\/logososunc.png\" \/>\n\t<meta property=\"og:image:width\" content=\"333\" \/>\n\t<meta property=\"og:image:height\" content=\"333\" \/>\n\t<meta property=\"og:image:type\" content=\"image\/png\" \/>\n<meta name=\"twitter:card\" content=\"summary_large_image\" \/>\n<script type=\"application\/ld+json\" class=\"yoast-schema-graph\">{\"@context\":\"https:\/\/schema.org\",\"@graph\":[{\"@type\":\"WebPage\",\"@id\":\"https:\/\/www.sosunc.org.ar\/web\/?page_id=901\",\"url\":\"https:\/\/www.sosunc.org.ar\/web\/?page_id=901\",\"name\":\"Monta\u00f1as y lagos - SOSUNC\",\"isPartOf\":{\"@id\":\"https:\/\/www.sosunc.org.ar\/web\/#website\"},\"datePublished\":\"2020-07-07T12:14:07+00:00\",\"dateModified\":\"2024-11-04T14:52:47+00:00\",\"breadcrumb\":{\"@id\":\"https:\/\/www.sosunc.org.ar\/web\/?page_id=901#breadcrumb\"},\"inLanguage\":\"es-AR\",\"potentialAction\":[{\"@type\":\"ReadAction\",\"target\":[\"https:\/\/www.sosunc.org.ar\/web\/?page_id=901\"]}]},{\"@type\":\"BreadcrumbList\",\"@id\":\"https:\/\/www.sosunc.org.ar\/web\/?page_id=901#breadcrumb\",\"itemListElement\":[{\"@type\":\"ListItem\",\"position\":1,\"name\":\"Inicio\",\"item\":\"https:\/\/www.sosunc.org.ar\/web\/\"},{\"@type\":\"ListItem\",\"position\":2,\"name\":\"Monta\u00f1as y lagos\"}]},{\"@type\":\"WebSite\",\"@id\":\"https:\/\/www.sosunc.org.ar\/web\/#website\",\"url\":\"https:\/\/www.sosunc.org.ar\/web\/\",\"name\":\"SOSUNC\",\"description\":\"Servicio de Obra Social de la Universidad Nacional del Comahue\",\"publisher\":{\"@id\":\"https:\/\/www.sosunc.org.ar\/web\/#organization\"},\"potentialAction\":[{\"@type\":\"SearchAction\",\"target\":{\"@type\":\"EntryPoint\",\"urlTemplate\":\"https:\/\/www.sosunc.org.ar\/web\/?s={search_term_string}\"},\"query-input\":{\"@type\":\"PropertyValueSpecification\",\"valueRequired\":true,\"valueName\":\"search_term_string\"}}],\"inLanguage\":\"es-AR\"},{\"@type\":\"Organization\",\"@id\":\"https:\/\/www.sosunc.org.ar\/web\/#organization\",\"name\":\"Servicio de Obra Social Universidad Nacional del Comahue\",\"url\":\"https:\/\/www.sosunc.org.ar\/web\/\",\"logo\":{\"@type\":\"ImageObject\",\"inLanguage\":\"es-AR\",\"@id\":\"https:\/\/www.sosunc.org.ar\/web\/#\/schema\/logo\/image\/\",\"url\":\"https:\/\/192.9.200.18\/wordpress\/wp-content\/uploads\/2022\/06\/logososunc.png\",\"contentUrl\":\"https:\/\/192.9.200.18\/wordpress\/wp-content\/uploads\/2022\/06\/logososunc.png\",\"width\":333,\"height\":333,\"caption\":\"Servicio de Obra Social Universidad Nacional del Comahue\"},\"image\":{\"@id\":\"https:\/\/www.sosunc.org.ar\/web\/#\/schema\/logo\/image\/\"},\"sameAs\":[\"https:\/\/www.facebook.com\/sosunc.unco\"]}]}<\/script>\n<!-- \/ Yoast SEO plugin. -->","yoast_head_json":{"title":"Monta\u00f1as y lagos - SOSUNC","robots":{"index":"index","follow":"follow","max-snippet":"max-snippet:-1","max-image-preview":"max-image-preview:large","max-video-preview":"max-video-preview:-1"},"canonical":"https:\/\/www.sosunc.org.ar\/web\/?page_id=901","og_locale":"es_ES","og_type":"article","og_title":"Monta\u00f1as y lagos - SOSUNC","og_description":"Monta\u00f1as y lagos","og_url":"https:\/\/www.sosunc.org.ar\/web\/?page_id=901","og_site_name":"SOSUNC","article_publisher":"https:\/\/www.facebook.com\/sosunc.unco","article_modified_time":"2024-11-04T14:52:47+00:00","og_image":[{"width":333,"height":333,"url":"https:\/\/192.9.200.18\/wordpress\/wp-content\/uploads\/2022\/06\/logososunc.png","type":"image\/png"}],"twitter_card":"summary_large_image","schema":{"@context":"https:\/\/schema.org","@graph":[{"@type":"WebPage","@id":"https:\/\/www.sosunc.org.ar\/web\/?page_id=901","url":"https:\/\/www.sosunc.org.ar\/web\/?page_id=901","name":"Monta\u00f1as y lagos - SOSUNC","isPartOf":{"@id":"https:\/\/www.sosunc.org.ar\/web\/#website"},"datePublished":"2020-07-07T12:14:07+00:00","dateModified":"2024-11-04T14:52:47+00:00","breadcrumb":{"@id":"https:\/\/www.sosunc.org.ar\/web\/?page_id=901#breadcrumb"},"inLanguage":"es-AR","potentialAction":[{"@type":"ReadAction","target":["https:\/\/www.sosunc.org.ar\/web\/?page_id=901"]}]},{"@type":"BreadcrumbList","@id":"https:\/\/www.sosunc.org.ar\/web\/?page_id=901#breadcrumb","itemListElement":[{"@type":"ListItem","position":1,"name":"Inicio","item":"https:\/\/www.sosunc.org.ar\/web\/"},{"@type":"ListItem","position":2,"name":"Monta\u00f1as y lagos"}]},{"@type":"WebSite","@id":"https:\/\/www.sosunc.org.ar\/web\/#website","url":"https:\/\/www.sosunc.org.ar\/web\/","name":"SOSUNC","description":"Servicio de Obra Social de la Universidad Nacional del Comahue","publisher":{"@id":"https:\/\/www.sosunc.org.ar\/web\/#organization"},"potentialAction":[{"@type":"SearchAction","target":{"@type":"EntryPoint","urlTemplate":"https:\/\/www.sosunc.org.ar\/web\/?s={search_term_string}"},"query-input":{"@type":"PropertyValueSpecification","valueRequired":true,"valueName":"search_term_string"}}],"inLanguage":"es-AR"},{"@type":"Organization","@id":"https:\/\/www.sosunc.org.ar\/web\/#organization","name":"Servicio de Obra Social Universidad Nacional del Comahue","url":"https:\/\/www.sosunc.org.ar\/web\/","logo":{"@type":"ImageObject","inLanguage":"es-AR","@id":"https:\/\/www.sosunc.org.ar\/web\/#\/schema\/logo\/image\/","url":"https:\/\/192.9.200.18\/wordpress\/wp-content\/uploads\/2022\/06\/logososunc.png","contentUrl":"https:\/\/192.9.200.18\/wordpress\/wp-content\/uploads\/2022\/06\/logososunc.png","width":333,"height":333,"caption":"Servicio de Obra Social Universidad Nacional del Comahue"},"image":{"@id":"https:\/\/www.sosunc.org.ar\/web\/#\/schema\/logo\/image\/"},"sameAs":["https:\/\/www.facebook.com\/sosunc.unco"]}]}},"_links":{"self":[{"href":"https:\/\/www.sosunc.org.ar\/web\/index.php?rest_route=\/wp\/v2\/pages\/901","targetHints":{"allow":["GET"]}}],"collection":[{"href":"https:\/\/www.sosunc.org.ar\/web\/index.php?rest_route=\/wp\/v2\/pages"}],"about":[{"href":"https:\/\/www.sosunc.org.ar\/web\/index.php?rest_route=\/wp\/v2\/types\/page"}],"author":[{"embeddable":true,"href":"https:\/\/www.sosunc.org.ar\/web\/index.php?rest_route=\/wp\/v2\/users\/1"}],"replies":[{"embeddable":true,"href":"https:\/\/www.sosunc.org.ar\/web\/index.php?rest_route=%2Fwp%2Fv2%2Fcomments&post=901"}],"version-history":[{"count":3,"href":"https:\/\/www.sosunc.org.ar\/web\/index.php?rest_route=\/wp\/v2\/pages\/901\/revisions"}],"predecessor-version":[{"id":1358,"href":"https:\/\/www.sosunc.org.ar\/web\/index.php?rest_route=\/wp\/v2\/pages\/901\/revisions\/1358"}],"wp:attachment":[{"href":"https:\/\/www.sosunc.org.ar\/web\/index.php?rest_route=%2Fwp%2Fv2%2Fmedia&parent=901"}],"curies":[{"name":"wp","href":"https:\/\/api.w.org\/{rel}","templated":true}]}}