{"id":786,"date":"2020-07-05T12:22:50","date_gmt":"2020-07-05T15:22:50","guid":{"rendered":"http:\/\/170.210.80.98:8385\/wordpress\/?page_id=786"},"modified":"2025-05-08T18:31:23","modified_gmt":"2025-05-08T21:31:23","slug":"prestadores-profesionales-2","status":"publish","type":"page","link":"https:\/\/www.sosunc.org.ar\/web\/?page_id=786","title":{"rendered":"Prestadores Profesionales"},"content":{"rendered":"\n<h1 class=\"has-text-color wp-block-heading\" style=\"color:#01114c\">Prestadores Profesionales<\/h1>\n\n\n\n<blockquote class=\"wp-block-quote has-text-align-right has-white-background-color has-text-color has-background is-layout-flow wp-block-quote-is-layout-flow\" style=\"color:#01114c\"><p> \u201c<em>La salud es un estado de completo bienestar f\u00edsico, mental y social, y no solamente la ausencia de afecciones o enfermedades<\/em>\u201d <\/p><cite>  <strong>Constituci\u00f3n de la OMS<\/strong><\/cite><\/blockquote>\n\n\n\n<p>Les damos la bienvenida a la p\u00e1gina web de SOSUNC destinada a Prestadores. Es nuestra premisa construir un marco de calidad y seguridad en la atenci\u00f3n para nuestros afiliados y afiliadas. Para ello, queremos contar con el apoyo de aquellos profesionales de la salud que, con formaci\u00f3n en sus especialidades y amplio sentido de la \u00e9tica, han estado presentes en el bienestar de nuestra comunidad de afiliados\/as.<\/p>\n\n\n<style>.wp-show-posts-columns#wpsp-1090 {margin-left: -2em; }.wp-show-posts-columns#wpsp-1090 .wp-show-posts-inner {margin: 0 0 2em 2em; }<\/style><section id=\"wpsp-1090\" class=\" wp-show-posts-columns wp-show-posts\" style=\"\"><article class=\" wp-show-posts-single post-10280 post type-post status-publish format-standard has-post-thumbnail hentry category-prestadores-profesionales-sosunc wpsp-col-6\" itemtype=\"http:\/\/schema.org\/CreativeWork\" itemscope><div class=\"wp-show-posts-inner\" style=\"\">\t\t<div class=\"wp-show-posts-image  wpsp-image-center \">\n\t\t\t<a href=\"https:\/\/www.sosunc.org.ar\/web\/?p=10280\"  title=\"Documentaci\u00f3n de pago en SOSUNC\"><img loading=\"lazy\" decoding=\"async\" width=\"974\" height=\"974\" src=\"https:\/\/192.9.200.18\/wordpress\/wp-content\/uploads\/2026\/04\/PREST-documentacion-pago-abr26.png\" class=\"attachment-full size-full wp-post-image\" alt=\"\" itemprop=\"image\" srcset=\"http:\/\/192.9.200.18\/wordpress\/wp-content\/uploads\/2026\/04\/PREST-documentacion-pago-abr26.png 974w, http:\/\/192.9.200.18\/wordpress\/wp-content\/uploads\/2026\/04\/PREST-documentacion-pago-abr26-300x300.png 300w, http:\/\/192.9.200.18\/wordpress\/wp-content\/uploads\/2026\/04\/PREST-documentacion-pago-abr26-150x150.png 150w, http:\/\/192.9.200.18\/wordpress\/wp-content\/uploads\/2026\/04\/PREST-documentacion-pago-abr26-768x768.png 768w\" sizes=\"auto, (max-width: 974px) 100vw, 974px\" \/><\/a>\t\t<\/div>\n\t\t\t\t\t\t\t\t<header class=\"wp-show-posts-entry-header\">\n\t\t\t\t\t\t\t<h2 class=\"wp-show-posts-entry-title\" itemprop=\"headline\"><a href=\"https:\/\/www.sosunc.org.ar\/web\/?p=10280\" rel=\"bookmark\">Documentaci\u00f3n de pago en SOSUNC<\/a><\/h2><div class=\"wp-show-posts-entry-meta wp-show-posts-entry-meta-below-title post-meta-inline\"><span class=\"wp-show-posts-posted-on wp-show-posts-meta\">\n\t\t\t\t\t<a href=\"https:\/\/www.sosunc.org.ar\/web\/?p=10280\" title=\"11:13 am\" rel=\"bookmark\"><time class=\"wp-show-posts-entry-date published\" datetime=\"2026-04-28T11:13:39-03:00\" itemprop=\"datePublished\">28 abril, 2026<\/time><time class=\"wp-show-posts-updated\" datetime=\"2026-04-28T12:26:02-03:00\" itemprop=\"dateModified\">28 abril, 2026<\/time><\/a>\n\t\t\t\t<\/span><\/div>\t\t\t\t\t\t<\/header><!-- .entry-header -->\n\t\t\t\t\t<\/div><!-- wp-show-posts-inner --><\/article><article class=\" wp-show-posts-single post-10011 post type-post status-publish format-standard has-post-thumbnail hentry category-novedades-sosunc category-prestadores-profesionales-sosunc wpsp-col-6\" itemtype=\"http:\/\/schema.org\/CreativeWork\" itemscope><div class=\"wp-show-posts-inner\" style=\"\">\t\t<div class=\"wp-show-posts-image  wpsp-image-center \">\n\t\t\t<a href=\"https:\/\/www.sosunc.org.ar\/web\/?p=10011\"  title=\"\u00a1Feliz A\u00f1o Nuevo!\"><img loading=\"lazy\" decoding=\"async\" width=\"1039\" height=\"1039\" src=\"https:\/\/192.9.200.18\/wordpress\/wp-content\/uploads\/2025\/12\/SOSUNC-Feliz-Ano-dic25.png\" class=\"attachment-full size-full wp-post-image\" alt=\"\" itemprop=\"image\" srcset=\"http:\/\/192.9.200.18\/wordpress\/wp-content\/uploads\/2025\/12\/SOSUNC-Feliz-Ano-dic25.png 1039w, http:\/\/192.9.200.18\/wordpress\/wp-content\/uploads\/2025\/12\/SOSUNC-Feliz-Ano-dic25-300x300.png 300w, http:\/\/192.9.200.18\/wordpress\/wp-content\/uploads\/2025\/12\/SOSUNC-Feliz-Ano-dic25-1024x1024.png 1024w, http:\/\/192.9.200.18\/wordpress\/wp-content\/uploads\/2025\/12\/SOSUNC-Feliz-Ano-dic25-150x150.png 150w, http:\/\/192.9.200.18\/wordpress\/wp-content\/uploads\/2025\/12\/SOSUNC-Feliz-Ano-dic25-768x768.png 768w\" sizes=\"auto, (max-width: 1039px) 100vw, 1039px\" \/><\/a>\t\t<\/div>\n\t\t\t\t\t\t\t\t<header class=\"wp-show-posts-entry-header\">\n\t\t\t\t\t\t\t<h2 class=\"wp-show-posts-entry-title\" itemprop=\"headline\"><a href=\"https:\/\/www.sosunc.org.ar\/web\/?p=10011\" rel=\"bookmark\">\u00a1Feliz A\u00f1o Nuevo!<\/a><\/h2><div class=\"wp-show-posts-entry-meta wp-show-posts-entry-meta-below-title post-meta-inline\"><span class=\"wp-show-posts-posted-on wp-show-posts-meta\">\n\t\t\t\t\t<a href=\"https:\/\/www.sosunc.org.ar\/web\/?p=10011\" title=\"10:50 am\" rel=\"bookmark\"><time class=\"wp-show-posts-entry-date published\" datetime=\"2025-12-30T10:50:22-03:00\" itemprop=\"datePublished\">30 diciembre, 2025<\/time><time class=\"wp-show-posts-updated\" datetime=\"2025-12-30T10:50:41-03:00\" itemprop=\"dateModified\">30 diciembre, 2025<\/time><\/a>\n\t\t\t\t<\/span><\/div>\t\t\t\t\t\t<\/header><!-- .entry-header -->\n\t\t\t\t\t<\/div><!-- wp-show-posts-inner --><\/article><article class=\" wp-show-posts-single post-9914 post type-post status-publish format-standard has-post-thumbnail hentry category-prestadores-profesionales-sosunc wpsp-col-6\" itemtype=\"http:\/\/schema.org\/CreativeWork\" itemscope><div class=\"wp-show-posts-inner\" style=\"\">\t\t<div class=\"wp-show-posts-image  wpsp-image-center \">\n\t\t\t<a href=\"https:\/\/www.sosunc.org.ar\/web\/?p=9914\"  title=\"Medicamentos: nuevo tope de 200 mil pesos\"><img loading=\"lazy\" decoding=\"async\" width=\"974\" height=\"974\" src=\"https:\/\/192.9.200.18\/wordpress\/wp-content\/uploads\/2025\/11\/PREST-tope-farmacias-200-mil-nov25.png\" class=\"attachment-full size-full wp-post-image\" alt=\"\" itemprop=\"image\" srcset=\"http:\/\/192.9.200.18\/wordpress\/wp-content\/uploads\/2025\/11\/PREST-tope-farmacias-200-mil-nov25.png 974w, http:\/\/192.9.200.18\/wordpress\/wp-content\/uploads\/2025\/11\/PREST-tope-farmacias-200-mil-nov25-300x300.png 300w, http:\/\/192.9.200.18\/wordpress\/wp-content\/uploads\/2025\/11\/PREST-tope-farmacias-200-mil-nov25-150x150.png 150w, http:\/\/192.9.200.18\/wordpress\/wp-content\/uploads\/2025\/11\/PREST-tope-farmacias-200-mil-nov25-768x768.png 768w\" sizes=\"auto, (max-width: 974px) 100vw, 974px\" \/><\/a>\t\t<\/div>\n\t\t\t\t\t\t\t\t<header class=\"wp-show-posts-entry-header\">\n\t\t\t\t\t\t\t<h2 class=\"wp-show-posts-entry-title\" itemprop=\"headline\"><a href=\"https:\/\/www.sosunc.org.ar\/web\/?p=9914\" rel=\"bookmark\">Medicamentos: nuevo tope de 200 mil pesos<\/a><\/h2><div class=\"wp-show-posts-entry-meta wp-show-posts-entry-meta-below-title post-meta-inline\"><span class=\"wp-show-posts-posted-on wp-show-posts-meta\">\n\t\t\t\t\t<a href=\"https:\/\/www.sosunc.org.ar\/web\/?p=9914\" title=\"12:09 pm\" rel=\"bookmark\"><time class=\"wp-show-posts-entry-date published\" datetime=\"2025-11-26T12:09:59-03:00\" itemprop=\"datePublished\">26 noviembre, 2025<\/time><\/a>\n\t\t\t\t<\/span><\/div>\t\t\t\t\t\t<\/header><!-- .entry-header -->\n\t\t\t\t\t<\/div><!-- wp-show-posts-inner --><\/article><article class=\" wp-show-posts-single post-9708 post type-post status-publish format-standard has-post-thumbnail hentry category-novedades-sosunc category-prestadores-profesionales-sosunc wpsp-col-6\" itemtype=\"http:\/\/schema.org\/CreativeWork\" itemscope><div class=\"wp-show-posts-inner\" style=\"\">\t\t<div class=\"wp-show-posts-image  wpsp-image-center \">\n\t\t\t<a href=\"https:\/\/www.sosunc.org.ar\/web\/?p=9708\"  title=\"Convocatoria P\u00fablica para Gerente de SOSUNC\"><img loading=\"lazy\" decoding=\"async\" width=\"974\" height=\"974\" src=\"https:\/\/192.9.200.18\/wordpress\/wp-content\/uploads\/2025\/10\/PREST-concurso-gerente-oct25.png\" class=\"attachment-full size-full wp-post-image\" alt=\"\" itemprop=\"image\" srcset=\"http:\/\/192.9.200.18\/wordpress\/wp-content\/uploads\/2025\/10\/PREST-concurso-gerente-oct25.png 974w, http:\/\/192.9.200.18\/wordpress\/wp-content\/uploads\/2025\/10\/PREST-concurso-gerente-oct25-300x300.png 300w, http:\/\/192.9.200.18\/wordpress\/wp-content\/uploads\/2025\/10\/PREST-concurso-gerente-oct25-150x150.png 150w, http:\/\/192.9.200.18\/wordpress\/wp-content\/uploads\/2025\/10\/PREST-concurso-gerente-oct25-768x768.png 768w\" sizes=\"auto, (max-width: 974px) 100vw, 974px\" \/><\/a>\t\t<\/div>\n\t\t\t\t\t\t\t\t<header class=\"wp-show-posts-entry-header\">\n\t\t\t\t\t\t\t<h2 class=\"wp-show-posts-entry-title\" itemprop=\"headline\"><a href=\"https:\/\/www.sosunc.org.ar\/web\/?p=9708\" rel=\"bookmark\">Convocatoria P\u00fablica para Gerente de SOSUNC<\/a><\/h2><div class=\"wp-show-posts-entry-meta wp-show-posts-entry-meta-below-title post-meta-inline\"><span class=\"wp-show-posts-posted-on wp-show-posts-meta\">\n\t\t\t\t\t<a href=\"https:\/\/www.sosunc.org.ar\/web\/?p=9708\" title=\"8:20 am\" rel=\"bookmark\"><time class=\"wp-show-posts-entry-date published\" datetime=\"2025-10-20T08:20:46-03:00\" itemprop=\"datePublished\">20 octubre, 2025<\/time><time class=\"wp-show-posts-updated\" datetime=\"2025-10-20T08:42:34-03:00\" itemprop=\"dateModified\">20 octubre, 2025<\/time><\/a>\n\t\t\t\t<\/span><\/div>\t\t\t\t\t\t<\/header><!-- .entry-header -->\n\t\t\t\t\t<\/div><!-- wp-show-posts-inner --><\/article><article class=\" wp-show-posts-single post-9666 post type-post status-publish format-standard has-post-thumbnail hentry category-novedades-sosunc category-prestadores-profesionales-sosunc wpsp-col-6\" itemtype=\"http:\/\/schema.org\/CreativeWork\" itemscope><div class=\"wp-show-posts-inner\" style=\"\">\t\t<div class=\"wp-show-posts-image  wpsp-image-center \">\n\t\t\t<a href=\"https:\/\/www.sosunc.org.ar\/web\/?p=9666\"  title=\"D\u00eda del Odont\u00f3logo\"><img loading=\"lazy\" decoding=\"async\" width=\"1200\" height=\"1200\" src=\"https:\/\/192.9.200.18\/wordpress\/wp-content\/uploads\/2025\/10\/EF-Dia-Odonto-oct25.png\" class=\"attachment-full size-full wp-post-image\" alt=\"\" itemprop=\"image\" srcset=\"http:\/\/192.9.200.18\/wordpress\/wp-content\/uploads\/2025\/10\/EF-Dia-Odonto-oct25.png 1200w, http:\/\/192.9.200.18\/wordpress\/wp-content\/uploads\/2025\/10\/EF-Dia-Odonto-oct25-300x300.png 300w, http:\/\/192.9.200.18\/wordpress\/wp-content\/uploads\/2025\/10\/EF-Dia-Odonto-oct25-1024x1024.png 1024w, http:\/\/192.9.200.18\/wordpress\/wp-content\/uploads\/2025\/10\/EF-Dia-Odonto-oct25-150x150.png 150w, http:\/\/192.9.200.18\/wordpress\/wp-content\/uploads\/2025\/10\/EF-Dia-Odonto-oct25-768x768.png 768w\" sizes=\"auto, (max-width: 1200px) 100vw, 1200px\" \/><\/a>\t\t<\/div>\n\t\t\t\t\t\t\t\t<header class=\"wp-show-posts-entry-header\">\n\t\t\t\t\t\t\t<h2 class=\"wp-show-posts-entry-title\" itemprop=\"headline\"><a href=\"https:\/\/www.sosunc.org.ar\/web\/?p=9666\" rel=\"bookmark\">D\u00eda del Odont\u00f3logo<\/a><\/h2><div class=\"wp-show-posts-entry-meta wp-show-posts-entry-meta-below-title post-meta-inline\"><span class=\"wp-show-posts-posted-on wp-show-posts-meta\">\n\t\t\t\t\t<a href=\"https:\/\/www.sosunc.org.ar\/web\/?p=9666\" title=\"10:21 am\" rel=\"bookmark\"><time class=\"wp-show-posts-entry-date published\" datetime=\"2025-10-03T10:21:05-03:00\" itemprop=\"datePublished\">3 octubre, 2025<\/time><time class=\"wp-show-posts-updated\" datetime=\"2025-10-03T10:21:12-03:00\" itemprop=\"dateModified\">3 octubre, 2025<\/time><\/a>\n\t\t\t\t<\/span><\/div>\t\t\t\t\t\t<\/header><!-- .entry-header -->\n\t\t\t\t\t<\/div><!-- wp-show-posts-inner --><\/article><article class=\" wp-show-posts-single post-9435 post type-post status-publish format-standard has-post-thumbnail hentry category-novedades-auditoria-facturacion category-prestadores-profesionales-sosunc wpsp-col-6\" itemtype=\"http:\/\/schema.org\/CreativeWork\" itemscope><div class=\"wp-show-posts-inner\" style=\"\">\t\t<div class=\"wp-show-posts-image  wpsp-image-center \">\n\t\t\t<a href=\"https:\/\/www.sosunc.org.ar\/web\/?p=9435\"  title=\"Neuqu\u00e9n: solo receta electr\u00f3nica\"><img loading=\"lazy\" decoding=\"async\" width=\"974\" height=\"974\" src=\"https:\/\/192.9.200.18\/wordpress\/wp-content\/uploads\/2025\/08\/PREST-receta-neuquen-agosto25.png\" class=\"attachment-full size-full wp-post-image\" alt=\"\" itemprop=\"image\" srcset=\"http:\/\/192.9.200.18\/wordpress\/wp-content\/uploads\/2025\/08\/PREST-receta-neuquen-agosto25.png 974w, http:\/\/192.9.200.18\/wordpress\/wp-content\/uploads\/2025\/08\/PREST-receta-neuquen-agosto25-300x300.png 300w, http:\/\/192.9.200.18\/wordpress\/wp-content\/uploads\/2025\/08\/PREST-receta-neuquen-agosto25-150x150.png 150w, http:\/\/192.9.200.18\/wordpress\/wp-content\/uploads\/2025\/08\/PREST-receta-neuquen-agosto25-768x768.png 768w\" sizes=\"auto, (max-width: 974px) 100vw, 974px\" \/><\/a>\t\t<\/div>\n\t\t\t\t\t\t\t\t<header class=\"wp-show-posts-entry-header\">\n\t\t\t\t\t\t\t<h2 class=\"wp-show-posts-entry-title\" itemprop=\"headline\"><a href=\"https:\/\/www.sosunc.org.ar\/web\/?p=9435\" rel=\"bookmark\">Neuqu\u00e9n: solo receta electr\u00f3nica<\/a><\/h2><div class=\"wp-show-posts-entry-meta wp-show-posts-entry-meta-below-title post-meta-inline\"><span class=\"wp-show-posts-posted-on wp-show-posts-meta\">\n\t\t\t\t\t<a href=\"https:\/\/www.sosunc.org.ar\/web\/?p=9435\" title=\"10:32 am\" rel=\"bookmark\"><time class=\"wp-show-posts-entry-date published\" datetime=\"2025-08-04T10:32:06-03:00\" itemprop=\"datePublished\">4 agosto, 2025<\/time><time class=\"wp-show-posts-updated\" datetime=\"2025-08-04T10:32:07-03:00\" itemprop=\"dateModified\">4 agosto, 2025<\/time><\/a>\n\t\t\t\t<\/span><\/div>\t\t\t\t\t\t<\/header><!-- .entry-header -->\n\t\t\t\t\t<\/div><!-- wp-show-posts-inner --><\/article><div class=\"wpsp-clear\"><\/div><\/section><!-- .wp-show-posts --><div class=\"wpsp-load-more\"><span aria-current=\"page\" class=\"page-numbers current\">1<\/span>\n<a class=\"page-numbers\" href=\"https:\/\/www.sosunc.org.ar\/web\/wordpress\/index.php\/?paged=2&#038;rest_route=%2Fwp%2Fv2%2Fpages%2F786\">2<\/a>\n<span class=\"page-numbers dots\">&hellip;<\/span>\n<a class=\"page-numbers\" href=\"https:\/\/www.sosunc.org.ar\/web\/wordpress\/index.php\/?paged=8&#038;rest_route=%2Fwp%2Fv2%2Fpages%2F786\">8<\/a>\n<a class=\"next page-numbers\" href=\"https:\/\/www.sosunc.org.ar\/web\/wordpress\/index.php\/?paged=2&#038;rest_route=%2Fwp%2Fv2%2Fpages%2F786\">Next &rarr;<\/a><\/div>\n","protected":false},"excerpt":{"rendered":"<p>Prestadores Profesionales \u201cLa salud es un estado de completo bienestar f\u00edsico, mental y social, y no solamente la ausencia de afecciones o enfermedades\u201d Constituci\u00f3n de la OMS Les damos la bienvenida a la p\u00e1gina web de SOSUNC destinada a Prestadores. Es nuestra premisa construir un marco de calidad y seguridad en la atenci\u00f3n para nuestros [&hellip;]<\/p>\n","protected":false},"author":1,"featured_media":0,"parent":0,"menu_order":0,"comment_status":"closed","ping_status":"closed","template":"","meta":{"_coblocks_attr":"","_coblocks_dimensions":"","_coblocks_responsive_height":"","_coblocks_accordion_ie_support":"","footnotes":""},"class_list":["post-786","page","type-page","status-publish","hentry"],"yoast_head":"<!-- This site is optimized with the Yoast SEO plugin v26.5 - https:\/\/yoast.com\/wordpress\/plugins\/seo\/ -->\n<title>Prestadores Profesionales - SOSUNC<\/title>\n<meta name=\"robots\" content=\"index, follow, max-snippet:-1, max-image-preview:large, max-video-preview:-1\" \/>\n<link rel=\"canonical\" href=\"https:\/\/www.sosunc.org.ar\/web\/?page_id=786\" \/>\n<meta property=\"og:locale\" content=\"es_ES\" \/>\n<meta property=\"og:type\" content=\"article\" \/>\n<meta property=\"og:title\" content=\"Prestadores Profesionales - SOSUNC\" \/>\n<meta property=\"og:description\" content=\"Prestadores Profesionales \u201cLa salud es un estado de completo bienestar f\u00edsico, mental y social, y no solamente la ausencia de afecciones o enfermedades\u201d Constituci\u00f3n de la OMS Les damos la bienvenida a la p\u00e1gina web de SOSUNC destinada a Prestadores. Es nuestra premisa construir un marco de calidad y seguridad en la atenci\u00f3n para nuestros [&hellip;]\" \/>\n<meta property=\"og:url\" content=\"https:\/\/www.sosunc.org.ar\/web\/?page_id=786\" \/>\n<meta property=\"og:site_name\" content=\"SOSUNC\" \/>\n<meta property=\"article:publisher\" content=\"https:\/\/www.facebook.com\/sosunc.unco\" \/>\n<meta property=\"article:modified_time\" content=\"2025-05-08T21:31:23+00:00\" \/>\n<meta property=\"og:image\" content=\"https:\/\/192.9.200.18\/wordpress\/wp-content\/uploads\/2022\/06\/logososunc.png\" \/>\n\t<meta property=\"og:image:width\" content=\"333\" \/>\n\t<meta property=\"og:image:height\" content=\"333\" \/>\n\t<meta property=\"og:image:type\" content=\"image\/png\" \/>\n<meta name=\"twitter:card\" content=\"summary_large_image\" \/>\n<meta name=\"twitter:label1\" content=\"Tiempo de lectura\" \/>\n\t<meta name=\"twitter:data1\" content=\"1 minuto\" \/>\n<script type=\"application\/ld+json\" class=\"yoast-schema-graph\">{\"@context\":\"https:\/\/schema.org\",\"@graph\":[{\"@type\":\"WebPage\",\"@id\":\"https:\/\/www.sosunc.org.ar\/web\/?page_id=786\",\"url\":\"https:\/\/www.sosunc.org.ar\/web\/?page_id=786\",\"name\":\"Prestadores Profesionales - SOSUNC\",\"isPartOf\":{\"@id\":\"https:\/\/www.sosunc.org.ar\/web\/#website\"},\"datePublished\":\"2020-07-05T15:22:50+00:00\",\"dateModified\":\"2025-05-08T21:31:23+00:00\",\"breadcrumb\":{\"@id\":\"https:\/\/www.sosunc.org.ar\/web\/?page_id=786#breadcrumb\"},\"inLanguage\":\"es-AR\",\"potentialAction\":[{\"@type\":\"ReadAction\",\"target\":[\"https:\/\/www.sosunc.org.ar\/web\/?page_id=786\"]}]},{\"@type\":\"BreadcrumbList\",\"@id\":\"https:\/\/www.sosunc.org.ar\/web\/?page_id=786#breadcrumb\",\"itemListElement\":[{\"@type\":\"ListItem\",\"position\":1,\"name\":\"Inicio\",\"item\":\"https:\/\/www.sosunc.org.ar\/web\/\"},{\"@type\":\"ListItem\",\"position\":2,\"name\":\"Prestadores Profesionales\"}]},{\"@type\":\"WebSite\",\"@id\":\"https:\/\/www.sosunc.org.ar\/web\/#website\",\"url\":\"https:\/\/www.sosunc.org.ar\/web\/\",\"name\":\"SOSUNC\",\"description\":\"Servicio de Obra Social de la Universidad Nacional del Comahue\",\"publisher\":{\"@id\":\"https:\/\/www.sosunc.org.ar\/web\/#organization\"},\"potentialAction\":[{\"@type\":\"SearchAction\",\"target\":{\"@type\":\"EntryPoint\",\"urlTemplate\":\"https:\/\/www.sosunc.org.ar\/web\/?s={search_term_string}\"},\"query-input\":{\"@type\":\"PropertyValueSpecification\",\"valueRequired\":true,\"valueName\":\"search_term_string\"}}],\"inLanguage\":\"es-AR\"},{\"@type\":\"Organization\",\"@id\":\"https:\/\/www.sosunc.org.ar\/web\/#organization\",\"name\":\"Servicio de Obra Social Universidad Nacional del Comahue\",\"url\":\"https:\/\/www.sosunc.org.ar\/web\/\",\"logo\":{\"@type\":\"ImageObject\",\"inLanguage\":\"es-AR\",\"@id\":\"https:\/\/www.sosunc.org.ar\/web\/#\/schema\/logo\/image\/\",\"url\":\"https:\/\/192.9.200.18\/wordpress\/wp-content\/uploads\/2022\/06\/logososunc.png\",\"contentUrl\":\"https:\/\/192.9.200.18\/wordpress\/wp-content\/uploads\/2022\/06\/logososunc.png\",\"width\":333,\"height\":333,\"caption\":\"Servicio de Obra Social Universidad Nacional del Comahue\"},\"image\":{\"@id\":\"https:\/\/www.sosunc.org.ar\/web\/#\/schema\/logo\/image\/\"},\"sameAs\":[\"https:\/\/www.facebook.com\/sosunc.unco\"]}]}<\/script>\n<!-- \/ Yoast SEO plugin. -->","yoast_head_json":{"title":"Prestadores Profesionales - SOSUNC","robots":{"index":"index","follow":"follow","max-snippet":"max-snippet:-1","max-image-preview":"max-image-preview:large","max-video-preview":"max-video-preview:-1"},"canonical":"https:\/\/www.sosunc.org.ar\/web\/?page_id=786","og_locale":"es_ES","og_type":"article","og_title":"Prestadores Profesionales - SOSUNC","og_description":"Prestadores Profesionales \u201cLa salud es un estado de completo bienestar f\u00edsico, mental y social, y no solamente la ausencia de afecciones o enfermedades\u201d Constituci\u00f3n de la OMS Les damos la bienvenida a la p\u00e1gina web de SOSUNC destinada a Prestadores. Es nuestra premisa construir un marco de calidad y seguridad en la atenci\u00f3n para nuestros [&hellip;]","og_url":"https:\/\/www.sosunc.org.ar\/web\/?page_id=786","og_site_name":"SOSUNC","article_publisher":"https:\/\/www.facebook.com\/sosunc.unco","article_modified_time":"2025-05-08T21:31:23+00:00","og_image":[{"width":333,"height":333,"url":"https:\/\/192.9.200.18\/wordpress\/wp-content\/uploads\/2022\/06\/logososunc.png","type":"image\/png"}],"twitter_card":"summary_large_image","twitter_misc":{"Tiempo de lectura":"1 minuto"},"schema":{"@context":"https:\/\/schema.org","@graph":[{"@type":"WebPage","@id":"https:\/\/www.sosunc.org.ar\/web\/?page_id=786","url":"https:\/\/www.sosunc.org.ar\/web\/?page_id=786","name":"Prestadores Profesionales - SOSUNC","isPartOf":{"@id":"https:\/\/www.sosunc.org.ar\/web\/#website"},"datePublished":"2020-07-05T15:22:50+00:00","dateModified":"2025-05-08T21:31:23+00:00","breadcrumb":{"@id":"https:\/\/www.sosunc.org.ar\/web\/?page_id=786#breadcrumb"},"inLanguage":"es-AR","potentialAction":[{"@type":"ReadAction","target":["https:\/\/www.sosunc.org.ar\/web\/?page_id=786"]}]},{"@type":"BreadcrumbList","@id":"https:\/\/www.sosunc.org.ar\/web\/?page_id=786#breadcrumb","itemListElement":[{"@type":"ListItem","position":1,"name":"Inicio","item":"https:\/\/www.sosunc.org.ar\/web\/"},{"@type":"ListItem","position":2,"name":"Prestadores Profesionales"}]},{"@type":"WebSite","@id":"https:\/\/www.sosunc.org.ar\/web\/#website","url":"https:\/\/www.sosunc.org.ar\/web\/","name":"SOSUNC","description":"Servicio de Obra Social de la Universidad Nacional del Comahue","publisher":{"@id":"https:\/\/www.sosunc.org.ar\/web\/#organization"},"potentialAction":[{"@type":"SearchAction","target":{"@type":"EntryPoint","urlTemplate":"https:\/\/www.sosunc.org.ar\/web\/?s={search_term_string}"},"query-input":{"@type":"PropertyValueSpecification","valueRequired":true,"valueName":"search_term_string"}}],"inLanguage":"es-AR"},{"@type":"Organization","@id":"https:\/\/www.sosunc.org.ar\/web\/#organization","name":"Servicio de Obra Social Universidad Nacional del Comahue","url":"https:\/\/www.sosunc.org.ar\/web\/","logo":{"@type":"ImageObject","inLanguage":"es-AR","@id":"https:\/\/www.sosunc.org.ar\/web\/#\/schema\/logo\/image\/","url":"https:\/\/192.9.200.18\/wordpress\/wp-content\/uploads\/2022\/06\/logososunc.png","contentUrl":"https:\/\/192.9.200.18\/wordpress\/wp-content\/uploads\/2022\/06\/logososunc.png","width":333,"height":333,"caption":"Servicio de Obra Social Universidad Nacional del Comahue"},"image":{"@id":"https:\/\/www.sosunc.org.ar\/web\/#\/schema\/logo\/image\/"},"sameAs":["https:\/\/www.facebook.com\/sosunc.unco"]}]}},"_links":{"self":[{"href":"https:\/\/www.sosunc.org.ar\/web\/index.php?rest_route=\/wp\/v2\/pages\/786","targetHints":{"allow":["GET"]}}],"collection":[{"href":"https:\/\/www.sosunc.org.ar\/web\/index.php?rest_route=\/wp\/v2\/pages"}],"about":[{"href":"https:\/\/www.sosunc.org.ar\/web\/index.php?rest_route=\/wp\/v2\/types\/page"}],"author":[{"embeddable":true,"href":"https:\/\/www.sosunc.org.ar\/web\/index.php?rest_route=\/wp\/v2\/users\/1"}],"replies":[{"embeddable":true,"href":"https:\/\/www.sosunc.org.ar\/web\/index.php?rest_route=%2Fwp%2Fv2%2Fcomments&post=786"}],"version-history":[{"count":19,"href":"https:\/\/www.sosunc.org.ar\/web\/index.php?rest_route=\/wp\/v2\/pages\/786\/revisions"}],"predecessor-version":[{"id":5834,"href":"https:\/\/www.sosunc.org.ar\/web\/index.php?rest_route=\/wp\/v2\/pages\/786\/revisions\/5834"}],"wp:attachment":[{"href":"https:\/\/www.sosunc.org.ar\/web\/index.php?rest_route=%2Fwp%2Fv2%2Fmedia&parent=786"}],"curies":[{"name":"wp","href":"https:\/\/api.w.org\/{rel}","templated":true}]}}