{"id":4412,"date":"2022-09-23T12:10:29","date_gmt":"2022-09-23T15:10:29","guid":{"rendered":"https:\/\/www.sosunc.org.ar\/web\/?page_id=4412"},"modified":"2022-10-21T09:11:38","modified_gmt":"2022-10-21T12:11:38","slug":"disertantes","status":"publish","type":"page","link":"https:\/\/www.sosunc.org.ar\/web\/?page_id=4412","title":{"rendered":"DISERTANTES"},"content":{"rendered":"\n<figure class=\"wp-block-image size-large\"><img loading=\"lazy\" decoding=\"async\" width=\"1021\" height=\"1024\" src=\"http:\/\/192.9.200.18\/wordpress\/wp-content\/uploads\/2022\/10\/disertantes-corregido-1021x1024.png\" alt=\"\" class=\"wp-image-4729\" srcset=\"http:\/\/192.9.200.18\/wordpress\/wp-content\/uploads\/2022\/10\/disertantes-corregido-1021x1024.png 1021w, http:\/\/192.9.200.18\/wordpress\/wp-content\/uploads\/2022\/10\/disertantes-corregido-300x300.png 300w, http:\/\/192.9.200.18\/wordpress\/wp-content\/uploads\/2022\/10\/disertantes-corregido-150x150.png 150w, http:\/\/192.9.200.18\/wordpress\/wp-content\/uploads\/2022\/10\/disertantes-corregido-768x770.png 768w, http:\/\/192.9.200.18\/wordpress\/wp-content\/uploads\/2022\/10\/disertantes-corregido.png 1054w\" sizes=\"auto, (max-width: 1021px) 100vw, 1021px\" \/><\/figure>\n\n\n\n<p class=\"has-text-color\" style=\"color:#070f70;font-size:25px\"><br><strong>Mariela Echenique<\/strong> | M\u00e9dica especializada en diabetes<\/p>\n\n\n\n<p class=\"has-vivid-cyan-blue-color has-text-color has-medium-font-size\">-M\u00e9dica especialista en Medicina Interna<br>-Especializada en Diabetes posgrado UNC<br>-Ex presidente Sociedad Argentina Diabetes Comahue<br>-Docente Cursos Posgrado Diabetes y Nutrici\u00f3n FACIAS UNCO<br>-Docente UNCO<br>-Especializaci\u00f3n en Diabetes y Tecnolog\u00eda SAD<br>-Directora acad\u00e9mica Centro Integral Diabetes<\/p>\n\n\n\n<p class=\"has-white-color has-text-color\">.<\/p>\n\n\n\n<p class=\"has-text-color\" style=\"color:#07157d;font-size:25px\"><strong>Cristina Decanini<\/strong> | Pod\u00f3loga Universitaria (UBA)<\/p>\n\n\n\n<p class=\"has-vivid-cyan-blue-color has-text-color has-medium-font-size\">-Miembro del equipo multidisciplinario de la Unidad Pie Diab\u00e9tico del\u00a0Hospital Provincial Dr.<br>Castro Rend\u00f3n.<br>-Referente del Subprograma Diabetes, Prevenci\u00f3n y Terap\u00e9utica en pie diab\u00e9tico del Instituto<br>de Seguridad Social del Neuqu\u00e9n.\u00a0<br>-Miembro del equipo docente y de atenci\u00f3n multidisciplinaria de pacientes con diabetes<br>en\u00a0CINTEDIA\u00a0(Centro Integral de Educaci\u00f3n con el Diab\u00e9tico)\u00a0<br>-Atenci\u00f3n de  pacientes con diabetes y con patolog\u00eda vascular severa del\u00a0Centro de Di\u00e1lisis Dialiquen\u00a0<\/p>\n\n\n\n<p class=\"has-white-color has-text-color\">.<\/p>\n\n\n\n<p class=\"has-text-color\" style=\"color:#050f77;font-size:25px\"><strong>Esteban Federico Cabrera<\/strong> | Enfermero Universitario (UNComahue)<\/p>\n\n\n\n<p class=\"has-vivid-cyan-blue-color has-text-color has-medium-font-size\">-Enfermero Consultorio de Heridas y Tratamiento del Pie Diab\u00e9tico | Hospital Regional Neuqu\u00e9n, Castro Rend\u00f3n.<\/p>\n\n\n\n<p class=\"has-vivid-cyan-blue-color has-text-color has-medium-font-size\">-Post\u00edtulo en Atenci\u00f3n al paciente con Heridas y Ostom\u00edas, enfermer\u00eda Especializada. | Universidad Austral<\/p>\n\n\n\n<p><\/p>\n","protected":false},"excerpt":{"rendered":"<p>Mariela Echenique | M\u00e9dica especializada en diabetes -M\u00e9dica especialista en Medicina Interna-Especializada en Diabetes posgrado UNC-Ex presidente Sociedad Argentina Diabetes Comahue-Docente Cursos Posgrado Diabetes y Nutrici\u00f3n FACIAS UNCO-Docente UNCO-Especializaci\u00f3n en Diabetes y Tecnolog\u00eda SAD-Directora acad\u00e9mica Centro Integral Diabetes . Cristina Decanini | Pod\u00f3loga Universitaria (UBA) -Miembro del equipo multidisciplinario de la Unidad Pie Diab\u00e9tico del\u00a0Hospital [&hellip;]<\/p>\n","protected":false},"author":3,"featured_media":0,"parent":0,"menu_order":0,"comment_status":"closed","ping_status":"closed","template":"","meta":{"_coblocks_attr":"","_coblocks_dimensions":"","_coblocks_responsive_height":"","_coblocks_accordion_ie_support":"","footnotes":""},"class_list":["post-4412","page","type-page","status-publish","hentry"],"yoast_head":"<!-- This site is optimized with the Yoast SEO plugin v26.5 - https:\/\/yoast.com\/wordpress\/plugins\/seo\/ -->\n<title>DISERTANTES - SOSUNC<\/title>\n<meta name=\"robots\" content=\"index, follow, max-snippet:-1, max-image-preview:large, max-video-preview:-1\" \/>\n<link rel=\"canonical\" href=\"https:\/\/www.sosunc.org.ar\/web\/?page_id=4412\" \/>\n<meta property=\"og:locale\" content=\"es_ES\" \/>\n<meta property=\"og:type\" content=\"article\" \/>\n<meta property=\"og:title\" content=\"DISERTANTES - SOSUNC\" \/>\n<meta property=\"og:description\" content=\"Mariela Echenique | M\u00e9dica especializada en diabetes -M\u00e9dica especialista en Medicina Interna-Especializada en Diabetes posgrado UNC-Ex presidente Sociedad Argentina Diabetes Comahue-Docente Cursos Posgrado Diabetes y Nutrici\u00f3n FACIAS UNCO-Docente UNCO-Especializaci\u00f3n en Diabetes y Tecnolog\u00eda SAD-Directora acad\u00e9mica Centro Integral Diabetes . Cristina Decanini | Pod\u00f3loga Universitaria (UBA) -Miembro del equipo multidisciplinario de la Unidad Pie Diab\u00e9tico del\u00a0Hospital [&hellip;]\" \/>\n<meta property=\"og:url\" content=\"https:\/\/www.sosunc.org.ar\/web\/?page_id=4412\" \/>\n<meta property=\"og:site_name\" content=\"SOSUNC\" \/>\n<meta property=\"article:publisher\" content=\"https:\/\/www.facebook.com\/sosunc.unco\" \/>\n<meta property=\"article:modified_time\" content=\"2022-10-21T12:11:38+00:00\" \/>\n<meta property=\"og:image\" content=\"http:\/\/192.9.200.18\/wordpress\/wp-content\/uploads\/2022\/10\/disertantes-corregido-1021x1024.png\" \/>\n<meta name=\"twitter:card\" content=\"summary_large_image\" \/>\n<meta name=\"twitter:label1\" content=\"Tiempo de lectura\" \/>\n\t<meta name=\"twitter:data1\" content=\"1 minuto\" \/>\n<script type=\"application\/ld+json\" class=\"yoast-schema-graph\">{\"@context\":\"https:\/\/schema.org\",\"@graph\":[{\"@type\":\"WebPage\",\"@id\":\"https:\/\/www.sosunc.org.ar\/web\/?page_id=4412\",\"url\":\"https:\/\/www.sosunc.org.ar\/web\/?page_id=4412\",\"name\":\"DISERTANTES - SOSUNC\",\"isPartOf\":{\"@id\":\"https:\/\/www.sosunc.org.ar\/web\/#website\"},\"primaryImageOfPage\":{\"@id\":\"https:\/\/www.sosunc.org.ar\/web\/?page_id=4412#primaryimage\"},\"image\":{\"@id\":\"https:\/\/www.sosunc.org.ar\/web\/?page_id=4412#primaryimage\"},\"thumbnailUrl\":\"http:\/\/192.9.200.18\/wordpress\/wp-content\/uploads\/2022\/10\/disertantes-corregido-1021x1024.png\",\"datePublished\":\"2022-09-23T15:10:29+00:00\",\"dateModified\":\"2022-10-21T12:11:38+00:00\",\"breadcrumb\":{\"@id\":\"https:\/\/www.sosunc.org.ar\/web\/?page_id=4412#breadcrumb\"},\"inLanguage\":\"es-AR\",\"potentialAction\":[{\"@type\":\"ReadAction\",\"target\":[\"https:\/\/www.sosunc.org.ar\/web\/?page_id=4412\"]}]},{\"@type\":\"ImageObject\",\"inLanguage\":\"es-AR\",\"@id\":\"https:\/\/www.sosunc.org.ar\/web\/?page_id=4412#primaryimage\",\"url\":\"http:\/\/192.9.200.18\/wordpress\/wp-content\/uploads\/2022\/10\/disertantes-corregido-1021x1024.png\",\"contentUrl\":\"http:\/\/192.9.200.18\/wordpress\/wp-content\/uploads\/2022\/10\/disertantes-corregido-1021x1024.png\"},{\"@type\":\"BreadcrumbList\",\"@id\":\"https:\/\/www.sosunc.org.ar\/web\/?page_id=4412#breadcrumb\",\"itemListElement\":[{\"@type\":\"ListItem\",\"position\":1,\"name\":\"Inicio\",\"item\":\"https:\/\/www.sosunc.org.ar\/web\/\"},{\"@type\":\"ListItem\",\"position\":2,\"name\":\"DISERTANTES\"}]},{\"@type\":\"WebSite\",\"@id\":\"https:\/\/www.sosunc.org.ar\/web\/#website\",\"url\":\"https:\/\/www.sosunc.org.ar\/web\/\",\"name\":\"SOSUNC\",\"description\":\"Servicio de Obra Social de la Universidad Nacional del Comahue\",\"publisher\":{\"@id\":\"https:\/\/www.sosunc.org.ar\/web\/#organization\"},\"potentialAction\":[{\"@type\":\"SearchAction\",\"target\":{\"@type\":\"EntryPoint\",\"urlTemplate\":\"https:\/\/www.sosunc.org.ar\/web\/?s={search_term_string}\"},\"query-input\":{\"@type\":\"PropertyValueSpecification\",\"valueRequired\":true,\"valueName\":\"search_term_string\"}}],\"inLanguage\":\"es-AR\"},{\"@type\":\"Organization\",\"@id\":\"https:\/\/www.sosunc.org.ar\/web\/#organization\",\"name\":\"Servicio de Obra Social Universidad Nacional del Comahue\",\"url\":\"https:\/\/www.sosunc.org.ar\/web\/\",\"logo\":{\"@type\":\"ImageObject\",\"inLanguage\":\"es-AR\",\"@id\":\"https:\/\/www.sosunc.org.ar\/web\/#\/schema\/logo\/image\/\",\"url\":\"https:\/\/192.9.200.18\/wordpress\/wp-content\/uploads\/2022\/06\/logososunc.png\",\"contentUrl\":\"https:\/\/192.9.200.18\/wordpress\/wp-content\/uploads\/2022\/06\/logososunc.png\",\"width\":333,\"height\":333,\"caption\":\"Servicio de Obra Social Universidad Nacional del Comahue\"},\"image\":{\"@id\":\"https:\/\/www.sosunc.org.ar\/web\/#\/schema\/logo\/image\/\"},\"sameAs\":[\"https:\/\/www.facebook.com\/sosunc.unco\"]}]}<\/script>\n<!-- \/ Yoast SEO plugin. -->","yoast_head_json":{"title":"DISERTANTES - SOSUNC","robots":{"index":"index","follow":"follow","max-snippet":"max-snippet:-1","max-image-preview":"max-image-preview:large","max-video-preview":"max-video-preview:-1"},"canonical":"https:\/\/www.sosunc.org.ar\/web\/?page_id=4412","og_locale":"es_ES","og_type":"article","og_title":"DISERTANTES - SOSUNC","og_description":"Mariela Echenique | M\u00e9dica especializada en diabetes -M\u00e9dica especialista en Medicina Interna-Especializada en Diabetes posgrado UNC-Ex presidente Sociedad Argentina Diabetes Comahue-Docente Cursos Posgrado Diabetes y Nutrici\u00f3n FACIAS UNCO-Docente UNCO-Especializaci\u00f3n en Diabetes y Tecnolog\u00eda SAD-Directora acad\u00e9mica Centro Integral Diabetes . Cristina Decanini | Pod\u00f3loga Universitaria (UBA) -Miembro del equipo multidisciplinario de la Unidad Pie Diab\u00e9tico del\u00a0Hospital [&hellip;]","og_url":"https:\/\/www.sosunc.org.ar\/web\/?page_id=4412","og_site_name":"SOSUNC","article_publisher":"https:\/\/www.facebook.com\/sosunc.unco","article_modified_time":"2022-10-21T12:11:38+00:00","og_image":[{"url":"http:\/\/192.9.200.18\/wordpress\/wp-content\/uploads\/2022\/10\/disertantes-corregido-1021x1024.png","type":"","width":"","height":""}],"twitter_card":"summary_large_image","twitter_misc":{"Tiempo de lectura":"1 minuto"},"schema":{"@context":"https:\/\/schema.org","@graph":[{"@type":"WebPage","@id":"https:\/\/www.sosunc.org.ar\/web\/?page_id=4412","url":"https:\/\/www.sosunc.org.ar\/web\/?page_id=4412","name":"DISERTANTES - SOSUNC","isPartOf":{"@id":"https:\/\/www.sosunc.org.ar\/web\/#website"},"primaryImageOfPage":{"@id":"https:\/\/www.sosunc.org.ar\/web\/?page_id=4412#primaryimage"},"image":{"@id":"https:\/\/www.sosunc.org.ar\/web\/?page_id=4412#primaryimage"},"thumbnailUrl":"http:\/\/192.9.200.18\/wordpress\/wp-content\/uploads\/2022\/10\/disertantes-corregido-1021x1024.png","datePublished":"2022-09-23T15:10:29+00:00","dateModified":"2022-10-21T12:11:38+00:00","breadcrumb":{"@id":"https:\/\/www.sosunc.org.ar\/web\/?page_id=4412#breadcrumb"},"inLanguage":"es-AR","potentialAction":[{"@type":"ReadAction","target":["https:\/\/www.sosunc.org.ar\/web\/?page_id=4412"]}]},{"@type":"ImageObject","inLanguage":"es-AR","@id":"https:\/\/www.sosunc.org.ar\/web\/?page_id=4412#primaryimage","url":"http:\/\/192.9.200.18\/wordpress\/wp-content\/uploads\/2022\/10\/disertantes-corregido-1021x1024.png","contentUrl":"http:\/\/192.9.200.18\/wordpress\/wp-content\/uploads\/2022\/10\/disertantes-corregido-1021x1024.png"},{"@type":"BreadcrumbList","@id":"https:\/\/www.sosunc.org.ar\/web\/?page_id=4412#breadcrumb","itemListElement":[{"@type":"ListItem","position":1,"name":"Inicio","item":"https:\/\/www.sosunc.org.ar\/web\/"},{"@type":"ListItem","position":2,"name":"DISERTANTES"}]},{"@type":"WebSite","@id":"https:\/\/www.sosunc.org.ar\/web\/#website","url":"https:\/\/www.sosunc.org.ar\/web\/","name":"SOSUNC","description":"Servicio de Obra Social de la Universidad Nacional del Comahue","publisher":{"@id":"https:\/\/www.sosunc.org.ar\/web\/#organization"},"potentialAction":[{"@type":"SearchAction","target":{"@type":"EntryPoint","urlTemplate":"https:\/\/www.sosunc.org.ar\/web\/?s={search_term_string}"},"query-input":{"@type":"PropertyValueSpecification","valueRequired":true,"valueName":"search_term_string"}}],"inLanguage":"es-AR"},{"@type":"Organization","@id":"https:\/\/www.sosunc.org.ar\/web\/#organization","name":"Servicio de Obra Social Universidad Nacional del Comahue","url":"https:\/\/www.sosunc.org.ar\/web\/","logo":{"@type":"ImageObject","inLanguage":"es-AR","@id":"https:\/\/www.sosunc.org.ar\/web\/#\/schema\/logo\/image\/","url":"https:\/\/192.9.200.18\/wordpress\/wp-content\/uploads\/2022\/06\/logososunc.png","contentUrl":"https:\/\/192.9.200.18\/wordpress\/wp-content\/uploads\/2022\/06\/logososunc.png","width":333,"height":333,"caption":"Servicio de Obra Social Universidad Nacional del Comahue"},"image":{"@id":"https:\/\/www.sosunc.org.ar\/web\/#\/schema\/logo\/image\/"},"sameAs":["https:\/\/www.facebook.com\/sosunc.unco"]}]}},"_links":{"self":[{"href":"https:\/\/www.sosunc.org.ar\/web\/index.php?rest_route=\/wp\/v2\/pages\/4412","targetHints":{"allow":["GET"]}}],"collection":[{"href":"https:\/\/www.sosunc.org.ar\/web\/index.php?rest_route=\/wp\/v2\/pages"}],"about":[{"href":"https:\/\/www.sosunc.org.ar\/web\/index.php?rest_route=\/wp\/v2\/types\/page"}],"author":[{"embeddable":true,"href":"https:\/\/www.sosunc.org.ar\/web\/index.php?rest_route=\/wp\/v2\/users\/3"}],"replies":[{"embeddable":true,"href":"https:\/\/www.sosunc.org.ar\/web\/index.php?rest_route=%2Fwp%2Fv2%2Fcomments&post=4412"}],"version-history":[{"count":7,"href":"https:\/\/www.sosunc.org.ar\/web\/index.php?rest_route=\/wp\/v2\/pages\/4412\/revisions"}],"predecessor-version":[{"id":4730,"href":"https:\/\/www.sosunc.org.ar\/web\/index.php?rest_route=\/wp\/v2\/pages\/4412\/revisions\/4730"}],"wp:attachment":[{"href":"https:\/\/www.sosunc.org.ar\/web\/index.php?rest_route=%2Fwp%2Fv2%2Fmedia&parent=4412"}],"curies":[{"name":"wp","href":"https:\/\/api.w.org\/{rel}","templated":true}]}}