{"id":2175,"date":"2021-11-04T10:10:41","date_gmt":"2021-11-04T13:10:41","guid":{"rendered":"http:\/\/192.9.200.18\/wordpress\/?page_id=2175"},"modified":"2026-03-20T11:02:22","modified_gmt":"2026-03-20T14:02:22","slug":"listado-de-prestadores","status":"publish","type":"page","link":"https:\/\/www.sosunc.org.ar\/web\/?page_id=2175","title":{"rendered":"Cartilla M\u00e9dica"},"content":{"rendered":"\n<h4 class=\"wp-block-heading has-text-color\" style=\"color:#01114c\">Busque aqu\u00ed al profesional m\u00e9dico que necesita<\/h4>\n\n\n\n<div class=\"wp-block-columns is-layout-flex wp-container-core-columns-is-layout-9d6595d7 wp-block-columns-is-layout-flex\">\n<div class=\"wp-block-column is-layout-flow wp-block-column-is-layout-flow\" style=\"flex-basis:100%\"><p><iframe loading=\"lazy\" src=\"https:\/\/www.sosunc.org.ar\/sosuncmovil\/cartilla_medica\" width=\"100%\" height=\"1200\"><\/iframe><\/p>\n\n\n\n<h6 class=\"wp-block-heading has-text-color has-link-color wp-elements-bd149f67a543ffa1da919e817232dc85\" style=\"color:#01114c\"><\/h6>\n<\/div>\n<\/div>\n\n\n\n<h4 class=\"wp-block-heading has-text-color has-link-color wp-elements-49befa12411034a419dc22f784c73512\" style=\"color:#01114c\">C\u00f3mo buscar en la tabla<\/h4>\n\n\n\n<p style=\"font-style:normal;font-weight:500\"><span class=\"wp-rich-text-font-awesome-icon wp-font-awesome-icon\"><svg aria-hidden=\"true\" focusable=\"false\" data-prefix=\"fas\" data-icon=\"play\" class=\"svg-inline--fa fa-play \" role=\"img\" xmlns=\"http:\/\/www.w3.org\/2000\/svg\" viewBox=\"0 0 448 512\"><path fill=\"currentColor\" d=\"M424.4 214.7L72.4 6.6C43.8-10.3 0 6.1 0 47.9V464c0 37.5 40.7 60.1 72.4 41.3l352-208c31.4-18.5 31.5-64.1 0-82.6z\"><\/path><\/svg><\/span>  Tiene la opci\u00f3n de consultar por palabra clave. Ingrese el texto en el casillero superior derecho, donde dice &#8220;Buscar:_______&#8221;.<\/p>\n\n\n\n<p style=\"font-style:normal;font-weight:500\"> <span class=\"wp-rich-text-font-awesome-icon wp-font-awesome-icon\"><svg aria-hidden=\"true\" focusable=\"false\" data-prefix=\"fas\" data-icon=\"play\" class=\"svg-inline--fa fa-play \" role=\"img\" xmlns=\"http:\/\/www.w3.org\/2000\/svg\" viewBox=\"0 0 448 512\"><path fill=\"currentColor\" d=\"M424.4 214.7L72.4 6.6C43.8-10.3 0 6.1 0 47.9V464c0 37.5 40.7 60.1 72.4 41.3l352-208c31.4-18.5 31.5-64.1 0-82.6z\"><\/path><\/svg><\/span> Tambi\u00e9n puede filtrar su b\u00fasqueda por localidad, especialidad o nombre del profesional. Escriba sobre la marca de agua en la columna que corresponda.<\/p>\n\n\n\n<p style=\"font-style:normal;font-weight:500\"><span class=\"wp-rich-text-font-awesome-icon wp-font-awesome-icon\"><svg aria-hidden=\"true\" focusable=\"false\" data-prefix=\"fas\" data-icon=\"play\" class=\"svg-inline--fa fa-play \" role=\"img\" xmlns=\"http:\/\/www.w3.org\/2000\/svg\" viewBox=\"0 0 448 512\"><path fill=\"currentColor\" d=\"M424.4 214.7L72.4 6.6C43.8-10.3 0 6.1 0 47.9V464c0 37.5 40.7 60.1 72.4 41.3l352-208c31.4-18.5 31.5-64.1 0-82.6z\"><\/path><\/svg><\/span>  Si usa las columnas, los filtros son acumulables: por ejemplo, se puede indicar primero la localidad y luego la especialidad o viceversa.<\/p>\n\n\n\n<p style=\"font-style:normal;font-weight:500\"><span class=\"wp-rich-text-font-awesome-icon wp-font-awesome-icon\"><svg aria-hidden=\"true\" focusable=\"false\" data-prefix=\"fas\" data-icon=\"play\" class=\"svg-inline--fa fa-play \" role=\"img\" xmlns=\"http:\/\/www.w3.org\/2000\/svg\" viewBox=\"0 0 448 512\"><path fill=\"currentColor\" d=\"M424.4 214.7L72.4 6.6C43.8-10.3 0 6.1 0 47.9V464c0 37.5 40.7 60.1 72.4 41.3l352-208c31.4-18.5 31.5-64.1 0-82.6z\"><\/path><\/svg><\/span> La secci\u00f3n inferior de la tabla, identificada como &#8220;Plan Discapacidad&#8221;, muestra la lista de profesionales que tienen convenio con SOSUNC para la cobertura por este plan.<\/p>\n\n\n\n<p class=\"has-white-color has-text-color has-link-color wp-elements-7e4ac651328708ea719ac0894fa30934\">.<\/p>\n\n\n\n<h4 class=\"wp-block-heading has-text-color\" style=\"color:#01114c\">\u00bfTuvo un inconveniente?<\/h4>\n\n\n\n<p class=\"is-style-info has-black-color has-text-color has-background has-link-color wp-elements-c4ac49cf30a36ecb31d53ac92fbd33dc\" style=\"background-color:#cbdffd;font-size:17px\">Los datos de la Cartilla se actualizan cada tres meses en funci\u00f3n de las novedades que reporta cada colegio, federaci\u00f3n o cl\u00ednica. Si un profesional que figura en la Cartilla no atiende por SOSUNC, informe esa irregularidad a la obra social. Puede enviar un mensaje a su delegaci\u00f3n m\u00e1s cercana, detallando el nombre del m\u00e9dico\/a, su especialidad y la fecha en la que pidi\u00f3 el turno. Su aviso nos ayuda a mejorar la gesti\u00f3n de nuestros prestadores de salud.<\/p>\n\n\n\n<p><\/p>\n\n\n\n<p><\/p>\n","protected":false},"excerpt":{"rendered":"<p>Busque aqu\u00ed al profesional m\u00e9dico que necesita C\u00f3mo buscar en la tabla Tiene la opci\u00f3n de consultar por palabra clave. Ingrese el texto en el casillero superior derecho, donde dice &#8220;Buscar:_______&#8221;. Tambi\u00e9n puede filtrar su b\u00fasqueda por localidad, especialidad o nombre del profesional. Escriba sobre la marca de agua en la columna que corresponda. Si [&hellip;]<\/p>\n","protected":false},"author":1,"featured_media":0,"parent":0,"menu_order":0,"comment_status":"closed","ping_status":"closed","template":"","meta":{"_coblocks_attr":"","_coblocks_dimensions":"","_coblocks_responsive_height":"","_coblocks_accordion_ie_support":"","footnotes":""},"class_list":["post-2175","page","type-page","status-publish","hentry"],"yoast_head":"<!-- This site is optimized with the Yoast SEO plugin v26.5 - https:\/\/yoast.com\/wordpress\/plugins\/seo\/ -->\n<title>Cartilla M\u00e9dica - SOSUNC<\/title>\n<meta name=\"description\" content=\"Servicio de Obra Social de la Universidad Nacional del Comahue. Obra Social, Farmacia y Turismo.\" \/>\n<meta name=\"robots\" content=\"index, follow, max-snippet:-1, max-image-preview:large, max-video-preview:-1\" \/>\n<link rel=\"canonical\" href=\"https:\/\/www.sosunc.org.ar\/web\/?page_id=2175\" \/>\n<meta property=\"og:locale\" content=\"es_ES\" \/>\n<meta property=\"og:type\" content=\"article\" \/>\n<meta property=\"og:title\" content=\"Cartilla M\u00e9dica - SOSUNC\" \/>\n<meta property=\"og:description\" content=\"Servicio de Obra Social de la Universidad Nacional del Comahue. Obra Social, Farmacia y Turismo.\" \/>\n<meta property=\"og:url\" content=\"https:\/\/www.sosunc.org.ar\/web\/?page_id=2175\" \/>\n<meta property=\"og:site_name\" content=\"SOSUNC\" \/>\n<meta property=\"article:publisher\" content=\"https:\/\/www.facebook.com\/sosunc.unco\" \/>\n<meta property=\"article:modified_time\" content=\"2026-03-20T14:02:22+00:00\" \/>\n<meta property=\"og:image\" content=\"https:\/\/192.9.200.18\/wordpress\/wp-content\/uploads\/2022\/06\/logososunc.png\" \/>\n\t<meta property=\"og:image:width\" content=\"333\" \/>\n\t<meta property=\"og:image:height\" content=\"333\" \/>\n\t<meta property=\"og:image:type\" content=\"image\/png\" \/>\n<meta name=\"twitter:card\" content=\"summary_large_image\" \/>\n<meta name=\"twitter:label1\" content=\"Tiempo de lectura\" \/>\n\t<meta name=\"twitter:data1\" content=\"1 minuto\" \/>\n<script type=\"application\/ld+json\" class=\"yoast-schema-graph\">{\"@context\":\"https:\/\/schema.org\",\"@graph\":[{\"@type\":\"WebPage\",\"@id\":\"https:\/\/www.sosunc.org.ar\/web\/?page_id=2175\",\"url\":\"https:\/\/www.sosunc.org.ar\/web\/?page_id=2175\",\"name\":\"Cartilla M\u00e9dica - SOSUNC\",\"isPartOf\":{\"@id\":\"https:\/\/www.sosunc.org.ar\/web\/#website\"},\"datePublished\":\"2021-11-04T13:10:41+00:00\",\"dateModified\":\"2026-03-20T14:02:22+00:00\",\"description\":\"Servicio de Obra Social de la Universidad Nacional del Comahue. Obra Social, Farmacia y Turismo.\",\"breadcrumb\":{\"@id\":\"https:\/\/www.sosunc.org.ar\/web\/?page_id=2175#breadcrumb\"},\"inLanguage\":\"es-AR\",\"potentialAction\":[{\"@type\":\"ReadAction\",\"target\":[\"https:\/\/www.sosunc.org.ar\/web\/?page_id=2175\"]}]},{\"@type\":\"BreadcrumbList\",\"@id\":\"https:\/\/www.sosunc.org.ar\/web\/?page_id=2175#breadcrumb\",\"itemListElement\":[{\"@type\":\"ListItem\",\"position\":1,\"name\":\"Inicio\",\"item\":\"https:\/\/www.sosunc.org.ar\/web\/\"},{\"@type\":\"ListItem\",\"position\":2,\"name\":\"Cartilla M\u00e9dica\"}]},{\"@type\":\"WebSite\",\"@id\":\"https:\/\/www.sosunc.org.ar\/web\/#website\",\"url\":\"https:\/\/www.sosunc.org.ar\/web\/\",\"name\":\"SOSUNC\",\"description\":\"Servicio de Obra Social de la Universidad Nacional del Comahue\",\"publisher\":{\"@id\":\"https:\/\/www.sosunc.org.ar\/web\/#organization\"},\"potentialAction\":[{\"@type\":\"SearchAction\",\"target\":{\"@type\":\"EntryPoint\",\"urlTemplate\":\"https:\/\/www.sosunc.org.ar\/web\/?s={search_term_string}\"},\"query-input\":{\"@type\":\"PropertyValueSpecification\",\"valueRequired\":true,\"valueName\":\"search_term_string\"}}],\"inLanguage\":\"es-AR\"},{\"@type\":\"Organization\",\"@id\":\"https:\/\/www.sosunc.org.ar\/web\/#organization\",\"name\":\"Servicio de Obra Social Universidad Nacional del Comahue\",\"url\":\"https:\/\/www.sosunc.org.ar\/web\/\",\"logo\":{\"@type\":\"ImageObject\",\"inLanguage\":\"es-AR\",\"@id\":\"https:\/\/www.sosunc.org.ar\/web\/#\/schema\/logo\/image\/\",\"url\":\"https:\/\/192.9.200.18\/wordpress\/wp-content\/uploads\/2022\/06\/logososunc.png\",\"contentUrl\":\"https:\/\/192.9.200.18\/wordpress\/wp-content\/uploads\/2022\/06\/logososunc.png\",\"width\":333,\"height\":333,\"caption\":\"Servicio de Obra Social Universidad Nacional del Comahue\"},\"image\":{\"@id\":\"https:\/\/www.sosunc.org.ar\/web\/#\/schema\/logo\/image\/\"},\"sameAs\":[\"https:\/\/www.facebook.com\/sosunc.unco\"]}]}<\/script>\n<!-- \/ Yoast SEO plugin. -->","yoast_head_json":{"title":"Cartilla M\u00e9dica - SOSUNC","description":"Servicio de Obra Social de la Universidad Nacional del Comahue. Obra Social, Farmacia y Turismo.","robots":{"index":"index","follow":"follow","max-snippet":"max-snippet:-1","max-image-preview":"max-image-preview:large","max-video-preview":"max-video-preview:-1"},"canonical":"https:\/\/www.sosunc.org.ar\/web\/?page_id=2175","og_locale":"es_ES","og_type":"article","og_title":"Cartilla M\u00e9dica - SOSUNC","og_description":"Servicio de Obra Social de la Universidad Nacional del Comahue. Obra Social, Farmacia y Turismo.","og_url":"https:\/\/www.sosunc.org.ar\/web\/?page_id=2175","og_site_name":"SOSUNC","article_publisher":"https:\/\/www.facebook.com\/sosunc.unco","article_modified_time":"2026-03-20T14:02:22+00:00","og_image":[{"width":333,"height":333,"url":"https:\/\/192.9.200.18\/wordpress\/wp-content\/uploads\/2022\/06\/logososunc.png","type":"image\/png"}],"twitter_card":"summary_large_image","twitter_misc":{"Tiempo de lectura":"1 minuto"},"schema":{"@context":"https:\/\/schema.org","@graph":[{"@type":"WebPage","@id":"https:\/\/www.sosunc.org.ar\/web\/?page_id=2175","url":"https:\/\/www.sosunc.org.ar\/web\/?page_id=2175","name":"Cartilla M\u00e9dica - SOSUNC","isPartOf":{"@id":"https:\/\/www.sosunc.org.ar\/web\/#website"},"datePublished":"2021-11-04T13:10:41+00:00","dateModified":"2026-03-20T14:02:22+00:00","description":"Servicio de Obra Social de la Universidad Nacional del Comahue. Obra Social, Farmacia y Turismo.","breadcrumb":{"@id":"https:\/\/www.sosunc.org.ar\/web\/?page_id=2175#breadcrumb"},"inLanguage":"es-AR","potentialAction":[{"@type":"ReadAction","target":["https:\/\/www.sosunc.org.ar\/web\/?page_id=2175"]}]},{"@type":"BreadcrumbList","@id":"https:\/\/www.sosunc.org.ar\/web\/?page_id=2175#breadcrumb","itemListElement":[{"@type":"ListItem","position":1,"name":"Inicio","item":"https:\/\/www.sosunc.org.ar\/web\/"},{"@type":"ListItem","position":2,"name":"Cartilla M\u00e9dica"}]},{"@type":"WebSite","@id":"https:\/\/www.sosunc.org.ar\/web\/#website","url":"https:\/\/www.sosunc.org.ar\/web\/","name":"SOSUNC","description":"Servicio de Obra Social de la Universidad Nacional del Comahue","publisher":{"@id":"https:\/\/www.sosunc.org.ar\/web\/#organization"},"potentialAction":[{"@type":"SearchAction","target":{"@type":"EntryPoint","urlTemplate":"https:\/\/www.sosunc.org.ar\/web\/?s={search_term_string}"},"query-input":{"@type":"PropertyValueSpecification","valueRequired":true,"valueName":"search_term_string"}}],"inLanguage":"es-AR"},{"@type":"Organization","@id":"https:\/\/www.sosunc.org.ar\/web\/#organization","name":"Servicio de Obra Social Universidad Nacional del Comahue","url":"https:\/\/www.sosunc.org.ar\/web\/","logo":{"@type":"ImageObject","inLanguage":"es-AR","@id":"https:\/\/www.sosunc.org.ar\/web\/#\/schema\/logo\/image\/","url":"https:\/\/192.9.200.18\/wordpress\/wp-content\/uploads\/2022\/06\/logososunc.png","contentUrl":"https:\/\/192.9.200.18\/wordpress\/wp-content\/uploads\/2022\/06\/logososunc.png","width":333,"height":333,"caption":"Servicio de Obra Social Universidad Nacional del Comahue"},"image":{"@id":"https:\/\/www.sosunc.org.ar\/web\/#\/schema\/logo\/image\/"},"sameAs":["https:\/\/www.facebook.com\/sosunc.unco"]}]}},"_links":{"self":[{"href":"https:\/\/www.sosunc.org.ar\/web\/index.php?rest_route=\/wp\/v2\/pages\/2175","targetHints":{"allow":["GET"]}}],"collection":[{"href":"https:\/\/www.sosunc.org.ar\/web\/index.php?rest_route=\/wp\/v2\/pages"}],"about":[{"href":"https:\/\/www.sosunc.org.ar\/web\/index.php?rest_route=\/wp\/v2\/types\/page"}],"author":[{"embeddable":true,"href":"https:\/\/www.sosunc.org.ar\/web\/index.php?rest_route=\/wp\/v2\/users\/1"}],"replies":[{"embeddable":true,"href":"https:\/\/www.sosunc.org.ar\/web\/index.php?rest_route=%2Fwp%2Fv2%2Fcomments&post=2175"}],"version-history":[{"count":143,"href":"https:\/\/www.sosunc.org.ar\/web\/index.php?rest_route=\/wp\/v2\/pages\/2175\/revisions"}],"predecessor-version":[{"id":10223,"href":"https:\/\/www.sosunc.org.ar\/web\/index.php?rest_route=\/wp\/v2\/pages\/2175\/revisions\/10223"}],"wp:attachment":[{"href":"https:\/\/www.sosunc.org.ar\/web\/index.php?rest_route=%2Fwp%2Fv2%2Fmedia&parent=2175"}],"curies":[{"name":"wp","href":"https:\/\/api.w.org\/{rel}","templated":true}]}}