{"id":183,"date":"2020-05-29T20:34:28","date_gmt":"2020-05-29T23:34:28","guid":{"rendered":"http:\/\/170.210.80.98:8385\/wordpress\/?page_id=183"},"modified":"2024-12-05T08:47:07","modified_gmt":"2024-12-05T11:47:07","slug":"turismo","status":"publish","type":"page","link":"https:\/\/www.sosunc.org.ar\/web\/?page_id=183","title":{"rendered":"Turismo"},"content":{"rendered":"\n<p class=\"has-white-color has-text-color\"><\/p>\n\n\n<div class=\"wp-block-image\">\n<figure class=\"aligncenter size-full is-resized has-lightbox\"><img decoding=\"async\" src=\"https:\/\/192.9.200.18\/wordpress\/wp-content\/uploads\/2022\/11\/web-titulo-Destinos.png\" alt=\"\" class=\"wp-image-4880\" width=\"500\" height=\"NaN\" srcset=\"http:\/\/192.9.200.18\/wordpress\/wp-content\/uploads\/2022\/11\/web-titulo-Destinos.png 1314w, http:\/\/192.9.200.18\/wordpress\/wp-content\/uploads\/2022\/11\/web-titulo-Destinos-300x95.png 300w, http:\/\/192.9.200.18\/wordpress\/wp-content\/uploads\/2022\/11\/web-titulo-Destinos-1024x326.png 1024w, http:\/\/192.9.200.18\/wordpress\/wp-content\/uploads\/2022\/11\/web-titulo-Destinos-768x244.png 768w\" sizes=\"(max-width: 1314px) 100vw, 1314px\" \/><\/figure>\n<\/div>\n\n\n<p class=\"has-white-color has-text-color\"><\/p>\n\n\n\n<h3 class=\"wp-block-heading has-text-align-center has-luminous-vivid-orange-color has-text-color\">Descuentos para afiliados y afiliadas<\/h3>\n\n\n\n<p class=\"has-white-color has-text-color\">.<\/p>\n\n\n\n<p style=\"font-size:18px\">Encuentre las distintas opciones para poder disfrutar sus vacaciones o una escapada de fin de semana. SOSUNC ofrece estos servicios exclusivamente para la comunidad de docentes y nodocentes de la Universidad Nacional del Comahue.<br><br><\/p>\n\n\n\n<h2 class=\"wp-block-heading has-text-color\" style=\"color:#01114c\"><strong>\u00bfC\u00f3mo hacer una reserva?<\/strong><\/h2>\n\n\n\n<p><strong>1)<\/strong> Busque en esta p\u00e1gina los destinos y hospedajes disponibles con descuento y financiaci\u00f3n para nuestros afiliados y afiliadas.<\/p>\n\n\n\n<p><strong>2)<\/strong> Consulte en SOSUNC Turismo la disponibilidad. Env\u00ede su mensaje al Whatsapp 299 4099218 de lunes a viernes, de 8 a 15 hs. Indique las fechas y el destino elegidos, as\u00ed como la cantidad de pasajeros.<br><br><strong>3)<\/strong> SOSUNC Turismo har\u00e1 la gesti\u00f3n y se pondr\u00e1 en contacto a la brevedad para informarle la disponibilidad y cotizaci\u00f3n del alojamiento.<\/p>\n\n\n\n<p class=\"has-text-color\" style=\"color:#01114c;font-size:18px\"><strong>Para reservar, se abona una se\u00f1a del 50 por ciento del total de la estad\u00eda.<\/strong><\/p>\n\n\n\n<p class=\"has-black-color has-text-color\" style=\"font-size:18px\"><\/p>\n\n\n\n<p class=\"has-white-color has-text-color has-link-color wp-elements-7e4ac651328708ea719ac0894fa30934\">.<\/p>\n\n\n\n<h2 class=\"wp-block-heading has-text-align-center has-white-color has-text-color has-background\" style=\"background-color:#fe7d21;font-size:35px\"><strong>Complejos SOSUNC<\/strong><\/h2>\n\n\n\n<p class=\"has-white-color has-text-color has-link-color wp-elements-7e4ac651328708ea719ac0894fa30934\">.<\/p>\n\n\n\n<h3 class=\"wp-block-heading has-text-color\" style=\"color:#01114c\"><strong><a href=\"https:\/\/www.sosunc.org.ar\/web\/?page_id=521\" target=\"_blank\" rel=\"noreferrer noopener\">Camping Las Grutas<\/a><\/strong><\/h3>\n\n\n<div class=\"wp-block-image\">\n<figure class=\"aligncenter size-large is-resized\"><img loading=\"lazy\" decoding=\"async\" width=\"1024\" height=\"683\" src=\"https:\/\/192.9.200.18\/wordpress\/wp-content\/uploads\/2024\/11\/Camping-Sosunc-Las-Grutas-1-1024x683.jpg\" alt=\"\" class=\"wp-image-8209\" style=\"width:600px\" srcset=\"http:\/\/192.9.200.18\/wordpress\/wp-content\/uploads\/2024\/11\/Camping-Sosunc-Las-Grutas-1-1024x683.jpg 1024w, http:\/\/192.9.200.18\/wordpress\/wp-content\/uploads\/2024\/11\/Camping-Sosunc-Las-Grutas-1-300x200.jpg 300w, http:\/\/192.9.200.18\/wordpress\/wp-content\/uploads\/2024\/11\/Camping-Sosunc-Las-Grutas-1-768x512.jpg 768w, http:\/\/192.9.200.18\/wordpress\/wp-content\/uploads\/2024\/11\/Camping-Sosunc-Las-Grutas-1-1536x1024.jpg 1536w, http:\/\/192.9.200.18\/wordpress\/wp-content\/uploads\/2024\/11\/Camping-Sosunc-Las-Grutas-1-2048x1365.jpg 2048w\" sizes=\"auto, (max-width: 1024px) 100vw, 1024px\" \/><\/figure>\n<\/div>\n\n\n<p style=\"font-size:18px\">El Camping SOSUNC ofrece un entorno natural con mucha sombra y todas las comodidades para acampar. Est\u00e1 ubicado en la avenida Curru Leuv\u00fa 1170 de Las Grutas, a dos cuadras de la bajada \u201cLa Rinconada\u201d. <a href=\"https:\/\/www.sosunc.org.ar\/web\/?page_id=521\" target=\"_blank\" rel=\"noreferrer noopener\"><strong>Ver m\u00e1s<\/strong><\/a><\/p>\n\n\n\n<p class=\"has-white-color has-text-color\">.<\/p>\n\n\n\n<h3 class=\"wp-block-heading\"><strong><a href=\"https:\/\/www.sosunc.org.ar\/web\/?page_id=5385\" target=\"_blank\" rel=\"noreferrer noopener\">Caba\u00f1as  de Copahue<\/a><\/strong><\/h3>\n\n\n<div class=\"wp-block-image\">\n<figure class=\"aligncenter size-full is-resized\"><img loading=\"lazy\" decoding=\"async\" width=\"960\" height=\"640\" src=\"http:\/\/192.9.200.18\/wordpress\/wp-content\/uploads\/2023\/01\/Cabanas-Copahue-.jpg\" alt=\"\" class=\"wp-image-5264\" style=\"width:600px\" srcset=\"http:\/\/192.9.200.18\/wordpress\/wp-content\/uploads\/2023\/01\/Cabanas-Copahue-.jpg 960w, http:\/\/192.9.200.18\/wordpress\/wp-content\/uploads\/2023\/01\/Cabanas-Copahue--300x200.jpg 300w, http:\/\/192.9.200.18\/wordpress\/wp-content\/uploads\/2023\/01\/Cabanas-Copahue--768x512.jpg 768w\" sizes=\"auto, (max-width: 960px) 100vw, 960px\" \/><\/figure>\n<\/div>\n\n\n<p>En la villa Copahue, SOSUNC cuenta con dos caba\u00f1as de madera del tipo \u201calpina\u201d, cada una con capacidad para cinco pasajeros. Ambas cuentan con parrilla, Smart TV y conexi\u00f3n de WiFi, calefacci\u00f3n a gas por zeppelin, luz y agua corriente.&nbsp;<a href=\"https:\/\/www.sosunc.org.ar\/web\/?page_id=5385\" target=\"_blank\" rel=\"noreferrer noopener\"><strong>Ver m\u00e1s<\/strong><\/a><\/p>\n\n\n\n<p class=\"has-white-color has-text-color\">.<\/p>\n\n\n\n<h3 class=\"wp-block-heading has-text-color\" style=\"color:#01114c\"><strong><a href=\"https:\/\/www.sosunc.org.ar\/web\/?page_id=518\" target=\"_blank\" rel=\"noreferrer noopener\">Complejo recreativo &#8220;Los Sauces&#8221;<\/a><\/strong><\/h3>\n\n\n<div class=\"wp-block-image\">\n<figure class=\"aligncenter size-large is-resized\"><img loading=\"lazy\" decoding=\"async\" width=\"1024\" height=\"682\" src=\"http:\/\/192.9.200.18\/wordpress\/wp-content\/uploads\/2022\/01\/chacra-1024x682.jpeg\" alt=\"\" class=\"wp-image-2611\" style=\"width:600px\"\/><\/figure>\n<\/div>\n\n\n<p style=\"font-size:18px\">Los Sauces es un centro recreativo ubicado en la zona chacras de Neuqu\u00e9n capital.&nbsp; Dentro de sus 6 hect\u00e1reas arboladas, cuenta con un sal\u00f3n habilitado como bufet con capacidad para 60 personas y un amplio espacio al aire libre con parrillas, juegos infantiles y canchas. <a href=\"https:\/\/www.sosunc.org.ar\/web\/?page_id=518\" target=\"_blank\" rel=\"noreferrer noopener\"><strong>Ver m\u00e1s<\/strong><\/a><\/p>\n\n\n\n<p class=\"has-white-color has-text-color\">.<\/p>\n\n\n\n<h2 class=\"wp-block-heading has-text-align-center has-white-color has-text-color has-background\" style=\"background-color:#fe7d21\"><strong>Convenios vigentes<\/strong><\/h2>\n\n\n\n<p class=\"has-white-color has-text-color has-link-color wp-elements-7e4ac651328708ea719ac0894fa30934\">.<\/p>\n\n\n\n<h2 class=\"wp-block-heading has-text-color\" style=\"color:#01114c\"><a href=\"http:\/\/192.9.200.18\/wordpress\/?page_id=899\" target=\"_blank\" rel=\"noreferrer noopener\">Mar y playa<\/a><\/h2>\n\n\n\n<div class=\"wp-block-columns is-layout-flex wp-container-core-columns-is-layout-9d6595d7 wp-block-columns-is-layout-flex\">\n<div class=\"wp-block-column is-layout-flow wp-block-column-is-layout-flow\">\n<figure class=\"wp-block-image size-large\"><img loading=\"lazy\" decoding=\"async\" width=\"1330\" height=\"960\" src=\"http:\/\/192.9.200.18\/wordpress\/wp-content\/uploads\/2020\/07\/013_min.jpg\" alt=\"\" class=\"wp-image-864\"\/><figcaption class=\"wp-element-caption\"><a href=\"http:\/\/192.9.200.18\/wordpress\/?p=862\" data-type=\"post\" data-id=\"862\" target=\"_blank\" rel=\"noreferrer noopener\">Las Grutas, R\u00edo Negro. Melewe Apart Hotel, Casas y Duplex<\/a><\/figcaption><\/figure>\n<\/div>\n\n\n\n<div class=\"wp-block-column is-layout-flow wp-block-column-is-layout-flow\">\n<figure class=\"wp-block-image size-large\"><img loading=\"lazy\" decoding=\"async\" width=\"800\" height=\"600\" src=\"http:\/\/192.9.200.18\/wordpress\/wp-content\/uploads\/2020\/07\/frente.jpg\" alt=\"\" class=\"wp-image-859\"\/><figcaption class=\"wp-element-caption\"><a href=\"http:\/\/192.9.200.18\/wordpress\/?p=858\" data-type=\"post\" data-id=\"858\" target=\"_blank\" rel=\"noreferrer noopener\">Playas Doradas, Ro Negro. Complejo La Celeste<\/a><\/figcaption><\/figure>\n<\/div>\n<\/div>\n\n\n\n<div class=\"wp-block-buttons is-content-justification-center is-nowrap is-layout-flex wp-container-core-buttons-is-layout-1fb9aab6 wp-block-buttons-is-layout-flex\">\n<div class=\"wp-block-button has-custom-font-size is-style-circular has-medium-font-size\"><a class=\"wp-block-button__link has-white-color has-vivid-cyan-blue-background-color has-text-color has-background wp-element-button\" href=\"https:\/\/www.sosunc.org.ar\/web\/?page_id=899\" style=\"border-radius:20px\" target=\"_blank\" rel=\"noreferrer noopener\">VER TODOS LOS DESTINOS DE MAR Y PLAYA<\/a><\/div>\n<\/div>\n\n\n\n<div style=\"height:40px\" aria-hidden=\"true\" class=\"wp-block-spacer\"><\/div>\n\n\n\n<hr class=\"wp-block-separator has-css-opacity\"\/>\n\n\n\n<p class=\"has-white-color has-text-color has-link-color wp-elements-7e4ac651328708ea719ac0894fa30934\">.<\/p>\n\n\n\n<h2 class=\"wp-block-heading has-text-color\" style=\"color:#01114c\"><a href=\"https:\/\/www.sosunc.org.ar\/web\/?page_id=901\" target=\"_blank\" rel=\"noreferrer noopener\">Monta\u00f1as y lagos<\/a><\/h2>\n\n\n\n<div class=\"wp-block-columns is-layout-flex wp-container-core-columns-is-layout-9d6595d7 wp-block-columns-is-layout-flex\">\n<div class=\"wp-block-column is-layout-flow wp-block-column-is-layout-flow\">\n<figure class=\"wp-block-image size-large\"><img loading=\"lazy\" decoding=\"async\" width=\"801\" height=\"521\" src=\"http:\/\/192.9.200.18\/wordpress\/wp-content\/uploads\/2020\/07\/Captura-de-pantalla-de-2019-10-28-13-03-14.png\" alt=\"\" class=\"wp-image-730\"\/><figcaption class=\"wp-element-caption\"><a href=\"http:\/\/192.9.200.18\/wordpress\/?p=729\" data-type=\"post\" data-id=\"729\" target=\"_blank\" rel=\"noreferrer noopener\">Lago Puelo, Chubut. Caba\u00f1as Pehuma-hue<\/a><\/figcaption><\/figure>\n<\/div>\n<\/div>\n\n\n\n<div class=\"wp-block-buttons is-content-justification-center is-layout-flex wp-container-core-buttons-is-layout-16018d1d wp-block-buttons-is-layout-flex\">\n<div class=\"wp-block-button has-custom-font-size is-style-circular has-medium-font-size\"><a class=\"wp-block-button__link has-white-color has-vivid-cyan-blue-background-color has-text-color has-background wp-element-button\" href=\"https:\/\/www.sosunc.org.ar\/web\/?page_id=901\" style=\"border-radius:20px\" target=\"_blank\" rel=\"noreferrer noopener\">VER TODOS LOS DESTINOS DE MONTA\u00d1AS Y LAGOS<\/a><\/div>\n<\/div>\n\n\n\n<div style=\"height:40px\" aria-hidden=\"true\" class=\"wp-block-spacer\"><\/div>\n\n\n\n<hr class=\"wp-block-separator has-css-opacity\"\/>\n\n\n\n<p class=\"has-white-color has-text-color has-link-color wp-elements-7e4ac651328708ea719ac0894fa30934\">.<\/p>\n\n\n\n<h2 class=\"wp-block-heading has-text-color\" style=\"color:#01114c\"><a href=\"https:\/\/www.sosunc.org.ar\/web\/?page_id=905\" target=\"_blank\" rel=\"noreferrer noopener\">Ciudades<\/a><\/h2>\n\n\n\n<div class=\"wp-block-columns is-layout-flex wp-container-core-columns-is-layout-9d6595d7 wp-block-columns-is-layout-flex\">\n<div class=\"wp-block-column is-layout-flow wp-block-column-is-layout-flow\">\n<figure class=\"wp-block-image size-large\"><img loading=\"lazy\" decoding=\"async\" width=\"860\" height=\"717\" src=\"http:\/\/192.9.200.18\/wordpress\/wp-content\/uploads\/2020\/07\/Captura-de-pantalla-de-2019-10-25-11-49-36-1.png\" alt=\"\" class=\"wp-image-825\"\/><figcaption class=\"wp-element-caption\"><a href=\"http:\/\/192.9.200.18\/wordpress\/?p=823\" data-type=\"post\" data-id=\"823\" target=\"_blank\" rel=\"noreferrer noopener\">Buenos Aires, CABA. Sarmiento Palace Hotel<\/a><\/figcaption><\/figure>\n<\/div>\n\n\n\n<div class=\"wp-block-column is-layout-flow wp-block-column-is-layout-flow\">\n<figure class=\"wp-block-image size-large\"><img loading=\"lazy\" decoding=\"async\" width=\"1280\" height=\"855\" src=\"http:\/\/192.9.200.18\/wordpress\/wp-content\/uploads\/2020\/07\/32255896.jpg\" alt=\"\" class=\"wp-image-811\"\/><figcaption class=\"wp-element-caption\"><a href=\"http:\/\/192.9.200.18\/wordpress\/?p=809\" data-type=\"post\" data-id=\"809\" target=\"_blank\" rel=\"noreferrer noopener\">Buenos Aires, CABA. Hotel Mil\u00e1n<\/a><\/figcaption><\/figure>\n\n\n\n<p><\/p>\n<\/div>\n<\/div>\n\n\n\n<div class=\"wp-block-buttons is-content-justification-center is-layout-flex wp-container-core-buttons-is-layout-16018d1d wp-block-buttons-is-layout-flex\">\n<div class=\"wp-block-button has-custom-font-size is-style-circular has-medium-font-size\"><a class=\"wp-block-button__link has-white-color has-vivid-cyan-blue-background-color has-text-color has-background wp-element-button\" href=\"https:\/\/www.sosunc.org.ar\/web\/?page_id=905\" style=\"border-radius:20px\" target=\"_blank\" rel=\"noreferrer noopener\">VER TODOS LOS DESTINOS DE CIUDADES<\/a><\/div>\n<\/div>\n\n\n\n<div style=\"height:40px\" aria-hidden=\"true\" class=\"wp-block-spacer\"><\/div>\n\n\n\n<hr class=\"wp-block-separator has-css-opacity\"\/>\n\n\n\n<p class=\"has-white-color has-text-color has-link-color wp-elements-7e4ac651328708ea719ac0894fa30934\">.<\/p>\n\n\n\n<h2 class=\"wp-block-heading has-text-color\" style=\"color:#01114c\"><a href=\"https:\/\/www.sosunc.org.ar\/web\/?page_id=903\" target=\"_blank\" rel=\"noreferrer noopener\">Sierras cordobesas<\/a><\/h2>\n\n\n\n<div class=\"wp-block-columns is-layout-flex wp-container-core-columns-is-layout-9d6595d7 wp-block-columns-is-layout-flex\">\n<div class=\"wp-block-column is-layout-flow wp-block-column-is-layout-flow\">\n<figure class=\"wp-block-image size-large\"><img loading=\"lazy\" decoding=\"async\" width=\"1024\" height=\"683\" src=\"http:\/\/192.9.200.18\/wordpress\/wp-content\/uploads\/2020\/07\/Mina-Clavero-Las-Catalpas-portada-1024x683.jpg\" alt=\"\" class=\"wp-image-8499\" srcset=\"http:\/\/192.9.200.18\/wordpress\/wp-content\/uploads\/2020\/07\/Mina-Clavero-Las-Catalpas-portada-1024x683.jpg 1024w, http:\/\/192.9.200.18\/wordpress\/wp-content\/uploads\/2020\/07\/Mina-Clavero-Las-Catalpas-portada-300x200.jpg 300w, http:\/\/192.9.200.18\/wordpress\/wp-content\/uploads\/2020\/07\/Mina-Clavero-Las-Catalpas-portada-768x512.jpg 768w, http:\/\/192.9.200.18\/wordpress\/wp-content\/uploads\/2020\/07\/Mina-Clavero-Las-Catalpas-portada-1536x1024.jpg 1536w, http:\/\/192.9.200.18\/wordpress\/wp-content\/uploads\/2020\/07\/Mina-Clavero-Las-Catalpas-portada.jpg 1900w\" sizes=\"auto, (max-width: 1024px) 100vw, 1024px\" \/><figcaption class=\"wp-element-caption\"><a href=\"http:\/\/192.9.200.18\/wordpress\/?p=831\" data-type=\"post\" data-id=\"831\" target=\"_blank\" rel=\"noreferrer noopener\">Mina Clavero, C\u00f3rdoba. Complejo Las Catalpas, Apart Hotel<\/a><\/figcaption><\/figure>\n<\/div>\n<\/div>\n\n\n\n<div class=\"wp-block-buttons is-content-justification-center is-layout-flex wp-container-core-buttons-is-layout-16018d1d wp-block-buttons-is-layout-flex\">\n<div class=\"wp-block-button has-custom-font-size is-style-circular has-medium-font-size\"><a class=\"wp-block-button__link has-white-color has-vivid-cyan-blue-background-color has-text-color has-background wp-element-button\" href=\"https:\/\/www.sosunc.org.ar\/web\/?page_id=903\" style=\"border-radius:20px\" target=\"_blank\" rel=\"noreferrer noopener\">VER TODOS LOS DESTINOS DE SIERRAS CORDOBESAS<\/a><\/div>\n<\/div>\n","protected":false},"excerpt":{"rendered":"<p>Descuentos para afiliados y afiliadas . Encuentre las distintas opciones para poder disfrutar sus vacaciones o una escapada de fin de semana. SOSUNC ofrece estos servicios exclusivamente para la comunidad de docentes y nodocentes de la Universidad Nacional del Comahue. \u00bfC\u00f3mo hacer una reserva? 1) Busque en esta p\u00e1gina los destinos y hospedajes disponibles con [&hellip;]<\/p>\n","protected":false},"author":1,"featured_media":0,"parent":0,"menu_order":0,"comment_status":"closed","ping_status":"closed","template":"","meta":{"_coblocks_attr":"","_coblocks_dimensions":"","_coblocks_responsive_height":"","_coblocks_accordion_ie_support":"","footnotes":""},"class_list":["post-183","page","type-page","status-publish","hentry"],"yoast_head":"<!-- This site is optimized with the Yoast SEO plugin v26.5 - https:\/\/yoast.com\/wordpress\/plugins\/seo\/ -->\n<title>Turismo - SOSUNC<\/title>\n<meta name=\"description\" content=\"Destinos en toda la Argentina. Descuentos exclusivos para afiliados y afiliadas SOSUNC.\" \/>\n<meta name=\"robots\" content=\"index, follow, max-snippet:-1, max-image-preview:large, max-video-preview:-1\" \/>\n<link rel=\"canonical\" href=\"https:\/\/www.sosunc.org.ar\/web\/?page_id=183\" \/>\n<meta property=\"og:locale\" content=\"es_ES\" \/>\n<meta property=\"og:type\" content=\"article\" \/>\n<meta property=\"og:title\" content=\"Turismo - SOSUNC\" \/>\n<meta property=\"og:description\" content=\"Destinos en toda la Argentina. Descuentos exclusivos para afiliados y afiliadas SOSUNC.\" \/>\n<meta property=\"og:url\" content=\"https:\/\/www.sosunc.org.ar\/web\/?page_id=183\" \/>\n<meta property=\"og:site_name\" content=\"SOSUNC\" \/>\n<meta property=\"article:publisher\" content=\"https:\/\/www.facebook.com\/sosunc.unco\" \/>\n<meta property=\"article:modified_time\" content=\"2024-12-05T11:47:07+00:00\" \/>\n<meta property=\"og:image\" content=\"https:\/\/192.9.200.18\/wordpress\/wp-content\/uploads\/2022\/11\/web-titulo-Destinos.png\" \/>\n<meta name=\"twitter:card\" content=\"summary_large_image\" \/>\n<meta name=\"twitter:label1\" content=\"Tiempo de lectura\" \/>\n\t<meta name=\"twitter:data1\" content=\"4 minutos\" \/>\n<script type=\"application\/ld+json\" class=\"yoast-schema-graph\">{\"@context\":\"https:\/\/schema.org\",\"@graph\":[{\"@type\":\"WebPage\",\"@id\":\"https:\/\/www.sosunc.org.ar\/web\/?page_id=183\",\"url\":\"https:\/\/www.sosunc.org.ar\/web\/?page_id=183\",\"name\":\"Turismo - SOSUNC\",\"isPartOf\":{\"@id\":\"https:\/\/www.sosunc.org.ar\/web\/#website\"},\"primaryImageOfPage\":{\"@id\":\"https:\/\/www.sosunc.org.ar\/web\/?page_id=183#primaryimage\"},\"image\":{\"@id\":\"https:\/\/www.sosunc.org.ar\/web\/?page_id=183#primaryimage\"},\"thumbnailUrl\":\"https:\/\/192.9.200.18\/wordpress\/wp-content\/uploads\/2022\/11\/web-titulo-Destinos.png\",\"datePublished\":\"2020-05-29T23:34:28+00:00\",\"dateModified\":\"2024-12-05T11:47:07+00:00\",\"description\":\"Destinos en toda la Argentina. Descuentos exclusivos para afiliados y afiliadas SOSUNC.\",\"breadcrumb\":{\"@id\":\"https:\/\/www.sosunc.org.ar\/web\/?page_id=183#breadcrumb\"},\"inLanguage\":\"es-AR\",\"potentialAction\":[{\"@type\":\"ReadAction\",\"target\":[\"https:\/\/www.sosunc.org.ar\/web\/?page_id=183\"]}]},{\"@type\":\"ImageObject\",\"inLanguage\":\"es-AR\",\"@id\":\"https:\/\/www.sosunc.org.ar\/web\/?page_id=183#primaryimage\",\"url\":\"https:\/\/192.9.200.18\/wordpress\/wp-content\/uploads\/2022\/11\/web-titulo-Destinos.png\",\"contentUrl\":\"https:\/\/192.9.200.18\/wordpress\/wp-content\/uploads\/2022\/11\/web-titulo-Destinos.png\"},{\"@type\":\"BreadcrumbList\",\"@id\":\"https:\/\/www.sosunc.org.ar\/web\/?page_id=183#breadcrumb\",\"itemListElement\":[{\"@type\":\"ListItem\",\"position\":1,\"name\":\"Inicio\",\"item\":\"https:\/\/www.sosunc.org.ar\/web\/\"},{\"@type\":\"ListItem\",\"position\":2,\"name\":\"Turismo\"}]},{\"@type\":\"WebSite\",\"@id\":\"https:\/\/www.sosunc.org.ar\/web\/#website\",\"url\":\"https:\/\/www.sosunc.org.ar\/web\/\",\"name\":\"SOSUNC\",\"description\":\"Servicio de Obra Social de la Universidad Nacional del Comahue\",\"publisher\":{\"@id\":\"https:\/\/www.sosunc.org.ar\/web\/#organization\"},\"potentialAction\":[{\"@type\":\"SearchAction\",\"target\":{\"@type\":\"EntryPoint\",\"urlTemplate\":\"https:\/\/www.sosunc.org.ar\/web\/?s={search_term_string}\"},\"query-input\":{\"@type\":\"PropertyValueSpecification\",\"valueRequired\":true,\"valueName\":\"search_term_string\"}}],\"inLanguage\":\"es-AR\"},{\"@type\":\"Organization\",\"@id\":\"https:\/\/www.sosunc.org.ar\/web\/#organization\",\"name\":\"Servicio de Obra Social Universidad Nacional del Comahue\",\"url\":\"https:\/\/www.sosunc.org.ar\/web\/\",\"logo\":{\"@type\":\"ImageObject\",\"inLanguage\":\"es-AR\",\"@id\":\"https:\/\/www.sosunc.org.ar\/web\/#\/schema\/logo\/image\/\",\"url\":\"https:\/\/192.9.200.18\/wordpress\/wp-content\/uploads\/2022\/06\/logososunc.png\",\"contentUrl\":\"https:\/\/192.9.200.18\/wordpress\/wp-content\/uploads\/2022\/06\/logososunc.png\",\"width\":333,\"height\":333,\"caption\":\"Servicio de Obra Social Universidad Nacional del Comahue\"},\"image\":{\"@id\":\"https:\/\/www.sosunc.org.ar\/web\/#\/schema\/logo\/image\/\"},\"sameAs\":[\"https:\/\/www.facebook.com\/sosunc.unco\"]}]}<\/script>\n<!-- \/ Yoast SEO plugin. -->","yoast_head_json":{"title":"Turismo - SOSUNC","description":"Destinos en toda la Argentina. Descuentos exclusivos para afiliados y afiliadas SOSUNC.","robots":{"index":"index","follow":"follow","max-snippet":"max-snippet:-1","max-image-preview":"max-image-preview:large","max-video-preview":"max-video-preview:-1"},"canonical":"https:\/\/www.sosunc.org.ar\/web\/?page_id=183","og_locale":"es_ES","og_type":"article","og_title":"Turismo - SOSUNC","og_description":"Destinos en toda la Argentina. Descuentos exclusivos para afiliados y afiliadas SOSUNC.","og_url":"https:\/\/www.sosunc.org.ar\/web\/?page_id=183","og_site_name":"SOSUNC","article_publisher":"https:\/\/www.facebook.com\/sosunc.unco","article_modified_time":"2024-12-05T11:47:07+00:00","og_image":[{"url":"https:\/\/192.9.200.18\/wordpress\/wp-content\/uploads\/2022\/11\/web-titulo-Destinos.png","type":"","width":"","height":""}],"twitter_card":"summary_large_image","twitter_misc":{"Tiempo de lectura":"4 minutos"},"schema":{"@context":"https:\/\/schema.org","@graph":[{"@type":"WebPage","@id":"https:\/\/www.sosunc.org.ar\/web\/?page_id=183","url":"https:\/\/www.sosunc.org.ar\/web\/?page_id=183","name":"Turismo - SOSUNC","isPartOf":{"@id":"https:\/\/www.sosunc.org.ar\/web\/#website"},"primaryImageOfPage":{"@id":"https:\/\/www.sosunc.org.ar\/web\/?page_id=183#primaryimage"},"image":{"@id":"https:\/\/www.sosunc.org.ar\/web\/?page_id=183#primaryimage"},"thumbnailUrl":"https:\/\/192.9.200.18\/wordpress\/wp-content\/uploads\/2022\/11\/web-titulo-Destinos.png","datePublished":"2020-05-29T23:34:28+00:00","dateModified":"2024-12-05T11:47:07+00:00","description":"Destinos en toda la Argentina. Descuentos exclusivos para afiliados y afiliadas SOSUNC.","breadcrumb":{"@id":"https:\/\/www.sosunc.org.ar\/web\/?page_id=183#breadcrumb"},"inLanguage":"es-AR","potentialAction":[{"@type":"ReadAction","target":["https:\/\/www.sosunc.org.ar\/web\/?page_id=183"]}]},{"@type":"ImageObject","inLanguage":"es-AR","@id":"https:\/\/www.sosunc.org.ar\/web\/?page_id=183#primaryimage","url":"https:\/\/192.9.200.18\/wordpress\/wp-content\/uploads\/2022\/11\/web-titulo-Destinos.png","contentUrl":"https:\/\/192.9.200.18\/wordpress\/wp-content\/uploads\/2022\/11\/web-titulo-Destinos.png"},{"@type":"BreadcrumbList","@id":"https:\/\/www.sosunc.org.ar\/web\/?page_id=183#breadcrumb","itemListElement":[{"@type":"ListItem","position":1,"name":"Inicio","item":"https:\/\/www.sosunc.org.ar\/web\/"},{"@type":"ListItem","position":2,"name":"Turismo"}]},{"@type":"WebSite","@id":"https:\/\/www.sosunc.org.ar\/web\/#website","url":"https:\/\/www.sosunc.org.ar\/web\/","name":"SOSUNC","description":"Servicio de Obra Social de la Universidad Nacional del Comahue","publisher":{"@id":"https:\/\/www.sosunc.org.ar\/web\/#organization"},"potentialAction":[{"@type":"SearchAction","target":{"@type":"EntryPoint","urlTemplate":"https:\/\/www.sosunc.org.ar\/web\/?s={search_term_string}"},"query-input":{"@type":"PropertyValueSpecification","valueRequired":true,"valueName":"search_term_string"}}],"inLanguage":"es-AR"},{"@type":"Organization","@id":"https:\/\/www.sosunc.org.ar\/web\/#organization","name":"Servicio de Obra Social Universidad Nacional del Comahue","url":"https:\/\/www.sosunc.org.ar\/web\/","logo":{"@type":"ImageObject","inLanguage":"es-AR","@id":"https:\/\/www.sosunc.org.ar\/web\/#\/schema\/logo\/image\/","url":"https:\/\/192.9.200.18\/wordpress\/wp-content\/uploads\/2022\/06\/logososunc.png","contentUrl":"https:\/\/192.9.200.18\/wordpress\/wp-content\/uploads\/2022\/06\/logososunc.png","width":333,"height":333,"caption":"Servicio de Obra Social Universidad Nacional del Comahue"},"image":{"@id":"https:\/\/www.sosunc.org.ar\/web\/#\/schema\/logo\/image\/"},"sameAs":["https:\/\/www.facebook.com\/sosunc.unco"]}]}},"_links":{"self":[{"href":"https:\/\/www.sosunc.org.ar\/web\/index.php?rest_route=\/wp\/v2\/pages\/183","targetHints":{"allow":["GET"]}}],"collection":[{"href":"https:\/\/www.sosunc.org.ar\/web\/index.php?rest_route=\/wp\/v2\/pages"}],"about":[{"href":"https:\/\/www.sosunc.org.ar\/web\/index.php?rest_route=\/wp\/v2\/types\/page"}],"author":[{"embeddable":true,"href":"https:\/\/www.sosunc.org.ar\/web\/index.php?rest_route=\/wp\/v2\/users\/1"}],"replies":[{"embeddable":true,"href":"https:\/\/www.sosunc.org.ar\/web\/index.php?rest_route=%2Fwp%2Fv2%2Fcomments&post=183"}],"version-history":[{"count":124,"href":"https:\/\/www.sosunc.org.ar\/web\/index.php?rest_route=\/wp\/v2\/pages\/183\/revisions"}],"predecessor-version":[{"id":8599,"href":"https:\/\/www.sosunc.org.ar\/web\/index.php?rest_route=\/wp\/v2\/pages\/183\/revisions\/8599"}],"wp:attachment":[{"href":"https:\/\/www.sosunc.org.ar\/web\/index.php?rest_route=%2Fwp%2Fv2%2Fmedia&parent=183"}],"curies":[{"name":"wp","href":"https:\/\/api.w.org\/{rel}","templated":true}]}}