{"id":150,"date":"2020-05-29T19:29:34","date_gmt":"2020-05-29T22:29:34","guid":{"rendered":"http:\/\/170.210.80.98:8385\/wordpress\/?page_id=150"},"modified":"2024-02-15T11:29:24","modified_gmt":"2024-02-15T14:29:24","slug":"reciprocidad","status":"publish","type":"page","link":"https:\/\/www.sosunc.org.ar\/web\/?page_id=150","title":{"rendered":"Reciprocidad"},"content":{"rendered":"<div class=\"wp-block-image\">\n<figure class=\"aligncenter size-large is-resized\"><img loading=\"lazy\" decoding=\"async\" src=\"https:\/\/192.9.200.18\/wordpress\/wp-content\/uploads\/2023\/04\/Reciprocidad-portada-1024x646.png\" alt=\"\" class=\"wp-image-5683\" width=\"711\" height=\"449\" srcset=\"http:\/\/192.9.200.18\/wordpress\/wp-content\/uploads\/2023\/04\/Reciprocidad-portada-1024x646.png 1024w, http:\/\/192.9.200.18\/wordpress\/wp-content\/uploads\/2023\/04\/Reciprocidad-portada-300x189.png 300w, http:\/\/192.9.200.18\/wordpress\/wp-content\/uploads\/2023\/04\/Reciprocidad-portada-768x484.png 768w, http:\/\/192.9.200.18\/wordpress\/wp-content\/uploads\/2023\/04\/Reciprocidad-portada.png 1422w\" sizes=\"auto, (max-width: 711px) 100vw, 711px\" \/><\/figure>\n<\/div>\n\n\n<p class=\"has-white-color has-text-color\"><\/p>\n\n\n\n<p>SOSUNC tiene convenios de servicios m\u00e9dico-asistenciales con distintas  obras sociales de las universidades nacionales del pa\u00eds. Son entidades que est\u00e1n en el COSUN (Consejo de Obras Sociales de Universidades Nacionales) m\u00e1s DOSUBA y DASUTEN.<\/p>\n\n\n\n<p>Esto permite la cobertura por reciprocidad de las personas afiliadas a SOSUNC que deben trasladarse a otra provincia.<\/p>\n\n\n\n<p><\/p>\n\n\n\n<div class=\"wp-block-coblocks-accordion\">\n<div class=\"wp-block-coblocks-accordion-item\"><details><summary class=\"wp-block-coblocks-accordion-item__title has-background has-text-color has-black-color\" style=\"background-color:#c1d9fe\"><strong>\u00bfC\u00f3mo se tramita la reciprocidad? <\/strong><\/summary><div class=\"wp-block-coblocks-accordion-item__content\" style=\"border-color:#c1d9fe\">\n<p>Para iniciar el tr\u00e1mite, hay que solicitar una Orden de Reciprocidad en la delegaci\u00f3n de SOSUNC m\u00e1s cercana. Le compartimos los contactos para cada localidad <a href=\"https:\/\/www.sosunc.org.ar\/web\/?page_id=3442\" target=\"_blank\" rel=\"noreferrer noopener\">ac\u00e1<\/a>. <\/p>\n\n\n\n<p>Ese documento se presenta en la obra social de destino. La persona afiliada recibir\u00e1 una credencial adicional para la cobertura de salud en la nueva localidad de residencia.<\/p>\n\n\n\n<p>Con el tr\u00e1mite de Reciprocidad, la persona accede a una Canasta B\u00e1sica de Prestaciones que no necesita autorizaci\u00f3n de SOSUNC. <\/p>\n\n\n\n<p>Para las pr\u00e1cticas y requerimientos de salud que no est\u00e1n incluidos en esa Canasta B\u00e1sica, la persona deber\u00e1 contactar a la <a href=\"https:\/\/www.sosunc.org.ar\/web\/?page_id=244\" target=\"_blank\" rel=\"noreferrer noopener\">Auditor\u00eda de SOSUNC<\/a> para solicitar la autorizaci\u00f3n.<\/p>\n\n\n\n<p>El coseguro por la  prestaci\u00f3n realizada en otra provincia con un  convenio de reciprocidad se descuenta de los haberes del titular cuando la obra social de destino presenta la facturaci\u00f3n a SOSUNC. <\/p>\n\n\n\n<p><\/p>\n<\/div><\/details><\/div>\n\n\n\n<div class=\"wp-block-coblocks-accordion-item\"><details><summary class=\"wp-block-coblocks-accordion-item__title has-background has-text-color has-black-color\" style=\"background-color:#c1d9fe\"><strong>Canasta B\u00e1sica de Prestaciones<\/strong><\/summary><div class=\"wp-block-coblocks-accordion-item__content\" style=\"border-color:#c1d9fe\">\n<ul class=\"wp-block-list\"><li><strong>Consulta m\u00e9dica<\/strong>: hasta 4 (cuatro) por mes por afiliado\/a.<\/li><\/ul>\n\n\n\n<p><\/p>\n\n\n\n<ul class=\"wp-block-list\"><li><strong>Laboratorio<\/strong>: determinaciones incluidas en NBU-PMO-CUBRA (Nomenclador Bioqu\u00edmico Unificado, Programa M\u00e9dico Obligatorio y Confederaci\u00f3n Unificada Bioqu\u00edmica de la Rep\u00fablica Argentina).<\/li><\/ul>\n\n\n\n<p><\/p>\n\n\n\n<ul class=\"wp-block-list\"><li><strong>Radiolog\u00eda<\/strong>: pr\u00e1cticas incluidas en el Nomenclador Nacional. <\/li><\/ul>\n\n\n\n<p><\/p>\n\n\n\n<ul class=\"wp-block-list\"><li><strong>Pr\u00e1cticas m\u00e9dicas ambulatorias<\/strong>: las incluidas en el Nomenclador Nacional.<\/li><\/ul>\n\n\n\n<p><\/p>\n\n\n\n<ul class=\"wp-block-list\"><li><strong>Kinesiolog\u00eda<\/strong>: c\u00f3digos 25.01.01 y 25.01.02, hasta 10 sesiones por mes y 30 totales. <\/li><\/ul>\n\n\n\n<p><\/p>\n\n\n\n<ul class=\"wp-block-list\"><li><strong>Psicolog\u00eda<\/strong>: c\u00f3digos 33.01.01 y 33.01.03, hasta 3 sesiones con el objeto de que el profesional elabore un diagn\u00f3stico del paciente.<\/li><\/ul>\n\n\n\n<p><\/p>\n\n\n\n<ul class=\"wp-block-list\"><li><strong>Fonoaudiolog\u00eda<\/strong>: c\u00f3digos del Nomenclador Nacional, hasta 10 sesiones.<\/li><\/ul>\n\n\n\n<p><\/p>\n\n\n\n<ul class=\"wp-block-list\"><li><strong>Enfermer\u00eda<\/strong>: ambulatoria, c\u00f3digos incluidos en el Nomenclador Nacional.<\/li><\/ul>\n\n\n\n<p><\/p>\n\n\n\n<ul class=\"wp-block-list\"><li><strong>Oftalmolog\u00eda<\/strong>: consultas y urgencias ambulatorias.<\/li><\/ul>\n\n\n\n<p><\/p>\n\n\n\n<ul class=\"wp-block-list\"><li><strong>Odontolog\u00eda<\/strong>: pr\u00e1cticas incluidas en el Nomenclador Nacional (salvo el c\u00f3digo 10.10, cap\u00edtulos 04 y 06 del Nomenclador Nacional).<\/li><\/ul>\n\n\n\n<p><\/p>\n\n\n\n<ul class=\"wp-block-list\"><li><strong>Medicamentos<\/strong>: los reconocidos a los afiliados\/as de la obra social que brinda el servicio, salvo los de Alto Costo como oncol\u00f3gicos, HIV, etc. y en aquellos casos en los que la compra supere el 30% (treinta por ciento) del valor del Salario M\u00ednimo Vital y M\u00f3vil vigente al momento de la facturaci\u00f3n por afiliado\/a.<\/li><\/ul>\n<\/div><\/details><\/div>\n\n\n\n<div class=\"wp-block-coblocks-accordion-item\"><details><summary class=\"wp-block-coblocks-accordion-item__title has-background has-text-color has-black-color\" style=\"background-color:#c1d9fe\"><strong>Provincias<\/strong><\/summary><div class=\"wp-block-coblocks-accordion-item__content\" style=\"border-color:#c1d9fe\">\n<h4 class=\"wp-block-heading\">Chubut<\/h4>\n\n\n\n<p>D.A.S.U &#8211; Obra Social de la Universidad Nacional de la Patagonia San Juan Bosco<br> Mitre 837<br> C.P. 9000 &#8211; Comodoro Rivadavia<br> Tel\u00e9fono: 0297-446-4444<br> E-mail: <a href=\"mailto:info@dasu.com.ar\">info@dasu.com.ar<\/a><\/p>\n\n\n\n<h4 class=\"wp-block-heading\">R\u00edo Negro<\/h4>\n\n\n\n<p>SOSUNC &#8211; Servicio Obra Social Universidad Nacional del Comahue <br>Avenida Argentina  1273 <br>C.P. 8300 &#8211; Neuqu\u00e9n capital <br>Tel\u00e9fono: 0299-4425581<br>E-mail: <a href=\"mailto:info@sosunc.org.ar\">info@sosunc.org.ar<\/a><\/p>\n\n\n\n<h4 class=\"wp-block-heading\">Neuqu\u00e9n<\/h4>\n\n\n\n<p>SOSUNC &#8211; Servicio Obra Social Universidad Nacional del Comahue <br>Avenida Argentina  1273 <br>C.P. 8300 &#8211; Neuqu\u00e9n capital <br>Tel\u00e9fono: 0299-4425581 <br>Horario: de 8 a 15 hs. <br>TeleFax: 0299-4425581 <br>Auditor\u00eda M\u00e9dica: Lunes a Viernes de 9 a 15 hs. <br>Auditoria Salud Mental: Martes y Jueves de 8 a 12 hs.<br>Asesoramiento Odontol\u00f3gico: Martes y Jueves de 10 a 12 hs.<\/p>\n\n\n\n<h4 class=\"wp-block-heading\">Buenos Aires<\/h4>\n\n\n\n<p>D.O.S.U.B.A. &#8211; Obra Social Universidad Nacional de Buenos Aires<br>Uriburu 860 C.P. 1114 <br>Tel\u00e9fono: 011-4508-3528 \/ 011-5648-4223 \/ 0800-122-6822 <br>Sitio web: <a href=\"http:\/\/www.sosunc.org.ar\/dosuba\">www.dosuba.com.ar<\/a><\/p>\n\n\n\n<p>D.A.S.U.Te.N. &#8211; Direcci\u00f3n de Acci\u00f3n Social de la Universidad Tecnol\u00f3gica Nacional<br>Sarmiento  517 &#8211; 7\u00ba Piso <br>C.P. 1041 &#8211; Ciudad Aut\u00f3noma de Buenos Aires <br>Tel\u00e9fono: 011-4394-1788 <br>E-mail: <a href=\"mailto:dasuten@rec.utn.edu.ar\">dasuten@rec.utn.edu.ar <\/a><br><br>S.U.M.A. &#8211; Obra Social de la Universidad Nacional de Mar del Plata <br>Santa Fe 2639 <br>Tel\u00e9fono: 0223-4937371 <br>E-mail: <a href=\"mailto:suma@cybertech.com.ar\">suma@cybertech.com.ar <\/a><br><br>S.S.U.N.L.P. &#8211; Obra Social Universidad Nacional de La Plata <br>Calle 53 N\u00ba 419 (entre 3 y 4)<br> C.P. 1900 &#8211; La Plata &#8211; Buenos Aires <br>Tel\u00e9fono: 0221-4226085<\/p>\n\n\n\n<p>O.S.U.N.L.M. &#8211; Obra Social Universidad Nacional de La Matanza <br>Florencio Varela 1903 <br>C.P. 1754 &#8211; San Justo &#8211; Buenos Aires <br>Tel\u00e9fono: 011-4651-0087 <br>E-mail: <a href=\"mailto:obrasoci@unlm.edu.ar\">obrasoci@unlm.edu.ar <\/a><\/p>\n\n\n\n<p>O.S.P.U.N.C.P.B.A. &#8211; Obra Social de la Universidad Nacional del Centro de la provincia de Buenos Aires <br>Hip\u00f3lito Irigoyen  662 <br>C.P. 7000 &#8211; Tandil <br>Tel\u00e9fono: 02293-431289 <br>E-mail: <a href=\"mailto:obrasoc@rec.unicen.edu.ar\">obrasoc@rec.unicen.edu.ar <\/a><\/p>\n\n\n\n<p>D.A.S.M.I. &#8211; Obra Social de la Universidad Nacional de Luj\u00e1n<br>Constituci\u00f3n 2388 <br>C.P. 6700 &#8211; Luj\u00e1n &#8211; Buenos Aires <br>Tel\u00e9fono: 02323-420579 <br>E-mail:<a href=\"mailto:dasmi@s6.coopenet.com.ar\">dasmi@s6.coopenet.com.ar<\/a><\/p>\n\n\n\n<p>S.O.S.U.N.S. &#8211; Obra Social de la Universidad Nacional del Sur <br>Avenida Col\u00f3n  80 &#8211; 1\u00ba Piso <br>C.P. 8000 &#8211; Bah\u00eda Blanca &#8211; Buenos Aires <br>Tel\u00e9fono: 0291-4526059 <br>E-mail: <a href=\"mailto:sosuns@uns.edu.ar\">sosuns@uns.edu.ar<\/a><\/p>\n\n\n\n<p>OSUNSaM &#8211; Obra Social de la Universidad Nacional de San Mart\u00edn <br>25 de Mayo y Francia (1650) San Mart\u00edn &#8211; Buenos Aires <br>Tel\u00e9fono: 011-40061500 int. 1031. <br>E-mail: <a href=\"mailto:osunsam@unsam.edu.ar\">osunsam@unsam.edu.ar<\/a><\/p>\n\n\n\n<p>OSUNQ &#8211; Obra Social de la Universidad Nacional de Quilmes <br>Roque S\u00e1enz Pe\u00f1a 352, 1\u00ba, aula 70.  (B1876BXD) Buenos Aires <br>Tel\u00e9fono 011- 43657100 <br>E-mail: <a href=\"mailto:osunq@unq.edu.ar\">osunq@unq.edu.ar<\/a><\/p>\n\n\n\n<h4 class=\"wp-block-heading\">Mendoza<\/h4>\n\n\n\n<p>D.A.M.S.U &#8211; Obra Social de la Universidad Nacional de Mendoza<br> Ciudad Universitaria &#8211; Parque General San Mart\u00edn<br> C.P. 5500 &#8211; Mendoza Capital<br> Tel\u00e9fono: 0261-4205335<br> E-mail: <a href=\"mailto:damsu@raiz.uncu.edu.ar\">damsu@raiz.uncu.edu.ar<\/a><\/p>\n\n\n\n<h4 class=\"wp-block-heading\">San Luis<\/h4>\n\n\n\n<p>D.O.S.P.U &#8211; Obra Social de la Universidad Nacional de San Luis <br> C.P. 5700 &#8211; San Luis<br> Tel\u00e9fono: 0266-4422230<br> E-mail: <a href=\"mailto:dospu@unsl.edu.ar\">dospu@unsl.edu.ar<\/a><\/p>\n\n\n\n<h4 class=\"wp-block-heading\">C\u00f3rdoba<\/h4>\n\n\n\n<p>D.A.S.P.U &#8211; Obra Social de la Universidad Nacional de C\u00f3rdoba<br> Avenida Valpara\u00edso S\/N &#8211; Ciudad Universitaria<br> C.P. 5000 &#8211; C\u00f3rdoba<br> Tel\u00e9fono: 0351-4334095<br> E-mail: <a href=\"mailto:daspu@daspu.unc.edu.ar\">daspu@daspu.unc.edu.ar<\/a><\/p>\n\n\n\n<p>A.S.P.U.R.C &#8211; Obra Social de la Universidad Nacional de R\u00edo Cuarto<br> C.P. 5800 &#8211; R\u00edo Cuarto &#8211; C\u00f3rdoba<br> C.P. 5000 &#8211; C\u00f3rdoba<br> Tel\u00e9fono: 0358-4676393<br> E-mail: <a href=\"mailto:aspurc@rec.unrc.edu.ar\">aspurc@rec.unrc.edu.ar<\/a><\/p>\n\n\n\n<h4 class=\"wp-block-heading\">Santa Fe<\/h4>\n\n\n\n<p>O.S.U.N.L &#8211; Obra Social de la Universidad Nacional del Litoral<br> 9 de Julio N\u00ba 2852<br> C.P. 3000 &#8211; Santa Fe<br> Tel\u00e9fono: 0342-4571189<br> E-mail: <a href=\"mailto:osunl@rcc.ar\">osunl@rcc.ar<\/a><\/p>\n\n\n\n<h4 class=\"wp-block-heading\">San Juan<\/h4>\n\n\n\n<p>D.A.M.S.U &#8211; Obra Social de la Universidad Nacional de San Juan <br> Rivadavia  431 &#8211; Este <br> CC.P. 5400 &#8211; San Juan<br> Tel\u00e9fono: 0264-4224318<br> E-mail: <a href=\"mailto:obrasocial@damsusj.com\">obrasocial@damsusj.com<\/a><\/p>\n\n\n\n<h4 class=\"wp-block-heading\">La Rioja<\/h4>\n\n\n\n<p>O.S.U.N.La.R &#8211; Obra Social de la Universidad Nacional de La Rioja <br> Vieytes y Padre Cama\u00f1o <br> C.P. 5300 &#8211; La Rioja<br> Tel\u00e9fono: 03822-464101<br> E-mail: <a href=\"mailto:osunlar@arnet.com.ar\">osunlar@arnet.com.ar<\/a><\/p>\n\n\n\n<h4 class=\"wp-block-heading\">Salta<\/h4>\n\n\n\n<p>O.S.U.N.S &#8211; Obra Social de la Universidad Nacional de Salta <br> Buenos Aires  367<br> C.P. 4400 &#8211; Salta<br> Tel\u00e9fono: 03873-4212240<br> E-mail: <a href=\"mailto:osunsa@unsa.edu.ar\">osunsa@unsa.edu.ar<\/a><\/p>\n\n\n\n<h4 class=\"wp-block-heading\">Misiones<\/h4>\n\n\n\n<p>S.M.A.U.Na.M &#8211; Obra Social de la Universidad Nacional de Misiones<br> Jujuy 1745<br> C.P. 3300 &#8211; Posadas &#8211; Misiones<br> Tel\u00e9fono: 0376-4438504<br> E-mail: <a href=\"mailto:info@smaunam.com.ar\">info@smaunam.com.ar<\/a><\/p>\n<\/div><\/details><\/div>\n\n\n\n<div class=\"wp-block-coblocks-accordion-item\"><details><summary class=\"wp-block-coblocks-accordion-item__title has-background has-text-color has-black-color\" style=\"background-color:#c1d9fe\"><strong> SUMAS  <\/strong><\/summary><div class=\"wp-block-coblocks-accordion-item__content\" style=\"border-color:#c1d9fe\">\n<p>SOSUNC integra el  Sistema Universitario M\u00e9dico Asistencial Solidario, SUMAS, una asociaci\u00f3n civil  integrada por obras sociales universitarias nacionales.<\/p>\n\n\n\n<p>SUMAS cubre, a trav\u00e9s de un fondo com\u00fan solidario, los gastos de  trasplantes, pr\u00f3tesis card\u00edacas&nbsp; y&nbsp; tratamientos de pacientes graves  quemados.<\/p>\n<\/div><\/details><\/div>\n<\/div>\n","protected":false},"excerpt":{"rendered":"<p>SOSUNC tiene convenios de servicios m\u00e9dico-asistenciales con distintas obras sociales de las universidades nacionales del pa\u00eds. Son entidades que est\u00e1n en el COSUN (Consejo de Obras Sociales de Universidades Nacionales) m\u00e1s DOSUBA y DASUTEN. Esto permite la cobertura por reciprocidad de las personas afiliadas a SOSUNC que deben trasladarse a otra provincia.<\/p>\n","protected":false},"author":1,"featured_media":0,"parent":0,"menu_order":0,"comment_status":"closed","ping_status":"closed","template":"","meta":{"_coblocks_attr":"","_coblocks_dimensions":"","_coblocks_responsive_height":"","_coblocks_accordion_ie_support":"","footnotes":""},"class_list":["post-150","page","type-page","status-publish","hentry"],"yoast_head":"<!-- This site is optimized with the Yoast SEO plugin v26.5 - https:\/\/yoast.com\/wordpress\/plugins\/seo\/ -->\n<title>Reciprocidad - SOSUNC<\/title>\n<meta name=\"robots\" content=\"index, follow, max-snippet:-1, max-image-preview:large, max-video-preview:-1\" \/>\n<link rel=\"canonical\" href=\"https:\/\/www.sosunc.org.ar\/web\/?page_id=150\" \/>\n<meta property=\"og:locale\" content=\"es_ES\" \/>\n<meta property=\"og:type\" content=\"article\" \/>\n<meta property=\"og:title\" content=\"Reciprocidad - SOSUNC\" \/>\n<meta property=\"og:description\" content=\"SOSUNC tiene convenios de servicios m\u00e9dico-asistenciales con distintas obras sociales de las universidades nacionales del pa\u00eds. Son entidades que est\u00e1n en el COSUN (Consejo de Obras Sociales de Universidades Nacionales) m\u00e1s DOSUBA y DASUTEN. Esto permite la cobertura por reciprocidad de las personas afiliadas a SOSUNC que deben trasladarse a otra provincia.\" \/>\n<meta property=\"og:url\" content=\"https:\/\/www.sosunc.org.ar\/web\/?page_id=150\" \/>\n<meta property=\"og:site_name\" content=\"SOSUNC\" \/>\n<meta property=\"article:publisher\" content=\"https:\/\/www.facebook.com\/sosunc.unco\" \/>\n<meta property=\"article:modified_time\" content=\"2024-02-15T14:29:24+00:00\" \/>\n<meta property=\"og:image\" content=\"https:\/\/192.9.200.18\/wordpress\/wp-content\/uploads\/2023\/04\/Reciprocidad-portada-1024x646.png\" \/>\n<meta name=\"twitter:card\" content=\"summary_large_image\" \/>\n<meta name=\"twitter:label1\" content=\"Tiempo de lectura\" \/>\n\t<meta name=\"twitter:data1\" content=\"5 minutos\" \/>\n<script type=\"application\/ld+json\" class=\"yoast-schema-graph\">{\"@context\":\"https:\/\/schema.org\",\"@graph\":[{\"@type\":\"WebPage\",\"@id\":\"https:\/\/www.sosunc.org.ar\/web\/?page_id=150\",\"url\":\"https:\/\/www.sosunc.org.ar\/web\/?page_id=150\",\"name\":\"Reciprocidad - SOSUNC\",\"isPartOf\":{\"@id\":\"https:\/\/www.sosunc.org.ar\/web\/#website\"},\"primaryImageOfPage\":{\"@id\":\"https:\/\/www.sosunc.org.ar\/web\/?page_id=150#primaryimage\"},\"image\":{\"@id\":\"https:\/\/www.sosunc.org.ar\/web\/?page_id=150#primaryimage\"},\"thumbnailUrl\":\"https:\/\/192.9.200.18\/wordpress\/wp-content\/uploads\/2023\/04\/Reciprocidad-portada-1024x646.png\",\"datePublished\":\"2020-05-29T22:29:34+00:00\",\"dateModified\":\"2024-02-15T14:29:24+00:00\",\"breadcrumb\":{\"@id\":\"https:\/\/www.sosunc.org.ar\/web\/?page_id=150#breadcrumb\"},\"inLanguage\":\"es-AR\",\"potentialAction\":[{\"@type\":\"ReadAction\",\"target\":[\"https:\/\/www.sosunc.org.ar\/web\/?page_id=150\"]}]},{\"@type\":\"ImageObject\",\"inLanguage\":\"es-AR\",\"@id\":\"https:\/\/www.sosunc.org.ar\/web\/?page_id=150#primaryimage\",\"url\":\"https:\/\/192.9.200.18\/wordpress\/wp-content\/uploads\/2023\/04\/Reciprocidad-portada-1024x646.png\",\"contentUrl\":\"https:\/\/192.9.200.18\/wordpress\/wp-content\/uploads\/2023\/04\/Reciprocidad-portada-1024x646.png\"},{\"@type\":\"BreadcrumbList\",\"@id\":\"https:\/\/www.sosunc.org.ar\/web\/?page_id=150#breadcrumb\",\"itemListElement\":[{\"@type\":\"ListItem\",\"position\":1,\"name\":\"Inicio\",\"item\":\"https:\/\/www.sosunc.org.ar\/web\/\"},{\"@type\":\"ListItem\",\"position\":2,\"name\":\"Reciprocidad\"}]},{\"@type\":\"WebSite\",\"@id\":\"https:\/\/www.sosunc.org.ar\/web\/#website\",\"url\":\"https:\/\/www.sosunc.org.ar\/web\/\",\"name\":\"SOSUNC\",\"description\":\"Servicio de Obra Social de la Universidad Nacional del Comahue\",\"publisher\":{\"@id\":\"https:\/\/www.sosunc.org.ar\/web\/#organization\"},\"potentialAction\":[{\"@type\":\"SearchAction\",\"target\":{\"@type\":\"EntryPoint\",\"urlTemplate\":\"https:\/\/www.sosunc.org.ar\/web\/?s={search_term_string}\"},\"query-input\":{\"@type\":\"PropertyValueSpecification\",\"valueRequired\":true,\"valueName\":\"search_term_string\"}}],\"inLanguage\":\"es-AR\"},{\"@type\":\"Organization\",\"@id\":\"https:\/\/www.sosunc.org.ar\/web\/#organization\",\"name\":\"Servicio de Obra Social Universidad Nacional del Comahue\",\"url\":\"https:\/\/www.sosunc.org.ar\/web\/\",\"logo\":{\"@type\":\"ImageObject\",\"inLanguage\":\"es-AR\",\"@id\":\"https:\/\/www.sosunc.org.ar\/web\/#\/schema\/logo\/image\/\",\"url\":\"https:\/\/192.9.200.18\/wordpress\/wp-content\/uploads\/2022\/06\/logososunc.png\",\"contentUrl\":\"https:\/\/192.9.200.18\/wordpress\/wp-content\/uploads\/2022\/06\/logososunc.png\",\"width\":333,\"height\":333,\"caption\":\"Servicio de Obra Social Universidad Nacional del Comahue\"},\"image\":{\"@id\":\"https:\/\/www.sosunc.org.ar\/web\/#\/schema\/logo\/image\/\"},\"sameAs\":[\"https:\/\/www.facebook.com\/sosunc.unco\"]}]}<\/script>\n<!-- \/ Yoast SEO plugin. -->","yoast_head_json":{"title":"Reciprocidad - SOSUNC","robots":{"index":"index","follow":"follow","max-snippet":"max-snippet:-1","max-image-preview":"max-image-preview:large","max-video-preview":"max-video-preview:-1"},"canonical":"https:\/\/www.sosunc.org.ar\/web\/?page_id=150","og_locale":"es_ES","og_type":"article","og_title":"Reciprocidad - SOSUNC","og_description":"SOSUNC tiene convenios de servicios m\u00e9dico-asistenciales con distintas obras sociales de las universidades nacionales del pa\u00eds. Son entidades que est\u00e1n en el COSUN (Consejo de Obras Sociales de Universidades Nacionales) m\u00e1s DOSUBA y DASUTEN. Esto permite la cobertura por reciprocidad de las personas afiliadas a SOSUNC que deben trasladarse a otra provincia.","og_url":"https:\/\/www.sosunc.org.ar\/web\/?page_id=150","og_site_name":"SOSUNC","article_publisher":"https:\/\/www.facebook.com\/sosunc.unco","article_modified_time":"2024-02-15T14:29:24+00:00","og_image":[{"url":"https:\/\/192.9.200.18\/wordpress\/wp-content\/uploads\/2023\/04\/Reciprocidad-portada-1024x646.png","type":"","width":"","height":""}],"twitter_card":"summary_large_image","twitter_misc":{"Tiempo de lectura":"5 minutos"},"schema":{"@context":"https:\/\/schema.org","@graph":[{"@type":"WebPage","@id":"https:\/\/www.sosunc.org.ar\/web\/?page_id=150","url":"https:\/\/www.sosunc.org.ar\/web\/?page_id=150","name":"Reciprocidad - SOSUNC","isPartOf":{"@id":"https:\/\/www.sosunc.org.ar\/web\/#website"},"primaryImageOfPage":{"@id":"https:\/\/www.sosunc.org.ar\/web\/?page_id=150#primaryimage"},"image":{"@id":"https:\/\/www.sosunc.org.ar\/web\/?page_id=150#primaryimage"},"thumbnailUrl":"https:\/\/192.9.200.18\/wordpress\/wp-content\/uploads\/2023\/04\/Reciprocidad-portada-1024x646.png","datePublished":"2020-05-29T22:29:34+00:00","dateModified":"2024-02-15T14:29:24+00:00","breadcrumb":{"@id":"https:\/\/www.sosunc.org.ar\/web\/?page_id=150#breadcrumb"},"inLanguage":"es-AR","potentialAction":[{"@type":"ReadAction","target":["https:\/\/www.sosunc.org.ar\/web\/?page_id=150"]}]},{"@type":"ImageObject","inLanguage":"es-AR","@id":"https:\/\/www.sosunc.org.ar\/web\/?page_id=150#primaryimage","url":"https:\/\/192.9.200.18\/wordpress\/wp-content\/uploads\/2023\/04\/Reciprocidad-portada-1024x646.png","contentUrl":"https:\/\/192.9.200.18\/wordpress\/wp-content\/uploads\/2023\/04\/Reciprocidad-portada-1024x646.png"},{"@type":"BreadcrumbList","@id":"https:\/\/www.sosunc.org.ar\/web\/?page_id=150#breadcrumb","itemListElement":[{"@type":"ListItem","position":1,"name":"Inicio","item":"https:\/\/www.sosunc.org.ar\/web\/"},{"@type":"ListItem","position":2,"name":"Reciprocidad"}]},{"@type":"WebSite","@id":"https:\/\/www.sosunc.org.ar\/web\/#website","url":"https:\/\/www.sosunc.org.ar\/web\/","name":"SOSUNC","description":"Servicio de Obra Social de la Universidad Nacional del Comahue","publisher":{"@id":"https:\/\/www.sosunc.org.ar\/web\/#organization"},"potentialAction":[{"@type":"SearchAction","target":{"@type":"EntryPoint","urlTemplate":"https:\/\/www.sosunc.org.ar\/web\/?s={search_term_string}"},"query-input":{"@type":"PropertyValueSpecification","valueRequired":true,"valueName":"search_term_string"}}],"inLanguage":"es-AR"},{"@type":"Organization","@id":"https:\/\/www.sosunc.org.ar\/web\/#organization","name":"Servicio de Obra Social Universidad Nacional del Comahue","url":"https:\/\/www.sosunc.org.ar\/web\/","logo":{"@type":"ImageObject","inLanguage":"es-AR","@id":"https:\/\/www.sosunc.org.ar\/web\/#\/schema\/logo\/image\/","url":"https:\/\/192.9.200.18\/wordpress\/wp-content\/uploads\/2022\/06\/logososunc.png","contentUrl":"https:\/\/192.9.200.18\/wordpress\/wp-content\/uploads\/2022\/06\/logososunc.png","width":333,"height":333,"caption":"Servicio de Obra Social Universidad Nacional del Comahue"},"image":{"@id":"https:\/\/www.sosunc.org.ar\/web\/#\/schema\/logo\/image\/"},"sameAs":["https:\/\/www.facebook.com\/sosunc.unco"]}]}},"_links":{"self":[{"href":"https:\/\/www.sosunc.org.ar\/web\/index.php?rest_route=\/wp\/v2\/pages\/150","targetHints":{"allow":["GET"]}}],"collection":[{"href":"https:\/\/www.sosunc.org.ar\/web\/index.php?rest_route=\/wp\/v2\/pages"}],"about":[{"href":"https:\/\/www.sosunc.org.ar\/web\/index.php?rest_route=\/wp\/v2\/types\/page"}],"author":[{"embeddable":true,"href":"https:\/\/www.sosunc.org.ar\/web\/index.php?rest_route=\/wp\/v2\/users\/1"}],"replies":[{"embeddable":true,"href":"https:\/\/www.sosunc.org.ar\/web\/index.php?rest_route=%2Fwp%2Fv2%2Fcomments&post=150"}],"version-history":[{"count":20,"href":"https:\/\/www.sosunc.org.ar\/web\/index.php?rest_route=\/wp\/v2\/pages\/150\/revisions"}],"predecessor-version":[{"id":7008,"href":"https:\/\/www.sosunc.org.ar\/web\/index.php?rest_route=\/wp\/v2\/pages\/150\/revisions\/7008"}],"wp:attachment":[{"href":"https:\/\/www.sosunc.org.ar\/web\/index.php?rest_route=%2Fwp%2Fv2%2Fmedia&parent=150"}],"curies":[{"name":"wp","href":"https:\/\/api.w.org\/{rel}","templated":true}]}}