{"id":1028,"date":"2020-07-29T12:30:42","date_gmt":"2020-07-29T15:30:42","guid":{"rendered":"http:\/\/170.210.80.98:8385\/wordpress\/?page_id=1028"},"modified":"2025-02-27T13:08:40","modified_gmt":"2025-02-27T16:08:40","slug":"tesoreria-prestadores-profesionales","status":"publish","type":"page","link":"https:\/\/www.sosunc.org.ar\/web\/?page_id=1028","title":{"rendered":"Tesorer\u00eda &#8211; Prestadores Profesionales"},"content":{"rendered":"\n<figure class=\"wp-block-image size-large\"><img loading=\"lazy\" decoding=\"async\" width=\"1024\" height=\"646\" src=\"https:\/\/192.9.200.18\/wordpress\/wp-content\/uploads\/2023\/05\/Tesoreria-portada-1-1024x646.png\" alt=\"\" class=\"wp-image-5979\" srcset=\"http:\/\/192.9.200.18\/wordpress\/wp-content\/uploads\/2023\/05\/Tesoreria-portada-1-1024x646.png 1024w, http:\/\/192.9.200.18\/wordpress\/wp-content\/uploads\/2023\/05\/Tesoreria-portada-1-300x189.png 300w, http:\/\/192.9.200.18\/wordpress\/wp-content\/uploads\/2023\/05\/Tesoreria-portada-1-768x485.png 768w, http:\/\/192.9.200.18\/wordpress\/wp-content\/uploads\/2023\/05\/Tesoreria-portada-1.png 1333w\" sizes=\"auto, (max-width: 1024px) 100vw, 1024px\" \/><\/figure>\n\n\n\n<p>Los prestadores de nuestra obra social pueden acceder de manera virtual a la documentaci\u00f3n sobre los pagos requeridos a SOSUNC. Desde la plataforma de Siges Web, pueden ver y descargar los siguientes documentos:<\/p>\n\n\n\n<ul class=\"wp-block-list is-style-default\">\n<li><strong>D\u00e9bitos<\/strong>:  Acceso al registro de d\u00e9bitos. Pueden ver y descargar los desgloses efectuados en la facturaci\u00f3n.<\/li>\n\n\n\n<li><strong>Retenciones<\/strong>: Ver y descargar el Certificado Retenci\u00f3n. Sosunc, como Agente de Retenci\u00f3n de Ganancias, practicar\u00e1 la RG a sujetos pasibles. En caso de contar con una exenci\u00f3n impositiva, comunicarse con Atenci\u00f3n a Proveedores, a fin de actualizar datos.<\/li>\n\n\n\n<li><strong>Pagos<\/strong>: Se puede ver y descargar las \u00f3rdenes de pago emitidas por SOSUNC.<\/li>\n<\/ul>\n\n\n\n<p class=\"has-white-color has-text-color\">.<\/p>\n\n\n\n<h4 class=\"wp-block-heading has-text-color\" style=\"color:#01114c\"><strong>Acceso a SOSUNC.M\u00f3vil<\/strong><\/h4>\n\n\n\n<p>Para ingresar a SOSUNC.M\u00f3vil por primera vez, tiene que escribir su usuario y contrase\u00f1a de la siguiente manera:<\/p>\n\n\n\n<ul class=\"wp-block-list\">\n<li><strong>Usuario: <\/strong>CUIT con guiones<\/li>\n\n\n\n<li><strong>Contrase\u00f1a:<\/strong> CUIT con guiones<\/li>\n<\/ul>\n\n\n\n<p>Luego del primer ingreso, puede cambiarlos y definir el nombre de usuario y la contrase\u00f1a que desee.<\/p>\n\n\n\n<p class=\"has-white-color has-text-color\">.<\/p>\n\n\n\n<h4 class=\"wp-block-heading has-text-color\" style=\"color:#01114c\"><strong>Atenci\u00f3n a proveedores<\/strong><\/h4>\n\n\n\n<p>Lunes, mi\u00e9rcoles y viernes, de 8 a 15 hs.<\/p>\n\n\n\n<p>Tel\u00e9fono: <a data-type=\"URL\" data-id=\"299-5759076\" href=\"http:\/\/299-5759076\">299-5759076<\/a><\/p>\n\n\n\n<p>Correo electr\u00f3nico:  proveedores@sosunc.org.ar<\/p>\n\n\n\n<div class=\"wp-block-coblocks-accordion\">\n<div class=\"wp-block-coblocks-accordion-item\"><\/div>\n<\/div>\n","protected":false},"excerpt":{"rendered":"<p>Los prestadores de nuestra obra social pueden acceder de manera virtual a la documentaci\u00f3n sobre los pagos requeridos a SOSUNC. Desde la plataforma de Siges Web, pueden ver y descargar los siguientes documentos: . Acceso a SOSUNC.M\u00f3vil Para ingresar a SOSUNC.M\u00f3vil por primera vez, tiene que escribir su usuario y contrase\u00f1a de la siguiente manera: [&hellip;]<\/p>\n","protected":false},"author":1,"featured_media":0,"parent":0,"menu_order":0,"comment_status":"closed","ping_status":"closed","template":"","meta":{"_coblocks_attr":"","_coblocks_dimensions":"","_coblocks_responsive_height":"","_coblocks_accordion_ie_support":"","footnotes":""},"class_list":["post-1028","page","type-page","status-publish","hentry"],"yoast_head":"<!-- This site is optimized with the Yoast SEO plugin v26.5 - https:\/\/yoast.com\/wordpress\/plugins\/seo\/ -->\n<title>Tesorer\u00eda - Prestadores Profesionales - SOSUNC<\/title>\n<meta name=\"robots\" content=\"index, follow, max-snippet:-1, max-image-preview:large, max-video-preview:-1\" \/>\n<link rel=\"canonical\" href=\"https:\/\/www.sosunc.org.ar\/web\/?page_id=1028\" \/>\n<meta property=\"og:locale\" content=\"es_ES\" \/>\n<meta property=\"og:type\" content=\"article\" \/>\n<meta property=\"og:title\" content=\"Tesorer\u00eda - Prestadores Profesionales - SOSUNC\" \/>\n<meta property=\"og:description\" content=\"Los prestadores de nuestra obra social pueden acceder de manera virtual a la documentaci\u00f3n sobre los pagos requeridos a SOSUNC. Desde la plataforma de Siges Web, pueden ver y descargar los siguientes documentos: . Acceso a SOSUNC.M\u00f3vil Para ingresar a SOSUNC.M\u00f3vil por primera vez, tiene que escribir su usuario y contrase\u00f1a de la siguiente manera: [&hellip;]\" \/>\n<meta property=\"og:url\" content=\"https:\/\/www.sosunc.org.ar\/web\/?page_id=1028\" \/>\n<meta property=\"og:site_name\" content=\"SOSUNC\" \/>\n<meta property=\"article:publisher\" content=\"https:\/\/www.facebook.com\/sosunc.unco\" \/>\n<meta property=\"article:modified_time\" content=\"2025-02-27T16:08:40+00:00\" \/>\n<meta property=\"og:image\" content=\"https:\/\/192.9.200.18\/wordpress\/wp-content\/uploads\/2023\/05\/Tesoreria-portada-1.png\" \/>\n\t<meta property=\"og:image:width\" content=\"1333\" \/>\n\t<meta property=\"og:image:height\" content=\"841\" \/>\n\t<meta property=\"og:image:type\" content=\"image\/png\" \/>\n<meta name=\"twitter:card\" content=\"summary_large_image\" \/>\n<meta name=\"twitter:label1\" content=\"Tiempo de lectura\" \/>\n\t<meta name=\"twitter:data1\" content=\"1 minuto\" \/>\n<script type=\"application\/ld+json\" class=\"yoast-schema-graph\">{\"@context\":\"https:\/\/schema.org\",\"@graph\":[{\"@type\":\"WebPage\",\"@id\":\"https:\/\/www.sosunc.org.ar\/web\/?page_id=1028\",\"url\":\"https:\/\/www.sosunc.org.ar\/web\/?page_id=1028\",\"name\":\"Tesorer\u00eda - Prestadores Profesionales - SOSUNC\",\"isPartOf\":{\"@id\":\"https:\/\/www.sosunc.org.ar\/web\/#website\"},\"primaryImageOfPage\":{\"@id\":\"https:\/\/www.sosunc.org.ar\/web\/?page_id=1028#primaryimage\"},\"image\":{\"@id\":\"https:\/\/www.sosunc.org.ar\/web\/?page_id=1028#primaryimage\"},\"thumbnailUrl\":\"https:\/\/192.9.200.18\/wordpress\/wp-content\/uploads\/2023\/05\/Tesoreria-portada-1-1024x646.png\",\"datePublished\":\"2020-07-29T15:30:42+00:00\",\"dateModified\":\"2025-02-27T16:08:40+00:00\",\"breadcrumb\":{\"@id\":\"https:\/\/www.sosunc.org.ar\/web\/?page_id=1028#breadcrumb\"},\"inLanguage\":\"es-AR\",\"potentialAction\":[{\"@type\":\"ReadAction\",\"target\":[\"https:\/\/www.sosunc.org.ar\/web\/?page_id=1028\"]}]},{\"@type\":\"ImageObject\",\"inLanguage\":\"es-AR\",\"@id\":\"https:\/\/www.sosunc.org.ar\/web\/?page_id=1028#primaryimage\",\"url\":\"https:\/\/192.9.200.18\/wordpress\/wp-content\/uploads\/2023\/05\/Tesoreria-portada-1-1024x646.png\",\"contentUrl\":\"https:\/\/192.9.200.18\/wordpress\/wp-content\/uploads\/2023\/05\/Tesoreria-portada-1-1024x646.png\"},{\"@type\":\"BreadcrumbList\",\"@id\":\"https:\/\/www.sosunc.org.ar\/web\/?page_id=1028#breadcrumb\",\"itemListElement\":[{\"@type\":\"ListItem\",\"position\":1,\"name\":\"Inicio\",\"item\":\"https:\/\/www.sosunc.org.ar\/web\/\"},{\"@type\":\"ListItem\",\"position\":2,\"name\":\"Tesorer\u00eda &#8211; Prestadores Profesionales\"}]},{\"@type\":\"WebSite\",\"@id\":\"https:\/\/www.sosunc.org.ar\/web\/#website\",\"url\":\"https:\/\/www.sosunc.org.ar\/web\/\",\"name\":\"SOSUNC\",\"description\":\"Servicio de Obra Social de la Universidad Nacional del Comahue\",\"publisher\":{\"@id\":\"https:\/\/www.sosunc.org.ar\/web\/#organization\"},\"potentialAction\":[{\"@type\":\"SearchAction\",\"target\":{\"@type\":\"EntryPoint\",\"urlTemplate\":\"https:\/\/www.sosunc.org.ar\/web\/?s={search_term_string}\"},\"query-input\":{\"@type\":\"PropertyValueSpecification\",\"valueRequired\":true,\"valueName\":\"search_term_string\"}}],\"inLanguage\":\"es-AR\"},{\"@type\":\"Organization\",\"@id\":\"https:\/\/www.sosunc.org.ar\/web\/#organization\",\"name\":\"Servicio de Obra Social Universidad Nacional del Comahue\",\"url\":\"https:\/\/www.sosunc.org.ar\/web\/\",\"logo\":{\"@type\":\"ImageObject\",\"inLanguage\":\"es-AR\",\"@id\":\"https:\/\/www.sosunc.org.ar\/web\/#\/schema\/logo\/image\/\",\"url\":\"https:\/\/192.9.200.18\/wordpress\/wp-content\/uploads\/2022\/06\/logososunc.png\",\"contentUrl\":\"https:\/\/192.9.200.18\/wordpress\/wp-content\/uploads\/2022\/06\/logososunc.png\",\"width\":333,\"height\":333,\"caption\":\"Servicio de Obra Social Universidad Nacional del Comahue\"},\"image\":{\"@id\":\"https:\/\/www.sosunc.org.ar\/web\/#\/schema\/logo\/image\/\"},\"sameAs\":[\"https:\/\/www.facebook.com\/sosunc.unco\"]}]}<\/script>\n<!-- \/ Yoast SEO plugin. -->","yoast_head_json":{"title":"Tesorer\u00eda - Prestadores Profesionales - SOSUNC","robots":{"index":"index","follow":"follow","max-snippet":"max-snippet:-1","max-image-preview":"max-image-preview:large","max-video-preview":"max-video-preview:-1"},"canonical":"https:\/\/www.sosunc.org.ar\/web\/?page_id=1028","og_locale":"es_ES","og_type":"article","og_title":"Tesorer\u00eda - Prestadores Profesionales - SOSUNC","og_description":"Los prestadores de nuestra obra social pueden acceder de manera virtual a la documentaci\u00f3n sobre los pagos requeridos a SOSUNC. Desde la plataforma de Siges Web, pueden ver y descargar los siguientes documentos: . Acceso a SOSUNC.M\u00f3vil Para ingresar a SOSUNC.M\u00f3vil por primera vez, tiene que escribir su usuario y contrase\u00f1a de la siguiente manera: [&hellip;]","og_url":"https:\/\/www.sosunc.org.ar\/web\/?page_id=1028","og_site_name":"SOSUNC","article_publisher":"https:\/\/www.facebook.com\/sosunc.unco","article_modified_time":"2025-02-27T16:08:40+00:00","og_image":[{"width":1333,"height":841,"url":"https:\/\/192.9.200.18\/wordpress\/wp-content\/uploads\/2023\/05\/Tesoreria-portada-1.png","type":"image\/png"}],"twitter_card":"summary_large_image","twitter_misc":{"Tiempo de lectura":"1 minuto"},"schema":{"@context":"https:\/\/schema.org","@graph":[{"@type":"WebPage","@id":"https:\/\/www.sosunc.org.ar\/web\/?page_id=1028","url":"https:\/\/www.sosunc.org.ar\/web\/?page_id=1028","name":"Tesorer\u00eda - Prestadores Profesionales - SOSUNC","isPartOf":{"@id":"https:\/\/www.sosunc.org.ar\/web\/#website"},"primaryImageOfPage":{"@id":"https:\/\/www.sosunc.org.ar\/web\/?page_id=1028#primaryimage"},"image":{"@id":"https:\/\/www.sosunc.org.ar\/web\/?page_id=1028#primaryimage"},"thumbnailUrl":"https:\/\/192.9.200.18\/wordpress\/wp-content\/uploads\/2023\/05\/Tesoreria-portada-1-1024x646.png","datePublished":"2020-07-29T15:30:42+00:00","dateModified":"2025-02-27T16:08:40+00:00","breadcrumb":{"@id":"https:\/\/www.sosunc.org.ar\/web\/?page_id=1028#breadcrumb"},"inLanguage":"es-AR","potentialAction":[{"@type":"ReadAction","target":["https:\/\/www.sosunc.org.ar\/web\/?page_id=1028"]}]},{"@type":"ImageObject","inLanguage":"es-AR","@id":"https:\/\/www.sosunc.org.ar\/web\/?page_id=1028#primaryimage","url":"https:\/\/192.9.200.18\/wordpress\/wp-content\/uploads\/2023\/05\/Tesoreria-portada-1-1024x646.png","contentUrl":"https:\/\/192.9.200.18\/wordpress\/wp-content\/uploads\/2023\/05\/Tesoreria-portada-1-1024x646.png"},{"@type":"BreadcrumbList","@id":"https:\/\/www.sosunc.org.ar\/web\/?page_id=1028#breadcrumb","itemListElement":[{"@type":"ListItem","position":1,"name":"Inicio","item":"https:\/\/www.sosunc.org.ar\/web\/"},{"@type":"ListItem","position":2,"name":"Tesorer\u00eda &#8211; Prestadores Profesionales"}]},{"@type":"WebSite","@id":"https:\/\/www.sosunc.org.ar\/web\/#website","url":"https:\/\/www.sosunc.org.ar\/web\/","name":"SOSUNC","description":"Servicio de Obra Social de la Universidad Nacional del Comahue","publisher":{"@id":"https:\/\/www.sosunc.org.ar\/web\/#organization"},"potentialAction":[{"@type":"SearchAction","target":{"@type":"EntryPoint","urlTemplate":"https:\/\/www.sosunc.org.ar\/web\/?s={search_term_string}"},"query-input":{"@type":"PropertyValueSpecification","valueRequired":true,"valueName":"search_term_string"}}],"inLanguage":"es-AR"},{"@type":"Organization","@id":"https:\/\/www.sosunc.org.ar\/web\/#organization","name":"Servicio de Obra Social Universidad Nacional del Comahue","url":"https:\/\/www.sosunc.org.ar\/web\/","logo":{"@type":"ImageObject","inLanguage":"es-AR","@id":"https:\/\/www.sosunc.org.ar\/web\/#\/schema\/logo\/image\/","url":"https:\/\/192.9.200.18\/wordpress\/wp-content\/uploads\/2022\/06\/logososunc.png","contentUrl":"https:\/\/192.9.200.18\/wordpress\/wp-content\/uploads\/2022\/06\/logososunc.png","width":333,"height":333,"caption":"Servicio de Obra Social Universidad Nacional del Comahue"},"image":{"@id":"https:\/\/www.sosunc.org.ar\/web\/#\/schema\/logo\/image\/"},"sameAs":["https:\/\/www.facebook.com\/sosunc.unco"]}]}},"_links":{"self":[{"href":"https:\/\/www.sosunc.org.ar\/web\/index.php?rest_route=\/wp\/v2\/pages\/1028","targetHints":{"allow":["GET"]}}],"collection":[{"href":"https:\/\/www.sosunc.org.ar\/web\/index.php?rest_route=\/wp\/v2\/pages"}],"about":[{"href":"https:\/\/www.sosunc.org.ar\/web\/index.php?rest_route=\/wp\/v2\/types\/page"}],"author":[{"embeddable":true,"href":"https:\/\/www.sosunc.org.ar\/web\/index.php?rest_route=\/wp\/v2\/users\/1"}],"replies":[{"embeddable":true,"href":"https:\/\/www.sosunc.org.ar\/web\/index.php?rest_route=%2Fwp%2Fv2%2Fcomments&post=1028"}],"version-history":[{"count":12,"href":"https:\/\/www.sosunc.org.ar\/web\/index.php?rest_route=\/wp\/v2\/pages\/1028\/revisions"}],"predecessor-version":[{"id":8805,"href":"https:\/\/www.sosunc.org.ar\/web\/index.php?rest_route=\/wp\/v2\/pages\/1028\/revisions\/8805"}],"wp:attachment":[{"href":"https:\/\/www.sosunc.org.ar\/web\/index.php?rest_route=%2Fwp%2Fv2%2Fmedia&parent=1028"}],"curies":[{"name":"wp","href":"https:\/\/api.w.org\/{rel}","templated":true}]}}